{"id":1606,"date":"2024-06-25T17:56:13","date_gmt":"2024-06-25T15:56:13","guid":{"rendered":"https:\/\/rubautarres.com\/accion-social\/"},"modified":"2025-02-06T15:28:23","modified_gmt":"2025-02-06T14:28:23","slug":"accion-social","status":"publish","type":"page","link":"https:\/\/rubautarres.com\/es\/accion-social\/","title":{"rendered":"Acci\u00f3n social"},"content":{"rendered":"<p>[et_pb_section fb_built=\u00bb1&#8243; custom_padding_last_edited=\u00bbon|tablet\u00bb _builder_version=\u00bb4.25.2&#8243; _module_preset=\u00bbdefault\u00bb custom_padding=\u00bb||160px||false|false\u00bb custom_padding_tablet=\u00bb||80px||false|false\u00bb custom_padding_phone=\u00bb||80px||false|false\u00bb global_colors_info=\u00bb{}\u00bb][et_pb_row column_structure=\u00bb1_2,1_2&#8243; make_equal=\u00bbon\u00bb custom_padding_last_edited=\u00bbon|tablet\u00bb module_class=\u00bbrow-reverse-res-tablet row-reverse-res\u00bb _builder_version=\u00bb4.27.4&#8243; _module_preset=\u00bbdefault\u00bb custom_padding=\u00bb100px||0px||false|false\u00bb custom_padding_tablet=\u00bb0px||0px||false|false\u00bb custom_padding_phone=\u00bb0px||0px||false|false\u00bb global_colors_info=\u00bb{}\u00bb][et_pb_column type=\u00bb1_2&#8243; _builder_version=\u00bb4.25.2&#8243; _module_preset=\u00bbdefault\u00bb global_colors_info=\u00bb{}\u00bb][et_pb_text module_class=\u00bbtitle-separator-animation\u00bb _builder_version=\u00bb4.25.2&#8243; _module_preset=\u00bbdefault\u00bb custom_margin=\u00bb||10px||false|false\u00bb global_colors_info=\u00bb{}\u00bb]<\/p>\n<h5>Nuestro compromiso<\/h5>\n<p>[\/et_pb_text][et_pb_text module_class=\u00bbtitle-separator-animation\u00bb _builder_version=\u00bb4.25.2&#8243; _module_preset=\u00bbdefault\u00bb width=\u00bb85%\u00bb custom_margin=\u00bb||20px||false|false\u00bb custom_padding=\u00bb||0px||false|false\u00bb header_font_size_tablet=\u00bb\u00bb header_font_size_phone=\u00bb44px\u00bb header_font_size_last_edited=\u00bbon|phone\u00bb global_colors_info=\u00bb{}\u00bb]<\/p>\n<h1>Acci\u00f3n social y medioambiental<\/h1>\n<p>[\/et_pb_text][et_pb_text _builder_version=\u00bb4.27.4&#8243; _module_preset=\u00bbdefault\u00bb custom_margin=\u00bb||0px||false|false\u00bb global_colors_info=\u00bb{}\u00bb]<\/p>\n<p>En Rubau Tarr\u00e9s, entendemos que nuestro papel como empresa va m\u00e1s all\u00e1 de la construcci\u00f3n. Nos sentimos comprometidos con la sociedad y trabajamos activamente para contribuir al bienestar de la comunidad. <\/p>\n<p>Nuestro compromiso social se refleja en diversas iniciativas que abarcan la cultura, la salud y el deporte, \u00e1mbitos que consideramos fundamentales para el desarrollo integral de las personas. Nos implicamos en proyectos que promueven la inclusi\u00f3n, mejora de la calidad de vida y fomento de valores positivos, colaborando con entidades e instituciones que comparten nuestra visi\u00f3n de un futuro m\u00e1s sostenible y justo. <\/p>\n<p>En cada proyecto que desarrollamos, integramos un firme compromiso con la sostenibilidad medioambiental, orientado a reducir nuestra huella de carbono y a promover pr\u00e1cticas responsables con el entorno. Fomentamos la recuperaci\u00f3n y reutilizaci\u00f3n de materiales reciclados, aplicando procesos innovadores que optimizan recursos y minimizan desperdicios. Adem\u00e1s, priorizamos el uso de materias primas de proximidad, reduciendo el impacto del transporte y contribuyendo al desarrollo de las econom\u00edas locales. Este enfoque no solo refuerza nuestro compromiso con el medio ambiente, sino que tambi\u00e9n asegura que nuestras obras sean un ejemplo de sostenibilidad y respeto por el planeta.   <\/p>\n<p>[\/et_pb_text][\/et_pb_column][et_pb_column type=\u00bb1_2&#8243; _builder_version=\u00bb4.27.4&#8243; _module_preset=\u00bbdefault\u00bb background_image=\u00bbhttps:\/\/rubautarres.com\/wp-content\/uploads\/2024\/12\/F0526_20221015_560.jpg\u00bb border_radii=\u00bbon|20px|20px|20px|20px\u00bb global_colors_info=\u00bb{}\u00bb][et_pb_divider show_divider=\u00bboff\u00bb _builder_version=\u00bb4.27.4&#8243; _module_preset=\u00bbdefault\u00bb background_enable_image=\u00bboff\u00bb border_radii=\u00bbon|10px|10px|10px|10px\u00bb min_height=\u00bb600px\u00bb min_height_tablet=\u00bb600px\u00bb min_height_phone=\u00bb400px\u00bb min_height_last_edited=\u00bbon|phone\u00bb custom_margin_tablet=\u00bb||32px||false|false\u00bb custom_margin_phone=\u00bb||32px||false|false\u00bb custom_margin_last_edited=\u00bbon|tablet\u00bb custom_padding=\u00bb||||false|false\u00bb animation_style=\u00bbslide\u00bb animation_direction=\u00bbbottom\u00bb animation_duration=\u00bb600ms\u00bb animation_intensity_slide=\u00bb8%\u00bb global_colors_info=\u00bb{}\u00bb][\/et_pb_divider][\/et_pb_column][\/et_pb_row][\/et_pb_section][et_pb_section fb_built=\u00bb1&#8243; _builder_version=\u00bb4.25.2&#8243; _module_preset=\u00bbdefault\u00bb background_color=\u00bb#FFFFFF\u00bb border_radii=\u00bboff|50px|50px||\u00bb custom_padding=\u00bb||||false|false\u00bb global_colors_info=\u00bb{}\u00bb][et_pb_row column_structure=\u00bb3_5,2_5&#8243; make_equal=\u00bbon\u00bb module_class=\u00bbalign-center\u00bb _builder_version=\u00bb4.25.2&#8243; _module_preset=\u00bbdefault\u00bb background_color=\u00bbRGBA(255,255,255,0)\u00bb custom_margin=\u00bb||0px||false|false\u00bb custom_padding=\u00bb||0px||false|false\u00bb global_colors_info=\u00bb{}\u00bb][et_pb_column type=\u00bb3_5&#8243; _builder_version=\u00bb4.25.2&#8243; _module_preset=\u00bbdefault\u00bb background_color=\u00bbRGBA(255,255,255,0)\u00bb custom_padding=\u00bb||||false|false\u00bb global_colors_info=\u00bb{}\u00bb][et_pb_text module_class=\u00bbtitle-separator-animation\u00bb _builder_version=\u00bb4.25.2&#8243; _module_preset=\u00bbdefault\u00bb custom_margin=\u00bb||10px||false|false\u00bb global_colors_info=\u00bb{}\u00bb]<\/p>\n<h5>Acciones<\/h5>\n<p>[\/et_pb_text][et_pb_text module_class=\u00bbtitle-separator-animation\u00bb _builder_version=\u00bb4.25.2&#8243; _module_preset=\u00bbdefault\u00bb width=\u00bb79%\u00bb custom_margin=\u00bb||0px||false|false\u00bb custom_padding=\u00bb||0px||false|false\u00bb header_2_font_size_tablet=\u00bb\u00bb header_2_font_size_phone=\u00bb36px\u00bb header_2_font_size_last_edited=\u00bbon|phone\u00bb global_colors_info=\u00bb{}\u00bb]<\/p>\n<h2><span>Cultura, Salud<br \/>y Deporte<\/span><\/h2>\n<p>[\/et_pb_text][\/et_pb_column][et_pb_column type=\u00bb2_5&#8243; _builder_version=\u00bb4.25.2&#8243; _module_preset=\u00bbdefault\u00bb background_color=\u00bbRGBA(255,255,255,0)\u00bb custom_padding=\u00bb4%|4%|4%|4%|false|false\u00bb global_colors_info=\u00bb{}\u00bb][\/et_pb_column][\/et_pb_row][et_pb_row column_structure=\u00bb1_3,1_3,1_3&#8243; use_custom_gutter=\u00bbon\u00bb gutter_width=\u00bb2&#8243; make_equal=\u00bbon\u00bb module_class=\u00bbtitle-separator-animation\u00bb _builder_version=\u00bb4.27.4&#8243; _module_preset=\u00bbdefault\u00bb module_alignment=\u00bbcenter\u00bb custom_margin=\u00bb2em||0.5em||false|false\u00bb global_colors_info=\u00bb{}\u00bb][et_pb_column type=\u00bb1_3&#8243; _builder_version=\u00bb4.25.2&#8243; _module_preset=\u00bbdefault\u00bb background_color=\u00bb#F2F5F9&#8243; border_radii=\u00bbon|20px|20px|20px|20px\u00bb custom_padding=\u00bb||||false|false\u00bb global_colors_info=\u00bb{}\u00bb][et_pb_image src=\u00bbhttps:\/\/rubautarres.com\/wp-content\/uploads\/2024\/07\/investigacio_lupus2-min-e1719938074147.png\u00bb title_text=\u00bbinvestigacio_lupus2-min\u00bb force_fullwidth=\u00bbon\u00bb _builder_version=\u00bb4.25.2&#8243; _module_preset=\u00bbdefault\u00bb border_radii=\u00bboff|20px|20px|0px|0px\u00bb scroll_vertical_motion_enable=\u00bbon\u00bb scroll_vertical_motion=\u00bb0|15|15|100|1|0|0&#8243; scroll_fade_enable=\u00bbon\u00bb global_colors_info=\u00bb{}\u00bb][\/et_pb_image][et_pb_text module_class=\u00bbtitle-separator-animation\u00bb _builder_version=\u00bb4.27.4&#8243; _module_preset=\u00bbdefault\u00bb text_font_size=\u00bb20px\u00bb header_2_font_size=\u00bb42px\u00bb header_3_font_size=\u00bb28px\u00bb module_alignment=\u00bbcenter\u00bb custom_margin=\u00bb||auto||false|false\u00bb custom_padding=\u00bb30px|30px|0px|30px|false|false\u00bb animation_direction=\u00bbbottom\u00bb global_colors_info=\u00bb{}\u00bb]<\/p>\n<h3>Sant Joan de D\u00e9u<\/h3>\n<p>[\/et_pb_text][et_pb_text _builder_version=\u00bb4.25.2&#8243; _module_preset=\u00bbdefault\u00bb text_font_size=\u00bb18px\u00bb header_2_font_size=\u00bb42px\u00bb module_alignment=\u00bbcenter\u00bb custom_margin=\u00bb||auto||false|false\u00bb custom_padding=\u00bb|30px|30px|30px|false|false\u00bb global_colors_info=\u00bb{}\u00bb]<\/p>\n<p>Rubau Tarr\u00e9s y la Fundaci\u00f3n A. Bosch han firmado un acuerdo de colaboraci\u00f3n para los pr\u00f3ximos 3 a\u00f1os. La empresa constructora gerundense Rubau Tarr\u00e9s se sumar\u00e1 a la difusi\u00f3n de los valores y la labor de la Fundaci\u00f3n y colaborar\u00e1 econ\u00f3micamente con las iniciativas que impulsa la misma en el Hospital Vall de Hebr\u00f3n. Concretamente, la aportaci\u00f3n econ\u00f3mica se destinar\u00e1 al proyecto vigente de reforma, adecuaci\u00f3n y ampliaci\u00f3n del \u00e1rea de trasplante de progenitores hematopoy\u00e9ticos pedi\u00e1tricos.  <\/p>\n<p>[\/et_pb_text][\/et_pb_column][et_pb_column type=\u00bb1_3&#8243; _builder_version=\u00bb4.25.2&#8243; _module_preset=\u00bbdefault\u00bb background_color=\u00bbRGBA(255,255,255,0)\u00bb border_radii=\u00bbon|20px|20px|20px|20px\u00bb custom_padding=\u00bb||||false|false\u00bb global_colors_info=\u00bb{}\u00bb][\/et_pb_column][et_pb_column type=\u00bb1_3&#8243; _builder_version=\u00bb4.27.4&#8243; _module_preset=\u00bbdefault\u00bb global_colors_info=\u00bb{}\u00bb][\/et_pb_column][\/et_pb_row][\/et_pb_section]<\/p>\n","protected":false},"excerpt":{"rendered":"<p>Nuestro compromisoAcci\u00f3n social y medioambientalEn Rubau Tarr\u00e9s, entendemos que nuestro papel como empresa va m\u00e1s all\u00e1 de la construcci\u00f3n. Nos sentimos comprometidos con la sociedad y trabajamos activamente para contribuir al bienestar de la comunidad. Nuestro compromiso social se refleja en diversas iniciativas que abarcan la cultura, la salud y el deporte, \u00e1mbitos que consideramos fundamentales para el desarrollo integral de las personas. Nos implicamos en proyectos que promueven la inclusi\u00f3n, mejora de la calidad de vida y fomento de valores positivos, colaborando con entidades e instituciones que comparten nuestra visi\u00f3n de un futuro m\u00e1s sostenible y justo. En cada proyecto que desarrollamos, integramos un firme compromiso con la sostenibilidad medioambiental, orientado a reducir nuestra huella de carbono y a promover pr\u00e1cticas responsables con el entorno. Fomentamos la recuperaci\u00f3n y reutilizaci\u00f3n de materiales reciclados, aplicando procesos innovadores que optimizan recursos y minimizan desperdicios. Adem\u00e1s, priorizamos el uso de materias primas de proximidad, reduciendo el impacto del transporte y contribuyendo al desarrollo de las econom\u00edas locales. Este enfoque no solo refuerza nuestro compromiso con el medio ambiente, sino que tambi\u00e9n asegura que nuestras obras sean un ejemplo de sostenibilidad y respeto por el planeta. AccionesCultura, Saludy DeporteSant Joan de D\u00e9uRubau Tarr\u00e9s [&hellip;]<\/p>\n","protected":false},"author":2,"featured_media":0,"parent":0,"menu_order":0,"comment_status":"closed","ping_status":"closed","template":"","meta":{"_acf_changed":false,"_et_pb_use_builder":"on","_et_pb_old_content":"","_et_gb_content_width":"","footnotes":""},"class_list":["post-1606","page","type-page","status-publish","hentry"],"acf":[],"yoast_head":"<!-- This site is optimized with the Yoast SEO plugin v27.4 - https:\/\/yoast.com\/product\/yoast-seo-wordpress\/ -->\n<title>Acci\u00f3n social - Rubau Tarr\u00e8s<\/title>\n<meta name=\"robots\" content=\"index, follow, max-snippet:-1, max-image-preview:large, max-video-preview:-1\" \/>\n<link rel=\"canonical\" href=\"https:\/\/rubautarres.com\/es\/accion-social\/\" \/>\n<meta property=\"og:locale\" content=\"es_ES\" \/>\n<meta property=\"og:type\" content=\"article\" \/>\n<meta property=\"og:title\" content=\"Acci\u00f3n social - Rubau Tarr\u00e8s\" \/>\n<meta property=\"og:description\" content=\"Nuestro compromisoAcci\u00f3n social y medioambientalEn Rubau Tarr\u00e9s, entendemos que nuestro papel como empresa va m\u00e1s all\u00e1 de la construcci\u00f3n. Nos sentimos comprometidos con la sociedad y trabajamos activamente para contribuir al bienestar de la comunidad. Nuestro compromiso social se refleja en diversas iniciativas que abarcan la cultura, la salud y el deporte, \u00e1mbitos que consideramos fundamentales para el desarrollo integral de las personas. Nos implicamos en proyectos que promueven la inclusi\u00f3n, mejora de la calidad de vida y fomento de valores positivos, colaborando con entidades e instituciones que comparten nuestra visi\u00f3n de un futuro m\u00e1s sostenible y justo. En cada proyecto que desarrollamos, integramos un firme compromiso con la sostenibilidad medioambiental, orientado a reducir nuestra huella de carbono y a promover pr\u00e1cticas responsables con el entorno. Fomentamos la recuperaci\u00f3n y reutilizaci\u00f3n de materiales reciclados, aplicando procesos innovadores que optimizan recursos y minimizan desperdicios. Adem\u00e1s, priorizamos el uso de materias primas de proximidad, reduciendo el impacto del transporte y contribuyendo al desarrollo de las econom\u00edas locales. Este enfoque no solo refuerza nuestro compromiso con el medio ambiente, sino que tambi\u00e9n asegura que nuestras obras sean un ejemplo de sostenibilidad y respeto por el planeta. AccionesCultura, Saludy DeporteSant Joan de D\u00e9uRubau Tarr\u00e9s [&hellip;]\" \/>\n<meta property=\"og:url\" content=\"https:\/\/rubautarres.com\/es\/accion-social\/\" \/>\n<meta property=\"og:site_name\" content=\"Rubau Tarr\u00e8s\" \/>\n<meta property=\"article:publisher\" content=\"https:\/\/www.facebook.com\/RubauTarresSAU\" \/>\n<meta property=\"article:modified_time\" content=\"2025-02-06T14:28:23+00:00\" \/>\n<meta name=\"twitter:card\" content=\"summary_large_image\" \/>\n<meta name=\"twitter:site\" content=\"@rubautarres\" \/>\n<meta name=\"twitter:label1\" content=\"Tiempo de lectura\" \/>\n\t<meta name=\"twitter:data1\" content=\"2 minutos\" \/>\n<script type=\"application\/ld+json\" class=\"yoast-schema-graph\">{\"@context\":\"https:\\\/\\\/schema.org\",\"@graph\":[{\"@type\":\"WebPage\",\"@id\":\"https:\\\/\\\/rubautarres.com\\\/es\\\/accion-social\\\/\",\"url\":\"https:\\\/\\\/rubautarres.com\\\/es\\\/accion-social\\\/\",\"name\":\"Acci\u00f3n social - Rubau Tarr\u00e8s\",\"isPartOf\":{\"@id\":\"https:\\\/\\\/rubautarres.com\\\/es\\\/#website\"},\"datePublished\":\"2024-06-25T15:56:13+00:00\",\"dateModified\":\"2025-02-06T14:28:23+00:00\",\"breadcrumb\":{\"@id\":\"https:\\\/\\\/rubautarres.com\\\/es\\\/accion-social\\\/#breadcrumb\"},\"inLanguage\":\"es\",\"potentialAction\":[{\"@type\":\"ReadAction\",\"target\":[\"https:\\\/\\\/rubautarres.com\\\/es\\\/accion-social\\\/\"]}]},{\"@type\":\"BreadcrumbList\",\"@id\":\"https:\\\/\\\/rubautarres.com\\\/es\\\/accion-social\\\/#breadcrumb\",\"itemListElement\":[{\"@type\":\"ListItem\",\"position\":1,\"name\":\"Portada\",\"item\":\"https:\\\/\\\/rubautarres.com\\\/es\\\/\"},{\"@type\":\"ListItem\",\"position\":2,\"name\":\"Acci\u00f3n social\"}]},{\"@type\":\"WebSite\",\"@id\":\"https:\\\/\\\/rubautarres.com\\\/es\\\/#website\",\"url\":\"https:\\\/\\\/rubautarres.com\\\/es\\\/\",\"name\":\"Rubau Tarr\u00e8s\",\"description\":\"Nosaltres constru\u00efm perqu\u00e8 tu avancis\",\"publisher\":{\"@id\":\"https:\\\/\\\/rubautarres.com\\\/es\\\/#organization\"},\"potentialAction\":[{\"@type\":\"SearchAction\",\"target\":{\"@type\":\"EntryPoint\",\"urlTemplate\":\"https:\\\/\\\/rubautarres.com\\\/es\\\/?s={search_term_string}\"},\"query-input\":{\"@type\":\"PropertyValueSpecification\",\"valueRequired\":true,\"valueName\":\"search_term_string\"}}],\"inLanguage\":\"es\"},{\"@type\":\"Organization\",\"@id\":\"https:\\\/\\\/rubautarres.com\\\/es\\\/#organization\",\"name\":\"Rubau Tarr\u00e8s\",\"url\":\"https:\\\/\\\/rubautarres.com\\\/es\\\/\",\"logo\":{\"@type\":\"ImageObject\",\"inLanguage\":\"es\",\"@id\":\"https:\\\/\\\/rubautarres.com\\\/es\\\/#\\\/schema\\\/logo\\\/image\\\/\",\"url\":\"https:\\\/\\\/rubautarres.com\\\/wp-content\\\/uploads\\\/2024\\\/06\\\/logo.png\",\"contentUrl\":\"https:\\\/\\\/rubautarres.com\\\/wp-content\\\/uploads\\\/2024\\\/06\\\/logo.png\",\"width\":780,\"height\":144,\"caption\":\"Rubau Tarr\u00e8s\"},\"image\":{\"@id\":\"https:\\\/\\\/rubautarres.com\\\/es\\\/#\\\/schema\\\/logo\\\/image\\\/\"},\"sameAs\":[\"https:\\\/\\\/www.facebook.com\\\/RubauTarresSAU\",\"https:\\\/\\\/x.com\\\/rubautarres\"]}]}<\/script>\n<!-- \/ Yoast SEO plugin. -->","yoast_head_json":{"title":"Acci\u00f3n social - Rubau Tarr\u00e8s","robots":{"index":"index","follow":"follow","max-snippet":"max-snippet:-1","max-image-preview":"max-image-preview:large","max-video-preview":"max-video-preview:-1"},"canonical":"https:\/\/rubautarres.com\/es\/accion-social\/","og_locale":"es_ES","og_type":"article","og_title":"Acci\u00f3n social - Rubau Tarr\u00e8s","og_description":"Nuestro compromisoAcci\u00f3n social y medioambientalEn Rubau Tarr\u00e9s, entendemos que nuestro papel como empresa va m\u00e1s all\u00e1 de la construcci\u00f3n. Nos sentimos comprometidos con la sociedad y trabajamos activamente para contribuir al bienestar de la comunidad. Nuestro compromiso social se refleja en diversas iniciativas que abarcan la cultura, la salud y el deporte, \u00e1mbitos que consideramos fundamentales para el desarrollo integral de las personas. Nos implicamos en proyectos que promueven la inclusi\u00f3n, mejora de la calidad de vida y fomento de valores positivos, colaborando con entidades e instituciones que comparten nuestra visi\u00f3n de un futuro m\u00e1s sostenible y justo. En cada proyecto que desarrollamos, integramos un firme compromiso con la sostenibilidad medioambiental, orientado a reducir nuestra huella de carbono y a promover pr\u00e1cticas responsables con el entorno. Fomentamos la recuperaci\u00f3n y reutilizaci\u00f3n de materiales reciclados, aplicando procesos innovadores que optimizan recursos y minimizan desperdicios. Adem\u00e1s, priorizamos el uso de materias primas de proximidad, reduciendo el impacto del transporte y contribuyendo al desarrollo de las econom\u00edas locales. Este enfoque no solo refuerza nuestro compromiso con el medio ambiente, sino que tambi\u00e9n asegura que nuestras obras sean un ejemplo de sostenibilidad y respeto por el planeta. AccionesCultura, Saludy DeporteSant Joan de D\u00e9uRubau Tarr\u00e9s [&hellip;]","og_url":"https:\/\/rubautarres.com\/es\/accion-social\/","og_site_name":"Rubau Tarr\u00e8s","article_publisher":"https:\/\/www.facebook.com\/RubauTarresSAU","article_modified_time":"2025-02-06T14:28:23+00:00","twitter_card":"summary_large_image","twitter_site":"@rubautarres","twitter_misc":{"Tiempo de lectura":"2 minutos"},"schema":{"@context":"https:\/\/schema.org","@graph":[{"@type":"WebPage","@id":"https:\/\/rubautarres.com\/es\/accion-social\/","url":"https:\/\/rubautarres.com\/es\/accion-social\/","name":"Acci\u00f3n social - Rubau Tarr\u00e8s","isPartOf":{"@id":"https:\/\/rubautarres.com\/es\/#website"},"datePublished":"2024-06-25T15:56:13+00:00","dateModified":"2025-02-06T14:28:23+00:00","breadcrumb":{"@id":"https:\/\/rubautarres.com\/es\/accion-social\/#breadcrumb"},"inLanguage":"es","potentialAction":[{"@type":"ReadAction","target":["https:\/\/rubautarres.com\/es\/accion-social\/"]}]},{"@type":"BreadcrumbList","@id":"https:\/\/rubautarres.com\/es\/accion-social\/#breadcrumb","itemListElement":[{"@type":"ListItem","position":1,"name":"Portada","item":"https:\/\/rubautarres.com\/es\/"},{"@type":"ListItem","position":2,"name":"Acci\u00f3n social"}]},{"@type":"WebSite","@id":"https:\/\/rubautarres.com\/es\/#website","url":"https:\/\/rubautarres.com\/es\/","name":"Rubau Tarr\u00e8s","description":"Nosaltres constru\u00efm perqu\u00e8 tu avancis","publisher":{"@id":"https:\/\/rubautarres.com\/es\/#organization"},"potentialAction":[{"@type":"SearchAction","target":{"@type":"EntryPoint","urlTemplate":"https:\/\/rubautarres.com\/es\/?s={search_term_string}"},"query-input":{"@type":"PropertyValueSpecification","valueRequired":true,"valueName":"search_term_string"}}],"inLanguage":"es"},{"@type":"Organization","@id":"https:\/\/rubautarres.com\/es\/#organization","name":"Rubau Tarr\u00e8s","url":"https:\/\/rubautarres.com\/es\/","logo":{"@type":"ImageObject","inLanguage":"es","@id":"https:\/\/rubautarres.com\/es\/#\/schema\/logo\/image\/","url":"https:\/\/rubautarres.com\/wp-content\/uploads\/2024\/06\/logo.png","contentUrl":"https:\/\/rubautarres.com\/wp-content\/uploads\/2024\/06\/logo.png","width":780,"height":144,"caption":"Rubau Tarr\u00e8s"},"image":{"@id":"https:\/\/rubautarres.com\/es\/#\/schema\/logo\/image\/"},"sameAs":["https:\/\/www.facebook.com\/RubauTarresSAU","https:\/\/x.com\/rubautarres"]}]}},"_links":{"self":[{"href":"https:\/\/rubautarres.com\/es\/wp-json\/wp\/v2\/pages\/1606","targetHints":{"allow":["GET"]}}],"collection":[{"href":"https:\/\/rubautarres.com\/es\/wp-json\/wp\/v2\/pages"}],"about":[{"href":"https:\/\/rubautarres.com\/es\/wp-json\/wp\/v2\/types\/page"}],"author":[{"embeddable":true,"href":"https:\/\/rubautarres.com\/es\/wp-json\/wp\/v2\/users\/2"}],"replies":[{"embeddable":true,"href":"https:\/\/rubautarres.com\/es\/wp-json\/wp\/v2\/comments?post=1606"}],"version-history":[{"count":5,"href":"https:\/\/rubautarres.com\/es\/wp-json\/wp\/v2\/pages\/1606\/revisions"}],"predecessor-version":[{"id":3497,"href":"https:\/\/rubautarres.com\/es\/wp-json\/wp\/v2\/pages\/1606\/revisions\/3497"}],"wp:attachment":[{"href":"https:\/\/rubautarres.com\/es\/wp-json\/wp\/v2\/media?parent=1606"}],"curies":[{"name":"wp","href":"https:\/\/api.w.org\/{rel}","templated":true}]}}