{"id":1612,"date":"2024-06-25T17:55:50","date_gmt":"2024-06-25T15:55:50","guid":{"rendered":"https:\/\/rubautarres.com\/el-grupo\/"},"modified":"2025-04-30T11:01:52","modified_gmt":"2025-04-30T09:01:52","slug":"el-grupo","status":"publish","type":"page","link":"https:\/\/rubautarres.com\/es\/el-grupo\/","title":{"rendered":"El grupo"},"content":{"rendered":"<p>[et_pb_section fb_built=\u00bb1&#8243; custom_padding_last_edited=\u00bbon|tablet\u00bb _builder_version=\u00bb4.25.2&#8243; _module_preset=\u00bbdefault\u00bb custom_padding=\u00bb||160px||false|false\u00bb custom_padding_tablet=\u00bb||80px||false|false\u00bb custom_padding_phone=\u00bb||80px||false|false\u00bb global_colors_info=\u00bb{}\u00bb][et_pb_row column_structure=\u00bb1_2,1_2&#8243; make_equal=\u00bbon\u00bb module_class=\u00bbalign-center row-reverse-res-tablet row-reverse-res\u00bb _builder_version=\u00bb4.25.2&#8243; _module_preset=\u00bbdefault\u00bb custom_margin=\u00bb100px||||false|false\u00bb custom_margin_tablet=\u00bb0px||||false|false\u00bb custom_margin_phone=\u00bb0px||||false|false\u00bb custom_margin_last_edited=\u00bbon|tablet\u00bb global_colors_info=\u00bb{}\u00bb][et_pb_column type=\u00bb1_2&#8243; _builder_version=\u00bb4.25.2&#8243; _module_preset=\u00bbdefault\u00bb global_colors_info=\u00bb{}\u00bb][et_pb_text module_class=\u00bbtitle-separator-animation\u00bb _builder_version=\u00bb4.27.4&#8243; _module_preset=\u00bbdefault\u00bb custom_margin=\u00bb||10px||false|false\u00bb global_colors_info=\u00bb{}\u00bb]<span class=\"title-h2\">EL GRUPO<\/span>[\/et_pb_text][et_pb_text module_class=\u00bbtitle-separator-animation\u00bb _builder_version=\u00bb4.25.2&#8243; _module_preset=\u00bbdefault\u00bb custom_margin=\u00bb||20px||false|false\u00bb custom_padding=\u00bb||0px||false|false\u00bb header_font_size_tablet=\u00bb\u00bb header_font_size_phone=\u00bb44px\u00bb header_font_size_last_edited=\u00bbon|phone\u00bb global_colors_info=\u00bb{}\u00bb]<\/p>\n<h1>Construyendo sinergias<\/h1>\n<p>[\/et_pb_text][et_pb_text _builder_version=\u00bb4.25.2&#8243; _module_preset=\u00bbdefault\u00bb global_colors_info=\u00bb{}\u00bb]<\/p>\n<p>Alrededor de Rubau Tarr\u00e9s y como resultado de la estrategia de reforzar a la compa\u00f1\u00eda en su actividad constructiva, se ha ido creando un grupo de empresas. Este grupo ha ido creciendo con el tiempo, abarcando diversas \u00e1reas de la industria de la construcci\u00f3n y ampliando su presencia en diferentes localizaciones geogr\u00e1ficas. El objetivo principal ha sido siempre ofrecer un servicio integral y de alta calidad a nuestros clientes, mientras mantenemos un firme compromiso con la sostenibilidad y la innovaci\u00f3n.  <\/p>\n<p>[\/et_pb_text][\/et_pb_column][et_pb_column type=\u00bb1_2&#8243; _builder_version=\u00bb4.25.2&#8243; _module_preset=\u00bbdefault\u00bb global_colors_info=\u00bb{}\u00bb][et_pb_image src=\u00bbhttps:\/\/rubautarres.com\/wp-content\/uploads\/2024\/12\/F0224_20160705_046-Edit.jpg\u00bb title_text=\u00bbF0224_20160705_046-Edit\u00bb _builder_version=\u00bb4.27.4&#8243; _module_preset=\u00bbdefault\u00bb custom_margin_tablet=\u00bb||32px||false|false\u00bb custom_margin_phone=\u00bb||32px||false|false\u00bb custom_margin_last_edited=\u00bbon|tablet\u00bb animation_style=\u00bbslide\u00bb animation_direction=\u00bbbottom\u00bb animation_duration=\u00bb600ms\u00bb animation_intensity_slide=\u00bb8%\u00bb global_colors_info=\u00bb{}\u00bb][\/et_pb_image][\/et_pb_column][\/et_pb_row][\/et_pb_section][et_pb_section fb_built=\u00bb1&#8243; custom_padding_last_edited=\u00bbon|tablet\u00bb _builder_version=\u00bb4.25.2&#8243; _module_preset=\u00bbdefault\u00bb background_color=\u00bb#FFFFFF\u00bb custom_padding=\u00bb180px||180px||false|false\u00bb custom_padding_tablet=\u00bb80px||80px||true|false\u00bb custom_padding_phone=\u00bb80px||80px||true|false\u00bb scroll_vertical_motion=\u00bb0|23|23|100|0|0|0&#8243; border_radii=\u00bbon|50px|50px|50px|50px\u00bb global_colors_info=\u00bb{}\u00bb][et_pb_row column_structure=\u00bb1_2,1_2&#8243; make_equal=\u00bbon\u00bb module_class=\u00bbalign-center\u00bb _builder_version=\u00bb4.27.4&#8243; _module_preset=\u00bbdefault\u00bb custom_margin=\u00bb0px|auto||auto|false|false\u00bb global_colors_info=\u00bb{}\u00bb][et_pb_column type=\u00bb1_2&#8243; _builder_version=\u00bb4.25.2&#8243; _module_preset=\u00bbdefault\u00bb global_colors_info=\u00bb{}\u00bb][et_pb_divider show_divider=\u00bboff\u00bb _builder_version=\u00bb4.25.2&#8243; _module_preset=\u00bbdefault\u00bb background_image=\u00bbhttps:\/\/rubautarres.com\/wp-content\/uploads\/2024\/06\/pj1-1.jpg\u00bb min_height=\u00bb600px\u00bb min_height_tablet=\u00bb600px\u00bb min_height_phone=\u00bb400px\u00bb min_height_last_edited=\u00bbon|tablet\u00bb animation_style=\u00bbslide\u00bb animation_direction=\u00bbbottom\u00bb animation_duration=\u00bb600ms\u00bb animation_intensity_slide=\u00bb8%\u00bb border_radii=\u00bbon|10px|10px|10px|10px\u00bb global_colors_info=\u00bb{}\u00bb][\/et_pb_divider][\/et_pb_column][et_pb_column type=\u00bb1_2&#8243; _builder_version=\u00bb4.25.2&#8243; _module_preset=\u00bbdefault\u00bb global_colors_info=\u00bb{}\u00bb][et_pb_text module_class=\u00bbtitle-separator-animation\u00bb _builder_version=\u00bb4.27.4&#8243; _module_preset=\u00bbdefault\u00bb custom_margin=\u00bb||10px||false|false\u00bb global_colors_info=\u00bb{}\u00bb]<span class=\"title-h2\">Nuestro valor a\u00f1adido<\/span>[\/et_pb_text][et_pb_text module_class=\u00bbtitle-separator-animation\u00bb _builder_version=\u00bb4.27.4&#8243; _module_preset=\u00bbdefault\u00bb width=\u00bb85%\u00bb custom_margin=\u00bb||20px||false|false\u00bb custom_padding=\u00bb||0px||false|false\u00bb header_font_size_tablet=\u00bb\u00bb header_font_size_phone=\u00bb36px\u00bb header_font_size_last_edited=\u00bbon|phone\u00bb global_colors_info=\u00bb{}\u00bb]<\/p>\n<h2>Compromiso y excelencia<\/h2>\n<p>[\/et_pb_text][et_pb_text _builder_version=\u00bb4.25.2&#8243; _module_preset=\u00bbdefault\u00bb custom_margin=\u00bb||0px||false|false\u00bb global_colors_info=\u00bb{}\u00bb]<\/p>\n<p>A Rubau Tarr\u00e9s, nos distinguimos por nuestra capacidad de adaptaci\u00f3n y autosuficiencia en cada proyecto. Nuestra filosof\u00eda se basa en una serie de pilares fundamentales que garantizan la m\u00e1xima calidad y confianza para nuestros clientes. <\/p>\n<p>Con m\u00e1s de 50 a\u00f1os de experiencia en el sector, nuestro equipo de profesionales calificados asegura la excelencia en cada obra, destacando en infraestructuras civiles, edificaci\u00f3n, conservaci\u00f3n y mantenimiento.<\/p>\n<p>[\/et_pb_text][\/et_pb_column][\/et_pb_row][\/et_pb_section][et_pb_section fb_built=\u00bb1&#8243; _builder_version=\u00bb4.27.4&#8243; _module_preset=\u00bbdefault\u00bb background_color=\u00bb#F2F5F9&#8243; custom_padding=\u00bb6em||6em||true|false\u00bb border_radii=\u00bboff|50px|50px||\u00bb locked=\u00bboff\u00bb global_colors_info=\u00bb{}\u00bb][et_pb_row column_structure=\u00bb3_5,2_5&#8243; make_equal=\u00bbon\u00bb module_class=\u00bbalign-center\u00bb _builder_version=\u00bb4.25.2&#8243; _module_preset=\u00bbdefault\u00bb background_color=\u00bbRGBA(255,255,255,0)\u00bb custom_margin=\u00bb||0px||false|false\u00bb custom_padding=\u00bb||0px||false|false\u00bb global_colors_info=\u00bb{}\u00bb][et_pb_column type=\u00bb3_5&#8243; _builder_version=\u00bb4.25.2&#8243; _module_preset=\u00bbdefault\u00bb background_color=\u00bbRGBA(255,255,255,0)\u00bb custom_padding=\u00bb||||false|false\u00bb global_colors_info=\u00bb{}\u00bb][et_pb_text module_class=\u00bbtitle-separator-animation\u00bb _builder_version=\u00bb4.27.4&#8243; _module_preset=\u00bbdefault\u00bb custom_margin=\u00bb||10px||false|false\u00bb global_colors_info=\u00bb{}\u00bb]<\/p>\n<h2 class=\"title-h2\">PLANTAS DEL GRUPO<\/h2>\n<p>[\/et_pb_text][et_pb_text module_class=\u00bbtitle-separator-animation\u00bb _builder_version=\u00bb4.27.4&#8243; _module_preset=\u00bbdefault\u00bb width=\u00bb79%\u00bb custom_margin=\u00bb||0px||false|false\u00bb custom_padding=\u00bb||0px||false|false\u00bb header_2_font_size_tablet=\u00bb\u00bb header_2_font_size_phone=\u00bb44px\u00bb header_2_font_size_last_edited=\u00bbon|phone\u00bb global_colors_info=\u00bb{}\u00bb]<\/p>\n<h3 class=\"title-h3\">Impulsando la construcci\u00f3n del futuro<\/h3>\n<p>[\/et_pb_text][\/et_pb_column][et_pb_column type=\u00bb2_5&#8243; _builder_version=\u00bb4.25.2&#8243; _module_preset=\u00bbdefault\u00bb background_color=\u00bbRGBA(255,255,255,0)\u00bb custom_padding=\u00bb4%|4%|4%|4%|false|false\u00bb global_colors_info=\u00bb{}\u00bb][\/et_pb_column][\/et_pb_row][et_pb_row column_structure=\u00bb1_4,1_4,1_4,1_4&#8243; use_custom_gutter=\u00bbon\u00bb gutter_width=\u00bb2&#8243; make_equal=\u00bbon\u00bb _builder_version=\u00bb4.27.4&#8243; _module_preset=\u00bbdefault\u00bb global_colors_info=\u00bb{}\u00bb][et_pb_column type=\u00bb1_4&#8243; _builder_version=\u00bb4.27.4&#8243; _module_preset=\u00bbdefault\u00bb global_colors_info=\u00bb{}\u00bb][dsm_card title=\u00bbAglomerados asf\u00e1lticos\u00bb content_horizontal_alignment=\u00bbflex-start\u00bb image=\u00bbhttps:\/\/rubautarres.com\/wp-content\/uploads\/2024\/12\/DJI_0053.jpg\u00bb content_padding=\u00bb36px|36px|36px|36px|true|true\u00bb button_url_new_window=\u00bb1&#8243; _builder_version=\u00bb4.27.4&#8243; _module_preset=\u00bbdefault\u00bb header_font_size=\u00bb30px\u00bb background_color=\u00bb#FFFFFF\u00bb border_radii=\u00bbon|20px|20px|20px|20px\u00bb global_colors_info=\u00bb{}\u00bb]<\/p>\n<p>Disponemos de una planta de fabricaci\u00f3n de aglomerado asf\u00e1ltico en caliente para la realizaci\u00f3n de pavimentos. Desarrollada por la marca Intrame, est\u00e1 situada en Viladamat y tiene una capacidad de producci\u00f3n de 280 toneladas \/ hora. Cuenta con certificado de control de producci\u00f3n (Marc *CE).  <\/p>\n<p>[\/dsm_card][\/et_pb_column][et_pb_column type=\u00bb1_4&#8243; _builder_version=\u00bb4.27.4&#8243; _module_preset=\u00bbdefault\u00bb global_colors_info=\u00bb{}\u00bb][dsm_card title=\u00bbPlantas de hormig\u00f3n\u00bb content_horizontal_alignment=\u00bbflex-start\u00bb image=\u00bbhttps:\/\/rubautarres.com\/wp-content\/uploads\/2024\/12\/F0045_20101123_010_1_2Enhancer-scaled.jpg\u00bb content_padding=\u00bb36px|36px|36px|36px|true|true\u00bb button_url_new_window=\u00bb1&#8243; _builder_version=\u00bb4.27.4&#8243; _module_preset=\u00bbdefault\u00bb header_font_size=\u00bb30px\u00bb background_color=\u00bb#FFFFFF\u00bb border_radii=\u00bbon|20px|20px|20px|20px\u00bb global_colors_info=\u00bb{}\u00bb]<\/p>\n<p>Destacamos por el suministro interno de hormig\u00f3n de alta calidad. Operamos en cinco plantas de hormig\u00f3n en Vilamalla, Regenc\u00f3s, Fornells, Viladamat y Tordera. Desde Regenc\u00f3s producimos mortero seco.  <\/p>\n<p>[\/dsm_card][\/et_pb_column][et_pb_column type=\u00bb1_4&#8243; _builder_version=\u00bb4.27.4&#8243; _module_preset=\u00bbdefault\u00bb global_colors_info=\u00bb{}\u00bb][dsm_card title=\u00bbPlanta de prefabricado\u00bb content_horizontal_alignment=\u00bbflex-start\u00bb image=\u00bbhttps:\/\/rubautarres.com\/wp-content\/uploads\/2024\/12\/prefabricats.jpg\u00bb content_padding=\u00bb36px|36px|36px|36px|true|true\u00bb button_url_new_window=\u00bb1&#8243; _builder_version=\u00bb4.27.4&#8243; _module_preset=\u00bbdefault\u00bb header_font_size=\u00bb30px\u00bb background_color=\u00bb#FFFFFF\u00bb border_radii=\u00bbon|20px|20px|20px|20px\u00bb global_colors_info=\u00bb{}\u00bb]<\/p>\n<p>Disponemos de una planta de prefabricados de piezas de hormig\u00f3n de alta calidad ubicada en Regenc\u00f3s.<\/p>\n<p>[\/dsm_card][\/et_pb_column][et_pb_column type=\u00bb1_4&#8243; _builder_version=\u00bb4.27.4&#8243; _module_preset=\u00bbdefault\u00bb global_colors_info=\u00bb{}\u00bb][dsm_card title=\u00bbCanteras\u00bb content_horizontal_alignment=\u00bbflex-start\u00bb image=\u00bbhttps:\/\/rubautarres.com\/wp-content\/uploads\/2024\/12\/Aridsbofill2.jpg\u00bb content_padding=\u00bb36px|36px|36px|36px|true|true\u00bb button_url_new_window=\u00bb1&#8243; _builder_version=\u00bb4.27.4&#8243; _module_preset=\u00bbdefault\u00bb header_font_size=\u00bb30px\u00bb background_color=\u00bb#FFFFFF\u00bb border_radii=\u00bbon|20px|20px|20px|20px\u00bb global_colors_info=\u00bb{}\u00bb]El Grupo dispone de dos canteras donde se extrae \u00e1rido calc\u00e1reo en Regenc\u00f3s y \u00e1rido gran\u00edtico en Susqueda de alta calidad.[\/dsm_card][\/et_pb_column][\/et_pb_row][\/et_pb_section]<\/p>\n","protected":false},"excerpt":{"rendered":"<p>EL GRUPOConstruyendo sinergiasAlrededor de Rubau Tarr\u00e9s y como resultado de la estrategia de reforzar a la compa\u00f1\u00eda en su actividad constructiva, se ha ido creando un grupo de empresas. Este grupo ha ido creciendo con el tiempo, abarcando diversas \u00e1reas de la industria de la construcci\u00f3n y ampliando su presencia en diferentes localizaciones geogr\u00e1ficas. El objetivo principal ha sido siempre ofrecer un servicio integral y de alta calidad a nuestros clientes, mientras mantenemos un firme compromiso con la sostenibilidad y la innovaci\u00f3n. Nuestro valor a\u00f1adidoCompromiso y excelenciaA Rubau Tarr\u00e9s, nos distinguimos por nuestra capacidad de adaptaci\u00f3n y autosuficiencia en cada proyecto. Nuestra filosof\u00eda se basa en una serie de pilares fundamentales que garantizan la m\u00e1xima calidad y confianza para nuestros clientes. Con m\u00e1s de 50 a\u00f1os de experiencia en el sector, nuestro equipo de profesionales calificados asegura la excelencia en cada obra, destacando en infraestructuras civiles, edificaci\u00f3n, conservaci\u00f3n y mantenimiento.PLANTAS DEL GRUPOImpulsando la construcci\u00f3n del futuro<div class=\"et_pb_module dsm_card dsm_card_0 et_pb_bg_layout_light  dsm_card_layout_stacked\">\n\t\t\t\t\n\t\t\t\t\n\t\t\t\t\n\t\t\t\t\n\t\t\t\t\n\t\t\t\t\n\t\t\t\t<div class=\"et_pb_module_inner\">\n\t\t\t\t\t\n\t\t\t\n\t\t\t<figure class=\"dsm_card_image_wrapper dsm_card_badge_top_right\"><div class=\"dsm_card_image_background dsm_card_img\"><\/div><\/figure>\n\t\t\t<div class=\"et_pb_module dsm_card_wrapper et_pb_text_align_left\">\n\t\t\t\t\t\n\t\t\t\t\t<h4 class=\"dsm_card_title et_pb_module_header\">Aglomerados asf\u00e1lticos<\/h4>\n\t\t\t\t\t\n\t\t\t\t\t\n\t\t\t\t\t\n\t\t\t\t<\/div>\n\t\t\t\n\t\t\t\t<\/div>\n\t\t\t<\/div>Disponemos de una planta de fabricaci\u00f3n de aglomerado asf\u00e1ltico en caliente para la realizaci\u00f3n de pavimentos. Desarrollada por la marca Intrame, est\u00e1 situada en Viladamat y tiene una capacidad de producci\u00f3n de 280 [&hellip;]<\/p>\n","protected":false},"author":2,"featured_media":0,"parent":0,"menu_order":0,"comment_status":"closed","ping_status":"closed","template":"","meta":{"_acf_changed":false,"_et_pb_use_builder":"on","_et_pb_old_content":"","_et_gb_content_width":"","footnotes":""},"class_list":["post-1612","page","type-page","status-publish","hentry"],"acf":[],"yoast_head":"<!-- This site is optimized with the Yoast SEO plugin v27.4 - https:\/\/yoast.com\/product\/yoast-seo-wordpress\/ -->\n<title>El grupo - Rubau Tarr\u00e8s<\/title>\n<meta name=\"description\" content=\"Grupo Rubau Tarr\u00e9s: servicio integral en construcci\u00f3n con plantas propias, experiencia y compromiso con calidad y sostenibilidad.\" \/>\n<meta name=\"robots\" content=\"index, follow, max-snippet:-1, max-image-preview:large, max-video-preview:-1\" \/>\n<link rel=\"canonical\" href=\"https:\/\/rubautarres.com\/es\/el-grupo\/\" \/>\n<meta property=\"og:locale\" content=\"es_ES\" \/>\n<meta property=\"og:type\" content=\"article\" \/>\n<meta property=\"og:title\" content=\"El grupo - Rubau Tarr\u00e8s\" \/>\n<meta property=\"og:description\" content=\"Grupo Rubau Tarr\u00e9s: servicio integral en construcci\u00f3n con plantas propias, experiencia y compromiso con calidad y sostenibilidad.\" \/>\n<meta property=\"og:url\" content=\"https:\/\/rubautarres.com\/es\/el-grupo\/\" \/>\n<meta property=\"og:site_name\" content=\"Rubau Tarr\u00e8s\" \/>\n<meta property=\"article:publisher\" content=\"https:\/\/www.facebook.com\/RubauTarresSAU\" \/>\n<meta property=\"article:modified_time\" content=\"2025-04-30T09:01:52+00:00\" \/>\n<meta name=\"twitter:card\" content=\"summary_large_image\" \/>\n<meta name=\"twitter:site\" content=\"@rubautarres\" \/>\n<meta name=\"twitter:label1\" content=\"Tiempo de lectura\" \/>\n\t<meta name=\"twitter:data1\" content=\"2 minutos\" \/>\n<script type=\"application\/ld+json\" class=\"yoast-schema-graph\">{\"@context\":\"https:\\\/\\\/schema.org\",\"@graph\":[{\"@type\":\"WebPage\",\"@id\":\"https:\\\/\\\/rubautarres.com\\\/es\\\/el-grupo\\\/\",\"url\":\"https:\\\/\\\/rubautarres.com\\\/es\\\/el-grupo\\\/\",\"name\":\"El grupo - Rubau Tarr\u00e8s\",\"isPartOf\":{\"@id\":\"https:\\\/\\\/rubautarres.com\\\/es\\\/#website\"},\"datePublished\":\"2024-06-25T15:55:50+00:00\",\"dateModified\":\"2025-04-30T09:01:52+00:00\",\"description\":\"Grupo Rubau Tarr\u00e9s: servicio integral en construcci\u00f3n con plantas propias, experiencia y compromiso con calidad y sostenibilidad.\",\"breadcrumb\":{\"@id\":\"https:\\\/\\\/rubautarres.com\\\/es\\\/el-grupo\\\/#breadcrumb\"},\"inLanguage\":\"es\",\"potentialAction\":[{\"@type\":\"ReadAction\",\"target\":[\"https:\\\/\\\/rubautarres.com\\\/es\\\/el-grupo\\\/\"]}]},{\"@type\":\"BreadcrumbList\",\"@id\":\"https:\\\/\\\/rubautarres.com\\\/es\\\/el-grupo\\\/#breadcrumb\",\"itemListElement\":[{\"@type\":\"ListItem\",\"position\":1,\"name\":\"Portada\",\"item\":\"https:\\\/\\\/rubautarres.com\\\/es\\\/\"},{\"@type\":\"ListItem\",\"position\":2,\"name\":\"El grupo\"}]},{\"@type\":\"WebSite\",\"@id\":\"https:\\\/\\\/rubautarres.com\\\/es\\\/#website\",\"url\":\"https:\\\/\\\/rubautarres.com\\\/es\\\/\",\"name\":\"Rubau Tarr\u00e8s\",\"description\":\"Nosaltres constru\u00efm perqu\u00e8 tu avancis\",\"publisher\":{\"@id\":\"https:\\\/\\\/rubautarres.com\\\/es\\\/#organization\"},\"potentialAction\":[{\"@type\":\"SearchAction\",\"target\":{\"@type\":\"EntryPoint\",\"urlTemplate\":\"https:\\\/\\\/rubautarres.com\\\/es\\\/?s={search_term_string}\"},\"query-input\":{\"@type\":\"PropertyValueSpecification\",\"valueRequired\":true,\"valueName\":\"search_term_string\"}}],\"inLanguage\":\"es\"},{\"@type\":\"Organization\",\"@id\":\"https:\\\/\\\/rubautarres.com\\\/es\\\/#organization\",\"name\":\"Rubau Tarr\u00e8s\",\"url\":\"https:\\\/\\\/rubautarres.com\\\/es\\\/\",\"logo\":{\"@type\":\"ImageObject\",\"inLanguage\":\"es\",\"@id\":\"https:\\\/\\\/rubautarres.com\\\/es\\\/#\\\/schema\\\/logo\\\/image\\\/\",\"url\":\"https:\\\/\\\/rubautarres.com\\\/wp-content\\\/uploads\\\/2024\\\/06\\\/logo.png\",\"contentUrl\":\"https:\\\/\\\/rubautarres.com\\\/wp-content\\\/uploads\\\/2024\\\/06\\\/logo.png\",\"width\":780,\"height\":144,\"caption\":\"Rubau Tarr\u00e8s\"},\"image\":{\"@id\":\"https:\\\/\\\/rubautarres.com\\\/es\\\/#\\\/schema\\\/logo\\\/image\\\/\"},\"sameAs\":[\"https:\\\/\\\/www.facebook.com\\\/RubauTarresSAU\",\"https:\\\/\\\/x.com\\\/rubautarres\"]}]}<\/script>\n<!-- \/ Yoast SEO plugin. -->","yoast_head_json":{"title":"El grupo - Rubau Tarr\u00e8s","description":"Grupo Rubau Tarr\u00e9s: servicio integral en construcci\u00f3n con plantas propias, experiencia y compromiso con calidad y sostenibilidad.","robots":{"index":"index","follow":"follow","max-snippet":"max-snippet:-1","max-image-preview":"max-image-preview:large","max-video-preview":"max-video-preview:-1"},"canonical":"https:\/\/rubautarres.com\/es\/el-grupo\/","og_locale":"es_ES","og_type":"article","og_title":"El grupo - Rubau Tarr\u00e8s","og_description":"Grupo Rubau Tarr\u00e9s: servicio integral en construcci\u00f3n con plantas propias, experiencia y compromiso con calidad y sostenibilidad.","og_url":"https:\/\/rubautarres.com\/es\/el-grupo\/","og_site_name":"Rubau Tarr\u00e8s","article_publisher":"https:\/\/www.facebook.com\/RubauTarresSAU","article_modified_time":"2025-04-30T09:01:52+00:00","twitter_card":"summary_large_image","twitter_site":"@rubautarres","twitter_misc":{"Tiempo de lectura":"2 minutos"},"schema":{"@context":"https:\/\/schema.org","@graph":[{"@type":"WebPage","@id":"https:\/\/rubautarres.com\/es\/el-grupo\/","url":"https:\/\/rubautarres.com\/es\/el-grupo\/","name":"El grupo - Rubau Tarr\u00e8s","isPartOf":{"@id":"https:\/\/rubautarres.com\/es\/#website"},"datePublished":"2024-06-25T15:55:50+00:00","dateModified":"2025-04-30T09:01:52+00:00","description":"Grupo Rubau Tarr\u00e9s: servicio integral en construcci\u00f3n con plantas propias, experiencia y compromiso con calidad y sostenibilidad.","breadcrumb":{"@id":"https:\/\/rubautarres.com\/es\/el-grupo\/#breadcrumb"},"inLanguage":"es","potentialAction":[{"@type":"ReadAction","target":["https:\/\/rubautarres.com\/es\/el-grupo\/"]}]},{"@type":"BreadcrumbList","@id":"https:\/\/rubautarres.com\/es\/el-grupo\/#breadcrumb","itemListElement":[{"@type":"ListItem","position":1,"name":"Portada","item":"https:\/\/rubautarres.com\/es\/"},{"@type":"ListItem","position":2,"name":"El grupo"}]},{"@type":"WebSite","@id":"https:\/\/rubautarres.com\/es\/#website","url":"https:\/\/rubautarres.com\/es\/","name":"Rubau Tarr\u00e8s","description":"Nosaltres constru\u00efm perqu\u00e8 tu avancis","publisher":{"@id":"https:\/\/rubautarres.com\/es\/#organization"},"potentialAction":[{"@type":"SearchAction","target":{"@type":"EntryPoint","urlTemplate":"https:\/\/rubautarres.com\/es\/?s={search_term_string}"},"query-input":{"@type":"PropertyValueSpecification","valueRequired":true,"valueName":"search_term_string"}}],"inLanguage":"es"},{"@type":"Organization","@id":"https:\/\/rubautarres.com\/es\/#organization","name":"Rubau Tarr\u00e8s","url":"https:\/\/rubautarres.com\/es\/","logo":{"@type":"ImageObject","inLanguage":"es","@id":"https:\/\/rubautarres.com\/es\/#\/schema\/logo\/image\/","url":"https:\/\/rubautarres.com\/wp-content\/uploads\/2024\/06\/logo.png","contentUrl":"https:\/\/rubautarres.com\/wp-content\/uploads\/2024\/06\/logo.png","width":780,"height":144,"caption":"Rubau Tarr\u00e8s"},"image":{"@id":"https:\/\/rubautarres.com\/es\/#\/schema\/logo\/image\/"},"sameAs":["https:\/\/www.facebook.com\/RubauTarresSAU","https:\/\/x.com\/rubautarres"]}]}},"_links":{"self":[{"href":"https:\/\/rubautarres.com\/es\/wp-json\/wp\/v2\/pages\/1612","targetHints":{"allow":["GET"]}}],"collection":[{"href":"https:\/\/rubautarres.com\/es\/wp-json\/wp\/v2\/pages"}],"about":[{"href":"https:\/\/rubautarres.com\/es\/wp-json\/wp\/v2\/types\/page"}],"author":[{"embeddable":true,"href":"https:\/\/rubautarres.com\/es\/wp-json\/wp\/v2\/users\/2"}],"replies":[{"embeddable":true,"href":"https:\/\/rubautarres.com\/es\/wp-json\/wp\/v2\/comments?post=1612"}],"version-history":[{"count":7,"href":"https:\/\/rubautarres.com\/es\/wp-json\/wp\/v2\/pages\/1612\/revisions"}],"predecessor-version":[{"id":3597,"href":"https:\/\/rubautarres.com\/es\/wp-json\/wp\/v2\/pages\/1612\/revisions\/3597"}],"wp:attachment":[{"href":"https:\/\/rubautarres.com\/es\/wp-json\/wp\/v2\/media?parent=1612"}],"curies":[{"name":"wp","href":"https:\/\/api.w.org\/{rel}","templated":true}]}}