{"id":1618,"date":"2024-06-24T18:14:19","date_gmt":"2024-06-24T16:14:19","guid":{"rendered":"https:\/\/rubautarres.com\/nosotros\/"},"modified":"2026-02-10T13:10:14","modified_gmt":"2026-02-10T12:10:14","slug":"nosotros","status":"publish","type":"page","link":"https:\/\/rubautarres.com\/es\/nosotros\/","title":{"rendered":"Nosotros"},"content":{"rendered":"<p>[et_pb_section fb_built=\u00bb1&#8243; custom_padding_last_edited=\u00bbon|tablet\u00bb _builder_version=\u00bb4.25.2&#8243; _module_preset=\u00bbdefault\u00bb custom_padding=\u00bb||110px||false|false\u00bb custom_padding_tablet=\u00bb||80px||false|false\u00bb custom_padding_phone=\u00bb||80px||false|false\u00bb global_colors_info=\u00bb{}\u00bb][et_pb_row column_structure=\u00bb1_2,1_2&#8243; make_equal=\u00bbon\u00bb custom_padding_last_edited=\u00bbon|tablet\u00bb module_class=\u00bbalign-center row-reverse-res-tablet row-reverse-res\u00bb _builder_version=\u00bb4.25.2&#8243; _module_preset=\u00bbdefault\u00bb custom_padding=\u00bb100px||0px||false|false\u00bb custom_padding_tablet=\u00bb0px||0px||false|false\u00bb custom_padding_phone=\u00bb0px||0px||false|false\u00bb global_colors_info=\u00bb{}\u00bb][et_pb_column type=\u00bb1_2&#8243; _builder_version=\u00bb4.25.2&#8243; _module_preset=\u00bbdefault\u00bb global_colors_info=\u00bb{}\u00bb][et_pb_text module_class=\u00bbtitle-separator-animation\u00bb _builder_version=\u00bb4.27.4&#8243; _module_preset=\u00bbdefault\u00bb custom_margin=\u00bb||10px||false|false\u00bb global_colors_info=\u00bb{}\u00bb]<span class=\"title-h2\">Calidad y sostenibilidad<\/span>[\/et_pb_text][et_pb_text module_class=\u00bbtitle-separator-animation\u00bb _builder_version=\u00bb4.25.2&#8243; _module_preset=\u00bbdefault\u00bb width=\u00bb85%\u00bb custom_margin=\u00bb||20px||false|false\u00bb custom_padding=\u00bb||0px||false|false\u00bb header_font_size_tablet=\u00bb\u00bb header_font_size_phone=\u00bb44px\u00bb header_font_size_last_edited=\u00bbon|phone\u00bb global_colors_info=\u00bb{}\u00bb]<\/p>\n<h1>Construimos el futuro<\/h1>\n<p>[\/et_pb_text][et_pb_text _builder_version=\u00bb4.27.4&#8243; _module_preset=\u00bbdefault\u00bb global_colors_info=\u00bb{}\u00bb]<\/p>\n<p>Fundada en 1971, es una destacada empresa constructora con sedes en Verges y <a href=\"https:\/\/rubautarres.com\/es\/empresa-constructora-girona\/\">Girona<\/a>. Especializada en cinco \u00e1reas: ingenier\u00eda civil, edificaci\u00f3n, mantenimiento, explotaci\u00f3n de obras en concesi\u00f3n y conservaci\u00f3n de carreteras.<\/p>\n<p>[\/et_pb_text][\/et_pb_column][et_pb_column type=\u00bb1_2&#8243; _builder_version=\u00bb4.25.2&#8243; _module_preset=\u00bbdefault\u00bb global_colors_info=\u00bb{}\u00bb][et_pb_image src=\u00bbhttps:\/\/rubautarres.com\/wp-content\/uploads\/2024\/12\/F0224_20160705_046-Edit.jpg\u00bb title_text=\u00bbF0224_20160705_046-Edit\u00bb _builder_version=\u00bb4.27.4&#8243; _module_preset=\u00bbdefault\u00bb min_height_tablet=\u00bb600px\u00bb min_height_phone=\u00bb400px\u00bb min_height_last_edited=\u00bbon|tablet\u00bb custom_margin_tablet=\u00bb||32px||false|false\u00bb custom_margin_phone=\u00bb||32px||false|false\u00bb custom_margin_last_edited=\u00bbon|tablet\u00bb animation_style=\u00bbslide\u00bb animation_direction=\u00bbbottom\u00bb animation_duration=\u00bb600ms\u00bb animation_intensity_slide=\u00bb8%\u00bb scroll_vertical_motion=\u00bb0|18|18|100|4|0|-4&#8243; global_colors_info=\u00bb{}\u00bb][\/et_pb_image][\/et_pb_column][\/et_pb_row][\/et_pb_section][et_pb_section fb_built=\u00bb1&#8243; custom_padding_last_edited=\u00bbon|phone\u00bb _builder_version=\u00bb4.27.4&#8243; _module_preset=\u00bbdefault\u00bb background_color=\u00bb#FFFFFF\u00bb custom_padding=\u00bb160px||160px||true|false\u00bb custom_padding_tablet=\u00bb160px||160px||true|false\u00bb custom_padding_phone=\u00bb80px||80px||true|false\u00bb global_colors_info=\u00bb{}\u00bb][et_pb_row column_structure=\u00bb1_3,1_3,1_3&#8243; use_custom_gutter=\u00bbon\u00bb gutter_width=\u00bb2&#8243; _builder_version=\u00bb4.25.2&#8243; _module_preset=\u00bbdefault\u00bb global_colors_info=\u00bb{}\u00bb][et_pb_column type=\u00bb1_3&#8243; _builder_version=\u00bb4.25.2&#8243; _module_preset=\u00bbdefault\u00bb global_colors_info=\u00bb{}\u00bb][et_pb_text module_class=\u00bbtitle-separator-animation\u00bb _builder_version=\u00bb4.27.4&#8243; _module_preset=\u00bbdefault\u00bb custom_margin=\u00bb||10px||false|false\u00bb global_colors_info=\u00bb{}\u00bb]<span class=\"title-h2\">COMPROMISO<\/span>[\/et_pb_text][et_pb_text module_class=\u00bbtitle-separator-animation\u00bb _builder_version=\u00bb4.25.2&#8243; _module_preset=\u00bbdefault\u00bb custom_margin=\u00bb||20px||false|false\u00bb custom_padding=\u00bb||0px||false|false\u00bb header_2_font_size_tablet=\u00bb\u00bb header_2_font_size_phone=\u00bb44px\u00bb header_2_font_size_last_edited=\u00bbon|phone\u00bb global_colors_info=\u00bb{}\u00bb]<\/p>\n<h2>Factores que nos definen<\/h2>\n<p>[\/et_pb_text][et_pb_text _builder_version=\u00bb4.25.2&#8243; _module_preset=\u00bbdefault\u00bb global_colors_info=\u00bb{}\u00bb]<\/p>\n<p>En Rubau Tarr\u00e9s estamos comprometidos con el medio ambiente, minimizando la huella de carbono de nuestra actividad, as\u00ed como la innovaci\u00f3n constante y la optimizaci\u00f3n de nuestros procesos constructivos. Estos pilares aseguran la excelencia en cada proyecto que realizamos.  <\/p>\n<p>[\/et_pb_text][et_pb_image src=\u00bbhttps:\/\/rubautarres.com\/wp-content\/uploads\/2024\/12\/iso.png\u00bb title_text=\u00bbiso\u00bb _builder_version=\u00bb4.27.4&#8243; _module_preset=\u00bbdefault\u00bb animation_style=\u00bbfade\u00bb border_radii=\u00bbon|0px|0px|0px|0px\u00bb global_colors_info=\u00bb{}\u00bb][\/et_pb_image][\/et_pb_column][et_pb_column type=\u00bb1_3&#8243; _builder_version=\u00bb4.25.2&#8243; _module_preset=\u00bbdefault\u00bb global_colors_info=\u00bb{}\u00bb][et_pb_blurb title=\u00bbCalidad\u00bb image=\u00bbhttps:\/\/rubautarres.com\/wp-content\/uploads\/2024\/06\/check.svg\u00bb icon_placement=\u00bbleft\u00bb image_icon_width=\u00bb38px\u00bb _builder_version=\u00bb4.27.4&#8243; _module_preset=\u00bbdefault\u00bb header_font=\u00bb|700|||||||\u00bb header_text_color=\u00bb#01204D\u00bb header_font_size=\u00bb20px\u00bb body_text_color=\u00bb#809ABF\u00bb body_font_size=\u00bb20px\u00bb background_color=\u00bb#F2F5F9&#8243; image_icon_custom_margin=\u00bb0px||||false|false\u00bb custom_margin=\u00bb0px||18px||false|false\u00bb custom_padding=\u00bb1.5em|2em|1.5em|2em|true|true\u00bb animation_style=\u00bbfade\u00bb animation_delay=\u00bb1000ms\u00bb hover_enabled=\u00bb0&#8243; border_radii=\u00bbon|10px|10px|10px|10px\u00bb locked=\u00bboff\u00bb global_colors_info=\u00bb{}\u00bb sticky_enabled=\u00bb0&#8243;]<\/p>\n<p>Rubau Tarr\u00e9s cuenta con un equipo humano profesional y calificado en todos los niveles. Desde el a\u00f1o 2000, la auditor\u00eda externa Lloyds Register Quality Assurance Limited nos certifica seg\u00fan la Norma UNE <a href=\"https:\/\/rubautarres.com\/wp-content\/uploads\/2026\/02\/0037090-QMS-SPAES-UKAS.pdf\">ISO 9001:2015<\/a>.<\/p>\n<p>[\/et_pb_blurb][et_pb_blurb title=\u00bbMedio Ambiente\u00bb image=\u00bbhttps:\/\/rubautarres.com\/wp-content\/uploads\/2024\/06\/check.svg\u00bb icon_placement=\u00bbleft\u00bb image_icon_width=\u00bb38px\u00bb _builder_version=\u00bb4.27.4&#8243; _module_preset=\u00bbdefault\u00bb header_font=\u00bb|700|||||||\u00bb header_text_color=\u00bb#01204D\u00bb header_font_size=\u00bb20px\u00bb body_text_color=\u00bb#809ABF\u00bb body_font_size=\u00bb20px\u00bb background_color=\u00bb#F2F5F9&#8243; image_icon_custom_margin=\u00bb0px||||false|false\u00bb custom_margin=\u00bb0px||18px||false|false\u00bb custom_padding=\u00bb1.5em|2em|1.5em|2em|true|true\u00bb animation_style=\u00bbfade\u00bb animation_delay=\u00bb1000ms\u00bb hover_enabled=\u00bb0&#8243; border_radii=\u00bbon|10px|10px|10px|10px\u00bb locked=\u00bboff\u00bb global_colors_info=\u00bb{}\u00bb sticky_enabled=\u00bb0&#8243;]<\/p>\n<p>Desde 2004, como resultado de nuestra preocupaci\u00f3n por el medio ambiente, la empresa certificadora Lloyd&#8217;s Register Quality Assurance Limited nos otorga la aprobaci\u00f3n de nuestro sistema de gesti\u00f3n medioambiental seg\u00fan la Norma <a href=\"https:\/\/rubautarres.com\/wp-content\/uploads\/2026\/02\/0037089-EMS-SPAES-UKAS.pdf\">ISO 14001:2015<\/a>.<\/p>\n<p>[\/et_pb_blurb][\/et_pb_column][et_pb_column type=\u00bb1_3&#8243; _builder_version=\u00bb4.25.2&#8243; _module_preset=\u00bbdefault\u00bb global_colors_info=\u00bb{}\u00bb][et_pb_blurb title=\u00bbSeguridad y Salud\u00bb image=\u00bbhttps:\/\/rubautarres.com\/wp-content\/uploads\/2024\/06\/check.svg\u00bb icon_placement=\u00bbleft\u00bb image_icon_width=\u00bb38px\u00bb _builder_version=\u00bb4.27.4&#8243; _module_preset=\u00bbdefault\u00bb header_font=\u00bb|700|||||||\u00bb header_text_color=\u00bb#01204D\u00bb header_font_size=\u00bb20px\u00bb body_text_color=\u00bb#809ABF\u00bb body_font_size=\u00bb20px\u00bb background_color=\u00bb#F2F5F9&#8243; image_icon_custom_margin=\u00bb0px||||false|false\u00bb custom_margin=\u00bb0px||18px||false|false\u00bb custom_padding=\u00bb1.5em|2em|1.5em|2em|true|true\u00bb animation_style=\u00bbfade\u00bb animation_delay=\u00bb1000ms\u00bb hover_enabled=\u00bb0&#8243; border_radii=\u00bbon|10px|10px|10px|10px\u00bb locked=\u00bboff\u00bb global_colors_info=\u00bb{}\u00bb sticky_enabled=\u00bb0&#8243;]<\/p>\n<p>La empresa brit\u00e1nica de certificaci\u00f3n Lloyds Register Quality Assurance Limited nos ha concedido la norma <a href=\"https:\/\/rubautarres.com\/wp-content\/uploads\/2026\/02\/0037091-OHSAS-SPAES-UKAS.pdf\">ISO 45001:2018<\/a> por nuestro Sistema de Gesti\u00f3n de la Salud y Seguridad Laboral. En Rubau Tarr\u00e9s, conscientes de la importancia de la prevenci\u00f3n y reducci\u00f3n de accidentes laborales en un sector de riesgo elevado, colaboramos con ERGO LABORIS para formar y proteger a nuestro personal en todas las \u00e1reas operativas: construcci\u00f3n, manipulaci\u00f3n de materiales y uso de maquinaria.<\/p>\n<p>[\/et_pb_blurb][et_pb_blurb title=\u00bbGesti\u00f3 de l&#8217;energia\u00bb image=\u00bbhttps:\/\/rubautarres.com\/wp-content\/uploads\/2024\/06\/check.svg\u00bb icon_placement=\u00bbleft\u00bb image_icon_width=\u00bb38px\u00bb _builder_version=\u00bb4.27.4&#8243; _module_preset=\u00bbdefault\u00bb header_font=\u00bb|700|||||||\u00bb header_text_color=\u00bb#01204D\u00bb header_font_size=\u00bb20px\u00bb body_text_color=\u00bb#809ABF\u00bb body_font_size=\u00bb20px\u00bb background_color=\u00bb#F2F5F9&#8243; image_icon_custom_margin=\u00bb0px||||false|false\u00bb custom_margin=\u00bb0px||18px||false|false\u00bb custom_padding=\u00bb1.5em|2em|1.5em|2em|true|true\u00bb animation_style=\u00bbfade\u00bb animation_delay=\u00bb1000ms\u00bb hover_enabled=\u00bb0&#8243; border_radii=\u00bbon|10px|10px|10px|10px\u00bb locked=\u00bboff\u00bb global_colors_info=\u00bb{}\u00bb sticky_enabled=\u00bb0&#8243;]<\/p>\n<p>Actualmente la empresa ha implantado un Sistema de Gesti\u00f3n Energ\u00e9tica y se encuentra en pleno proceso de certificaci\u00f3n del sistema basado con la norma ISO 50001:2018. Dentro del proceso de mejora continua de la compa\u00f1\u00eda se busca mejorar el rendimiento energ\u00e9tico de los procesos productivos con un uso responsable de la energ\u00eda y fomentar las buenas pr\u00e1cticas energ\u00e9ticas entre nuestro personal y colaboradores.<\/p>\n<ul>\n<li><a href=\"https:\/\/rubautarres.com\/wp-content\/uploads\/2025\/04\/A2-10-Politica-Integrada-Q-MA-SST.pdf\">Pol\u00edtica del SIG (Sistema Integral de Gesti\u00f3)<\/a><\/li>\n<li><a href=\"https:\/\/rubautarres.com\/wp-content\/uploads\/2025\/04\/A2-1-Politica_50001.pdf\">Pol\u00edtica energ\u00e8tica<\/a><\/li>\n<\/ul>\n<p>[\/et_pb_blurb][\/et_pb_column][\/et_pb_row][\/et_pb_section][et_pb_section fb_built=\u00bb1&#8243; _builder_version=\u00bb4.25.2&#8243; _module_preset=\u00bbdefault\u00bb use_background_color_gradient=\u00bbon\u00bb background_color_gradient_stops=\u00bb#ffffff 1%|#ffffff 18%|rgba(242,245,249,0) 100%\u00bb background_color_gradient_overlays_image=\u00bbon\u00bb background_image=\u00bbhttps:\/\/rubautarres.com\/wp-content\/uploads\/2024\/06\/background-scaled.jpg\u00bb custom_padding=\u00bb160px||160px||false|false\u00bb global_colors_info=\u00bb{}\u00bb][et_pb_row _builder_version=\u00bb4.25.2&#8243; _module_preset=\u00bbdefault\u00bb global_colors_info=\u00bb{}\u00bb][et_pb_column type=\u00bb4_4&#8243; _builder_version=\u00bb4.25.2&#8243; _module_preset=\u00bbdefault\u00bb global_colors_info=\u00bb{}\u00bb][et_pb_text _builder_version=\u00bb4.25.2&#8243; _module_preset=\u00bbdefault\u00bb text_font=\u00bb|700|||||||\u00bb text_font_size=\u00bb90px\u00bb text_line_height=\u00bb90%\u00bb text_orientation=\u00bbcenter\u00bb custom_margin=\u00bb||0.75em||false|false\u00bb text_font_size_tablet=\u00bb72px\u00bb text_font_size_phone=\u00bb58px\u00bb text_font_size_last_edited=\u00bbon|tablet\u00bb global_colors_info=\u00bb{}\u00bb]<\/p>\n<p>\u00danete al equipo<\/p>\n<p>[\/et_pb_text][et_pb_text _builder_version=\u00bb4.25.2&#8243; _module_preset=\u00bbdefault\u00bb text_text_color=\u00bb#01204D\u00bb text_orientation=\u00bbcenter\u00bb max_width=\u00bb980px\u00bb module_alignment=\u00bbcenter\u00bb custom_margin=\u00bb32px||45px||false|false\u00bb global_colors_info=\u00bb{}\u00bb]<\/p>\n<p>Rubau Tarr\u00e9s es una empresa muy din\u00e1mica y en constante evoluci\u00f3n. Si quieres formar parte de nuestro equipo, env\u00edanos tu curr\u00edculum a la BOLSA DE TRABAJO, y nos pondremos en contacto contigo cuando tengamos una vacante acorde con tu perfil profesional. <\/p>\n<p>Agradeceremos que los curr\u00edculos que nos hagan llegar incluyan, adem\u00e1s de su vida laboral y acad\u00e9mica, un escrito donde nos explique qu\u00e9 percepci\u00f3n tiene de nuestra empresa y en qu\u00e9 departamento cree que podr\u00eda encajar.<\/p>\n<p>[\/et_pb_text][dsm_contact_form_7 cf7_library=\u00bb468&#8243; input_background_color=\u00bb#FFFFFF\u00bb file_background_color=\u00bbRGBA(255,255,255,0)\u00bb module_class=\u00bbcf7_2columnas\u00bb _builder_version=\u00bb4.27.4&#8243; _module_preset=\u00bbdefault\u00bb input_textarea_select_font_size=\u00bb16px\u00bb file_font_size=\u00bb17px\u00bb custom_button_one=\u00bbon\u00bb button_one_text_color=\u00bb#01204D\u00bb button_one_font=\u00bb|600|||||||\u00bb button_one_icon=\u00bb&#x24;||divi||400&#8243; button_one_on_hover=\u00bboff\u00bb button_one_custom_padding=\u00bb1em|3.8em|1em|2.5em|true|false\u00bb width=\u00bb65%\u00bb module_alignment=\u00bbcenter\u00bb border_radii_image=\u00bbon|6px|6px|6px|6px\u00bb border_width_all_image=\u00bb1px\u00bb border_color_all_image=\u00bb#E6EBF2&#8243; global_colors_info=\u00bb{}\u00bb button_one_bg_color__hover_enabled=\u00bbon|hover\u00bb button_one_bg_color__hover=\u00bb#01204D\u00bb button_one_bg_enable_color__hover=\u00bbon\u00bb button_one_text_color__hover_enabled=\u00bbon|desktop\u00bb button_one_text_color__hover=\u00bb#FFFFFF\u00bb][\/dsm_contact_form_7][\/et_pb_column][\/et_pb_row][\/et_pb_section]<\/p>\n","protected":false},"excerpt":{"rendered":"<p>Calidad y sostenibilidadConstruimos el futuroFundada en 1971, es una destacada empresa constructora con sedes en Verges y Girona. Especializada en cinco \u00e1reas: ingenier\u00eda civil, edificaci\u00f3n, mantenimiento, explotaci\u00f3n de obras en concesi\u00f3n y conservaci\u00f3n de carreteras.COMPROMISOFactores que nos definenEn Rubau Tarr\u00e9s estamos comprometidos con el medio ambiente, minimizando la huella de carbono de nuestra actividad, as\u00ed como la innovaci\u00f3n constante y la optimizaci\u00f3n de nuestros procesos constructivos. Estos pilares aseguran la excelencia en cada proyecto que realizamos. Rubau Tarr\u00e9s cuenta con un equipo humano profesional y calificado en todos los niveles. Desde el a\u00f1o 2000, la auditor\u00eda externa Lloyds Register Quality Assurance Limited nos certifica seg\u00fan la Norma UNE ISO 9001:2015.Desde 2004, como resultado de nuestra preocupaci\u00f3n por el medio ambiente, la empresa certificadora Lloyd&#8217;s Register Quality Assurance Limited nos otorga la aprobaci\u00f3n de nuestro sistema de gesti\u00f3n medioambiental seg\u00fan la Norma ISO 14001:2015.La empresa brit\u00e1nica de certificaci\u00f3n Lloyds Register Quality Assurance Limited nos ha concedido la norma ISO 45001:2018 por nuestro Sistema de Gesti\u00f3n de la Salud y Seguridad Laboral. En Rubau Tarr\u00e9s, conscientes de la importancia de la prevenci\u00f3n y reducci\u00f3n de accidentes laborales en un sector de riesgo elevado, colaboramos con ERGO LABORIS para formar y proteger a [&hellip;]<\/p>\n","protected":false},"author":2,"featured_media":0,"parent":0,"menu_order":0,"comment_status":"closed","ping_status":"closed","template":"","meta":{"_acf_changed":false,"_et_pb_use_builder":"on","_et_pb_old_content":"","_et_gb_content_width":"","footnotes":""},"class_list":["post-1618","page","type-page","status-publish","hentry"],"acf":[],"yoast_head":"<!-- This site is optimized with the Yoast SEO plugin v27.4 - https:\/\/yoast.com\/product\/yoast-seo-wordpress\/ -->\n<title>Nosotros - Rubau Tarr\u00e8s<\/title>\n<meta name=\"description\" content=\"Empresa constructora con sede a Girona, comprometida con calidad, sostenibilidad, seguridad y eficiencia energ\u00e9tica.\" \/>\n<meta name=\"robots\" content=\"index, follow, max-snippet:-1, max-image-preview:large, max-video-preview:-1\" \/>\n<link rel=\"canonical\" href=\"https:\/\/rubautarres.com\/es\/nosotros\/\" \/>\n<meta property=\"og:locale\" content=\"es_ES\" \/>\n<meta property=\"og:type\" content=\"article\" \/>\n<meta property=\"og:title\" content=\"Nosotros - Rubau Tarr\u00e8s\" \/>\n<meta property=\"og:description\" content=\"Empresa constructora con sede a Girona, comprometida con calidad, sostenibilidad, seguridad y eficiencia energ\u00e9tica.\" \/>\n<meta property=\"og:url\" content=\"https:\/\/rubautarres.com\/es\/nosotros\/\" \/>\n<meta property=\"og:site_name\" content=\"Rubau Tarr\u00e8s\" \/>\n<meta property=\"article:publisher\" content=\"https:\/\/www.facebook.com\/RubauTarresSAU\" \/>\n<meta property=\"article:modified_time\" content=\"2026-02-10T12:10:14+00:00\" \/>\n<meta name=\"twitter:card\" content=\"summary_large_image\" \/>\n<meta name=\"twitter:site\" content=\"@rubautarres\" \/>\n<meta name=\"twitter:label1\" content=\"Tiempo de lectura\" \/>\n\t<meta name=\"twitter:data1\" content=\"4 minutos\" \/>\n<script type=\"application\/ld+json\" class=\"yoast-schema-graph\">{\"@context\":\"https:\\\/\\\/schema.org\",\"@graph\":[{\"@type\":\"WebPage\",\"@id\":\"https:\\\/\\\/rubautarres.com\\\/es\\\/nosotros\\\/\",\"url\":\"https:\\\/\\\/rubautarres.com\\\/es\\\/nosotros\\\/\",\"name\":\"Nosotros - Rubau Tarr\u00e8s\",\"isPartOf\":{\"@id\":\"https:\\\/\\\/rubautarres.com\\\/es\\\/#website\"},\"datePublished\":\"2024-06-24T16:14:19+00:00\",\"dateModified\":\"2026-02-10T12:10:14+00:00\",\"description\":\"Empresa constructora con sede a Girona, comprometida con calidad, sostenibilidad, seguridad y eficiencia energ\u00e9tica.\",\"breadcrumb\":{\"@id\":\"https:\\\/\\\/rubautarres.com\\\/es\\\/nosotros\\\/#breadcrumb\"},\"inLanguage\":\"es\",\"potentialAction\":[{\"@type\":\"ReadAction\",\"target\":[\"https:\\\/\\\/rubautarres.com\\\/es\\\/nosotros\\\/\"]}]},{\"@type\":\"BreadcrumbList\",\"@id\":\"https:\\\/\\\/rubautarres.com\\\/es\\\/nosotros\\\/#breadcrumb\",\"itemListElement\":[{\"@type\":\"ListItem\",\"position\":1,\"name\":\"Portada\",\"item\":\"https:\\\/\\\/rubautarres.com\\\/es\\\/\"},{\"@type\":\"ListItem\",\"position\":2,\"name\":\"Nosotros\"}]},{\"@type\":\"WebSite\",\"@id\":\"https:\\\/\\\/rubautarres.com\\\/es\\\/#website\",\"url\":\"https:\\\/\\\/rubautarres.com\\\/es\\\/\",\"name\":\"Rubau Tarr\u00e8s\",\"description\":\"Nosaltres constru\u00efm perqu\u00e8 tu avancis\",\"publisher\":{\"@id\":\"https:\\\/\\\/rubautarres.com\\\/es\\\/#organization\"},\"potentialAction\":[{\"@type\":\"SearchAction\",\"target\":{\"@type\":\"EntryPoint\",\"urlTemplate\":\"https:\\\/\\\/rubautarres.com\\\/es\\\/?s={search_term_string}\"},\"query-input\":{\"@type\":\"PropertyValueSpecification\",\"valueRequired\":true,\"valueName\":\"search_term_string\"}}],\"inLanguage\":\"es\"},{\"@type\":\"Organization\",\"@id\":\"https:\\\/\\\/rubautarres.com\\\/es\\\/#organization\",\"name\":\"Rubau Tarr\u00e8s\",\"url\":\"https:\\\/\\\/rubautarres.com\\\/es\\\/\",\"logo\":{\"@type\":\"ImageObject\",\"inLanguage\":\"es\",\"@id\":\"https:\\\/\\\/rubautarres.com\\\/es\\\/#\\\/schema\\\/logo\\\/image\\\/\",\"url\":\"https:\\\/\\\/rubautarres.com\\\/wp-content\\\/uploads\\\/2024\\\/06\\\/logo.png\",\"contentUrl\":\"https:\\\/\\\/rubautarres.com\\\/wp-content\\\/uploads\\\/2024\\\/06\\\/logo.png\",\"width\":780,\"height\":144,\"caption\":\"Rubau Tarr\u00e8s\"},\"image\":{\"@id\":\"https:\\\/\\\/rubautarres.com\\\/es\\\/#\\\/schema\\\/logo\\\/image\\\/\"},\"sameAs\":[\"https:\\\/\\\/www.facebook.com\\\/RubauTarresSAU\",\"https:\\\/\\\/x.com\\\/rubautarres\"]}]}<\/script>\n<!-- \/ Yoast SEO plugin. -->","yoast_head_json":{"title":"Nosotros - Rubau Tarr\u00e8s","description":"Empresa constructora con sede a Girona, comprometida con calidad, sostenibilidad, seguridad y eficiencia energ\u00e9tica.","robots":{"index":"index","follow":"follow","max-snippet":"max-snippet:-1","max-image-preview":"max-image-preview:large","max-video-preview":"max-video-preview:-1"},"canonical":"https:\/\/rubautarres.com\/es\/nosotros\/","og_locale":"es_ES","og_type":"article","og_title":"Nosotros - Rubau Tarr\u00e8s","og_description":"Empresa constructora con sede a Girona, comprometida con calidad, sostenibilidad, seguridad y eficiencia energ\u00e9tica.","og_url":"https:\/\/rubautarres.com\/es\/nosotros\/","og_site_name":"Rubau Tarr\u00e8s","article_publisher":"https:\/\/www.facebook.com\/RubauTarresSAU","article_modified_time":"2026-02-10T12:10:14+00:00","twitter_card":"summary_large_image","twitter_site":"@rubautarres","twitter_misc":{"Tiempo de lectura":"4 minutos"},"schema":{"@context":"https:\/\/schema.org","@graph":[{"@type":"WebPage","@id":"https:\/\/rubautarres.com\/es\/nosotros\/","url":"https:\/\/rubautarres.com\/es\/nosotros\/","name":"Nosotros - Rubau Tarr\u00e8s","isPartOf":{"@id":"https:\/\/rubautarres.com\/es\/#website"},"datePublished":"2024-06-24T16:14:19+00:00","dateModified":"2026-02-10T12:10:14+00:00","description":"Empresa constructora con sede a Girona, comprometida con calidad, sostenibilidad, seguridad y eficiencia energ\u00e9tica.","breadcrumb":{"@id":"https:\/\/rubautarres.com\/es\/nosotros\/#breadcrumb"},"inLanguage":"es","potentialAction":[{"@type":"ReadAction","target":["https:\/\/rubautarres.com\/es\/nosotros\/"]}]},{"@type":"BreadcrumbList","@id":"https:\/\/rubautarres.com\/es\/nosotros\/#breadcrumb","itemListElement":[{"@type":"ListItem","position":1,"name":"Portada","item":"https:\/\/rubautarres.com\/es\/"},{"@type":"ListItem","position":2,"name":"Nosotros"}]},{"@type":"WebSite","@id":"https:\/\/rubautarres.com\/es\/#website","url":"https:\/\/rubautarres.com\/es\/","name":"Rubau Tarr\u00e8s","description":"Nosaltres constru\u00efm perqu\u00e8 tu avancis","publisher":{"@id":"https:\/\/rubautarres.com\/es\/#organization"},"potentialAction":[{"@type":"SearchAction","target":{"@type":"EntryPoint","urlTemplate":"https:\/\/rubautarres.com\/es\/?s={search_term_string}"},"query-input":{"@type":"PropertyValueSpecification","valueRequired":true,"valueName":"search_term_string"}}],"inLanguage":"es"},{"@type":"Organization","@id":"https:\/\/rubautarres.com\/es\/#organization","name":"Rubau Tarr\u00e8s","url":"https:\/\/rubautarres.com\/es\/","logo":{"@type":"ImageObject","inLanguage":"es","@id":"https:\/\/rubautarres.com\/es\/#\/schema\/logo\/image\/","url":"https:\/\/rubautarres.com\/wp-content\/uploads\/2024\/06\/logo.png","contentUrl":"https:\/\/rubautarres.com\/wp-content\/uploads\/2024\/06\/logo.png","width":780,"height":144,"caption":"Rubau Tarr\u00e8s"},"image":{"@id":"https:\/\/rubautarres.com\/es\/#\/schema\/logo\/image\/"},"sameAs":["https:\/\/www.facebook.com\/RubauTarresSAU","https:\/\/x.com\/rubautarres"]}]}},"_links":{"self":[{"href":"https:\/\/rubautarres.com\/es\/wp-json\/wp\/v2\/pages\/1618","targetHints":{"allow":["GET"]}}],"collection":[{"href":"https:\/\/rubautarres.com\/es\/wp-json\/wp\/v2\/pages"}],"about":[{"href":"https:\/\/rubautarres.com\/es\/wp-json\/wp\/v2\/types\/page"}],"author":[{"embeddable":true,"href":"https:\/\/rubautarres.com\/es\/wp-json\/wp\/v2\/users\/2"}],"replies":[{"embeddable":true,"href":"https:\/\/rubautarres.com\/es\/wp-json\/wp\/v2\/comments?post=1618"}],"version-history":[{"count":12,"href":"https:\/\/rubautarres.com\/es\/wp-json\/wp\/v2\/pages\/1618\/revisions"}],"predecessor-version":[{"id":4454,"href":"https:\/\/rubautarres.com\/es\/wp-json\/wp\/v2\/pages\/1618\/revisions\/4454"}],"wp:attachment":[{"href":"https:\/\/rubautarres.com\/es\/wp-json\/wp\/v2\/media?parent=1618"}],"curies":[{"name":"wp","href":"https:\/\/api.w.org\/{rel}","templated":true}]}}