{"id":1631,"date":"2024-11-03T12:41:26","date_gmt":"2024-11-03T11:41:26","guid":{"rendered":"https:\/\/rubautarres.com\/servicios\/explotacion-de-obras-en-concesion\/"},"modified":"2025-06-11T12:46:54","modified_gmt":"2025-06-11T10:46:54","slug":"explotacion-de-obras-en-concesion","status":"publish","type":"page","link":"https:\/\/rubautarres.com\/es\/servicios\/explotacion-de-obras-en-concesion\/","title":{"rendered":"Explotaci\u00f3n de obras en concesi\u00f3n"},"content":{"rendered":"<p>[et_pb_section fb_built=\u00bb1&#8243; _builder_version=\u00bb4.25.2&#8243; _module_preset=\u00bbdefault\u00bb custom_padding=\u00bb||160px||false|false\u00bb global_colors_info=\u00bb{}\u00bb][et_pb_row column_structure=\u00bb1_2,1_2&#8243; make_equal=\u00bbon\u00bb module_class=\u00bbalign-center\u00bb _builder_version=\u00bb4.25.2&#8243; _module_preset=\u00bbdefault\u00bb custom_margin=\u00bb100px||||false|false\u00bb custom_css_free_form=\u00bbimg {||  object-fit: cover;||}\u00bb global_colors_info=\u00bb{}\u00bb][et_pb_column type=\u00bb1_2&#8243; _builder_version=\u00bb4.25.2&#8243; _module_preset=\u00bbdefault\u00bb global_colors_info=\u00bb{}\u00bb][et_pb_text module_class=\u00bbtitle-separator-animation\u00bb _builder_version=\u00bb4.27.4&#8243; _module_preset=\u00bbdefault\u00bb custom_margin=\u00bb||10px||false|false\u00bb hover_enabled=\u00bb0&#8243; global_colors_info=\u00bb{}\u00bb sticky_enabled=\u00bb0&#8243;]<\/p>\n<h1 class=\"title-h2\">Explotaci\u00f3n de obras en concesi\u00f3n<\/h1>\n<p>[\/et_pb_text][et_pb_text module_class=\u00bbtitle-separator-animation\u00bb _builder_version=\u00bb4.27.4&#8243; _module_preset=\u00bbdefault\u00bb custom_margin=\u00bb||20px||false|false\u00bb custom_padding=\u00bb||0px||false|false\u00bb hover_enabled=\u00bb0&#8243; global_colors_info=\u00bb{}\u00bb sticky_enabled=\u00bb0&#8243;]<\/p>\n<h2>Gesti\u00f3n eficiente de infraestructuras para el bienestar de las comunidades<\/h2>\n<p>[\/et_pb_text][et_pb_text _builder_version=\u00bb4.25.2&#8243; _module_preset=\u00bbdefault\u00bb global_colors_info=\u00bb{}\u00bb]<\/p>\n<p><span class=\"s5\">En <\/span><span class=\"s5\">Rubau<\/span><span class=\"s5\"> <\/span><span class=\"s5\">Tarr\u00e9s<\/span><span class=\"s5\">, <\/span><span class=\"s5\">ofrecemos<\/span><span class=\"s5\"> <\/span><span class=\"s5\">servicios<\/span><span class=\"s5\"> <\/span><span class=\"s5\">de explotaci\u00f3n<\/span><span class=\"s5\"> <\/span><span class=\"s5\">de obras<\/span><span class=\"s5\"> en <\/span><span class=\"s5\">concesi\u00f3n<\/span><span class=\"s5\"> <\/span><span class=\"s5\">con<\/span><span class=\"s5\"> un <\/span><span class=\"s5\">enfoque<\/span><span class=\"s5\"> en la <\/span><span class=\"s5\">gesti\u00f3n<\/span><span class=\"s5\"> <\/span><span class=\"s5\">eficiente<\/span><span class=\"s5\"> y sostenible. Desde  <\/span><span class=\"s5\">mercados<\/span><span class=\"s5\"> y<\/span><span class=\"s5\"> aparcamientos hasta zonas azules, cada proyecto en concesi\u00f3n<\/span><span class=\"s5\"> es <\/span><span class=\"s5\">una <\/span><span class=\"s5\">oportunidad<\/span> <span class=\"s5\">para<\/span><span class=\"s5\"> mejorar<\/span><span class=\"s5\"> la <\/span><span class=\"s5\">calidad <\/span><span class=\"s5\">de vida de las personas<\/span><span class=\"s5\">. <\/span><span class=\"s5\">Nos<\/span><span class=\"s5\"> <\/span><span class=\"s5\">dedicamos<\/span><span class=\"s5\"> a <\/span><span class=\"s5\">maximizar<\/span><span class=\"s5\"> el valor de las <\/span><span class=\"s5\">infraestructuras<\/span><span class=\"s5\"> <\/span><span class=\"s5\">con <\/span><span class=\"s5\">un<\/span><span class=\"s5\"> servicio<\/span> <span class=\"s5\"><\/span><span class=\"s5\">orientado<\/span><span class=\"s5\"> a la <\/span><span class=\"s5\">satisfacci\u00f3n<\/span><span class=\"s5\"> <\/span><span class=\"s5\">mercadde los<\/span><span class=\"s5\"> <\/span><span class=\"s5\">usuarios<\/span><span class=\"s5\">, <\/span><span class=\"s5\">la eficiencia<\/span><span class=\"s5\"> operativa y la <\/span><span class=\"s5\">reducci\u00f3n<\/span><span class=\"s5\"> del <\/span><span class=\"s5\">impacto <\/span><span class=\"s5\">ambiental.<\/span><\/p>\n<p>[\/et_pb_text][\/et_pb_column][et_pb_column type=\u00bb1_2&#8243; _builder_version=\u00bb4.25.2&#8243; _module_preset=\u00bbdefault\u00bb global_colors_info=\u00bb{}\u00bb][et_pb_divider show_divider=\u00bboff\u00bb _builder_version=\u00bb4.25.2&#8243; _module_preset=\u00bbdefault\u00bb background_image=\u00bbhttps:\/\/rubautarres.com\/wp-content\/uploads\/2024\/10\/Group-0-F0168_20150125_070_F0168_20150125_073-2-images1-1030&#215;615-2.jpg\u00bb min_height=\u00bb600px\u00bb animation_style=\u00bbslide\u00bb animation_direction=\u00bbbottom\u00bb animation_duration=\u00bb600ms\u00bb animation_intensity_slide=\u00bb8%\u00bb border_radii=\u00bbon|10px|10px|10px|10px\u00bb global_colors_info=\u00bb{}\u00bb][\/et_pb_divider][\/et_pb_column][\/et_pb_row][\/et_pb_section][et_pb_section fb_built=\u00bb1&#8243; _builder_version=\u00bb4.25.2&#8243; _module_preset=\u00bbdefault\u00bb background_color=\u00bb#FFFFFF\u00bb custom_padding=\u00bb180px||180px||false|false\u00bb scroll_vertical_motion=\u00bb0|23|23|100|0|0|0&#8243; border_radii=\u00bbon|50px|50px|50px|50px\u00bb global_colors_info=\u00bb{}\u00bb][et_pb_row column_structure=\u00bb1_2,1_2&#8243; make_equal=\u00bbon\u00bb module_class=\u00bbalign-center\u00bb _builder_version=\u00bb4.25.2&#8243; _module_preset=\u00bbdefault\u00bb custom_margin=\u00bb|auto|72px|auto|false|false\u00bb global_colors_info=\u00bb{}\u00bb][et_pb_column type=\u00bb1_2&#8243; _builder_version=\u00bb4.25.2&#8243; _module_preset=\u00bbdefault\u00bb global_colors_info=\u00bb{}\u00bb][et_pb_divider show_divider=\u00bboff\u00bb _builder_version=\u00bb4.27.4&#8243; _module_preset=\u00bbdefault\u00bb background_image=\u00bbhttps:\/\/rubautarres.com\/wp-content\/uploads\/2024\/12\/AGP1782a_6574-Pano.jpg\u00bb min_height=\u00bb600px\u00bb animation_style=\u00bbslide\u00bb animation_direction=\u00bbbottom\u00bb animation_duration=\u00bb600ms\u00bb animation_intensity_slide=\u00bb8%\u00bb border_radii=\u00bbon|10px|10px|10px|10px\u00bb global_colors_info=\u00bb{}\u00bb][\/et_pb_divider][\/et_pb_column][et_pb_column type=\u00bb1_2&#8243; _builder_version=\u00bb4.25.2&#8243; _module_preset=\u00bbdefault\u00bb global_colors_info=\u00bb{}\u00bb][et_pb_text module_class=\u00bbtitle-separator-animation\u00bb _builder_version=\u00bb4.25.2&#8243; _module_preset=\u00bbdefault\u00bb header_2_font=\u00bb|800|||||||\u00bb header_2_font_size=\u00bb48px\u00bb width=\u00bb85%\u00bb custom_margin=\u00bb||20px||false|false\u00bb custom_padding=\u00bb||0px||false|false\u00bb locked=\u00bboff\u00bb global_colors_info=\u00bb{}\u00bb]<\/p>\n<h2>Gesti\u00f3n de mercados: dinamizando la econom\u00eda local<\/h2>\n<p>[\/et_pb_text][et_pb_text _builder_version=\u00bb4.25.2&#8243; _module_preset=\u00bbdefault\u00bb custom_margin=\u00bb||0px||false|false\u00bb global_colors_info=\u00bb{}\u00bb]<\/p>\n<p>Los mercados son esenciales por el tejido social y la econom\u00eda de la sociedad. En Rubau Tarr\u00e9s gestionamos integralmente mercados en concesi\u00f3n, garantizando que operen en condiciones \u00f3ptimas y en armon\u00eda con el entorno urbano. Nuestra gesti\u00f3n incluye la modernizaci\u00f3n de infraestructuras, la optimizaci\u00f3n del espacio para comerciantes y visitantes y la implementaci\u00f3n de medidas sostenibles como la gesti\u00f3n de residuos y el uso de energ\u00edas renovables. Adem\u00e1s, dinamizamos estos espacios, fomentando el comercio local y convirti\u00e9ndolos en puntos de encuentro comunitario, contribuyendo as\u00ed al crecimiento econ\u00f3mico ya la cohesi\u00f3n social.   <\/p>\n<p>[\/et_pb_text][\/et_pb_column][\/et_pb_row][et_pb_row column_structure=\u00bb1_2,1_2&#8243; make_equal=\u00bbon\u00bb module_class=\u00bbalign-center\u00bb _builder_version=\u00bb4.25.2&#8243; _module_preset=\u00bbdefault\u00bb custom_margin=\u00bb|auto|72px|auto|false|false\u00bb global_colors_info=\u00bb{}\u00bb][et_pb_column type=\u00bb1_2&#8243; _builder_version=\u00bb4.25.2&#8243; _module_preset=\u00bbdefault\u00bb global_colors_info=\u00bb{}\u00bb][et_pb_text module_class=\u00bbtitle-separator-animation\u00bb _builder_version=\u00bb4.25.2&#8243; _module_preset=\u00bbdefault\u00bb header_2_font=\u00bb|800|||||||\u00bb header_2_font_size=\u00bb48px\u00bb width=\u00bb85%\u00bb custom_margin=\u00bb||20px||false|false\u00bb custom_padding=\u00bb||0px||false|false\u00bb locked=\u00bboff\u00bb global_colors_info=\u00bb{}\u00bb]<\/p>\n<h2>Aparcamientos y zonas azules: comodidad y ordenaci\u00f3n del tr\u00e1fico<\/h2>\n<p>[\/et_pb_text][et_pb_text _builder_version=\u00bb4.25.2&#8243; _module_preset=\u00bbdefault\u00bb custom_margin=\u00bb-1px||0px||false|false\u00bb global_colors_info=\u00bb{}\u00bb]<\/p>\n<p>Ofrecemos un servicio integral que abarca desde la concepci\u00f3n del proyecto hasta la construcci\u00f3n y explotaci\u00f3n de infraestructuras destinadas a la gesti\u00f3n de aparcamientos y zonas azules. Nuestro enfoque combina innovaci\u00f3n, sostenibilidad y eficiencia para garantizar soluciones adaptadas a las necesidades de movilidad urbana, optimizando la experiencia de los usuarios y contribuyendo a ordenar el tr\u00e1fico en las ciudades. Con una visi\u00f3n a largo plazo, implementamos tecnolog\u00edas avanzadas y pr\u00e1cticas responsables para maximizar el valor de las infraestructuras y promover un impacto positivo en las comunidades.  <\/p>\n<p>[\/et_pb_text][\/et_pb_column][et_pb_column type=\u00bb1_2&#8243; _builder_version=\u00bb4.25.2&#8243; _module_preset=\u00bbdefault\u00bb global_colors_info=\u00bb{}\u00bb][et_pb_divider show_divider=\u00bboff\u00bb _builder_version=\u00bb4.25.2&#8243; _module_preset=\u00bbdefault\u00bb background_image=\u00bbhttps:\/\/rubautarres.com\/wp-content\/uploads\/2024\/10\/F0273_20170501_040-scaled.jpg\u00bb min_height=\u00bb600px\u00bb animation_style=\u00bbslide\u00bb animation_direction=\u00bbbottom\u00bb animation_duration=\u00bb600ms\u00bb animation_intensity_slide=\u00bb8%\u00bb border_radii=\u00bbon|10px|10px|10px|10px\u00bb global_colors_info=\u00bb{}\u00bb][\/et_pb_divider][\/et_pb_column][\/et_pb_row][et_pb_row column_structure=\u00bb1_2,1_2&#8243; make_equal=\u00bbon\u00bb module_class=\u00bbalign-center\u00bb _builder_version=\u00bb4.25.2&#8243; _module_preset=\u00bbdefault\u00bb custom_margin=\u00bb|auto||auto|false|false\u00bb global_colors_info=\u00bb{}\u00bb][et_pb_column type=\u00bb1_2&#8243; _builder_version=\u00bb4.25.2&#8243; _module_preset=\u00bbdefault\u00bb global_colors_info=\u00bb{}\u00bb][et_pb_divider show_divider=\u00bboff\u00bb _builder_version=\u00bb4.25.2&#8243; _module_preset=\u00bbdefault\u00bb background_image=\u00bbhttps:\/\/rubautarres.com\/wp-content\/uploads\/2024\/10\/F0619_20230418_010.jpg\u00bb min_height=\u00bb600px\u00bb animation_style=\u00bbslide\u00bb animation_direction=\u00bbbottom\u00bb animation_duration=\u00bb600ms\u00bb animation_intensity_slide=\u00bb8%\u00bb border_radii=\u00bbon|10px|10px|10px|10px\u00bb global_colors_info=\u00bb{}\u00bb][\/et_pb_divider][\/et_pb_column][et_pb_column type=\u00bb1_2&#8243; _builder_version=\u00bb4.25.2&#8243; _module_preset=\u00bbdefault\u00bb global_colors_info=\u00bb{}\u00bb][et_pb_text module_class=\u00bbtitle-separator-animation\u00bb _builder_version=\u00bb4.25.2&#8243; _module_preset=\u00bbdefault\u00bb header_2_font=\u00bb|800|||||||\u00bb header_2_font_size=\u00bb48px\u00bb width=\u00bb85%\u00bb custom_margin=\u00bb||20px||false|false\u00bb custom_padding=\u00bb||0px||false|false\u00bb locked=\u00bboff\u00bb global_colors_info=\u00bb{}\u00bb]<\/p>\n<h2>Infraestructuras en concesi\u00f3n: mantenimiento y mejora continua<\/h2>\n<p>[\/et_pb_text][et_pb_text _builder_version=\u00bb4.25.2&#8243; _module_preset=\u00bbdefault\u00bb custom_margin=\u00bb||0px||false|false\u00bb custom_padding=\u00bb||0px|||\u00bb global_colors_info=\u00bb{}\u00bb]<\/p>\n<p>En Rubau Tarr\u00e9s, consideramos esencial el buen mantenimiento de las infraestructuras en concesi\u00f3n para asegurar la durabilidad y funcionalidad. Nos encargamos del mantenimiento regular y la modernizaci\u00f3n de estas instalaciones para garantizar una experiencia \u00f3ptima para los usuarios y alargar la vida \u00fatil de cada obra. Aplicamos programas de mantenimiento preventivo para detectar y resolver problemas antes de que afecten el servicio, y realizamos mejoras continuas para adaptar las infraestructuras a las necesidades de las comunidades. As\u00ed, garantizamos que nuestras obras cumplan con los m\u00e1s altos est\u00e1ndares de calidad, sostenibilidad y seguridad.   <\/p>\n<p>[\/et_pb_text][\/et_pb_column][\/et_pb_row][\/et_pb_section]<\/p>\n","protected":false},"excerpt":{"rendered":"<p>Explotaci\u00f3n de obras en concesi\u00f3nGesti\u00f3n eficiente de infraestructuras para el bienestar de las comunidadesEn Rubau Tarr\u00e9s, ofrecemos servicios de explotaci\u00f3n de obras en concesi\u00f3n con un enfoque en la gesti\u00f3n eficiente y sostenible. Desde mercados y aparcamientos hasta zonas azules, cada proyecto en concesi\u00f3n es una oportunidad para mejorar la calidad de vida de las personas. Nos dedicamos a maximizar el valor de las infraestructuras con un servicio orientado a la satisfacci\u00f3n mercadde los usuarios, la eficiencia operativa y la reducci\u00f3n del impacto ambiental.Gesti\u00f3n de mercados: dinamizando la econom\u00eda localLos mercados son esenciales por el tejido social y la econom\u00eda de la sociedad. En Rubau Tarr\u00e9s gestionamos integralmente mercados en concesi\u00f3n, garantizando que operen en condiciones \u00f3ptimas y en armon\u00eda con el entorno urbano. Nuestra gesti\u00f3n incluye la modernizaci\u00f3n de infraestructuras, la optimizaci\u00f3n del espacio para comerciantes y visitantes y la implementaci\u00f3n de medidas sostenibles como la gesti\u00f3n de residuos y el uso de energ\u00edas renovables. Adem\u00e1s, dinamizamos estos espacios, fomentando el comercio local y convirti\u00e9ndolos en puntos de encuentro comunitario, contribuyendo as\u00ed al crecimiento econ\u00f3mico ya la cohesi\u00f3n social. Aparcamientos y zonas azules: comodidad y ordenaci\u00f3n del tr\u00e1ficoOfrecemos un servicio integral que abarca desde la concepci\u00f3n del proyecto hasta [&hellip;]<\/p>\n","protected":false},"author":2,"featured_media":0,"parent":1625,"menu_order":0,"comment_status":"closed","ping_status":"closed","template":"","meta":{"_acf_changed":false,"_et_pb_use_builder":"on","_et_pb_old_content":"","_et_gb_content_width":"","footnotes":""},"class_list":["post-1631","page","type-page","status-publish","hentry"],"acf":[],"yoast_head":"<!-- This site is optimized with the Yoast SEO plugin v27.4 - https:\/\/yoast.com\/product\/yoast-seo-wordpress\/ -->\n<title>Explotaci\u00f3n de obras en concesi\u00f3n - Rubau Tarr\u00e8s<\/title>\n<meta name=\"description\" content=\"Gesti\u00f3n de mercados, aparcamientos y zonas azules con soluciones eficientes y sostenibles para mejorar la movilidad y la vida urbana.\" \/>\n<meta name=\"robots\" content=\"index, follow, max-snippet:-1, max-image-preview:large, max-video-preview:-1\" \/>\n<link rel=\"canonical\" href=\"https:\/\/rubautarres.com\/es\/servicios\/explotacion-de-obras-en-concesion\/\" \/>\n<meta property=\"og:locale\" content=\"es_ES\" \/>\n<meta property=\"og:type\" content=\"article\" \/>\n<meta property=\"og:title\" content=\"Explotaci\u00f3n de obras en concesi\u00f3n - Rubau Tarr\u00e8s\" \/>\n<meta property=\"og:description\" content=\"Gesti\u00f3n de mercados, aparcamientos y zonas azules con soluciones eficientes y sostenibles para mejorar la movilidad y la vida urbana.\" \/>\n<meta property=\"og:url\" content=\"https:\/\/rubautarres.com\/es\/servicios\/explotacion-de-obras-en-concesion\/\" \/>\n<meta property=\"og:site_name\" content=\"Rubau Tarr\u00e8s\" \/>\n<meta property=\"article:publisher\" content=\"https:\/\/www.facebook.com\/RubauTarresSAU\" \/>\n<meta property=\"article:modified_time\" content=\"2025-06-11T10:46:54+00:00\" \/>\n<meta name=\"twitter:card\" content=\"summary_large_image\" \/>\n<meta name=\"twitter:site\" content=\"@rubautarres\" \/>\n<meta name=\"twitter:label1\" content=\"Tiempo de lectura\" \/>\n\t<meta name=\"twitter:data1\" content=\"3 minutos\" \/>\n<script type=\"application\/ld+json\" class=\"yoast-schema-graph\">{\"@context\":\"https:\\\/\\\/schema.org\",\"@graph\":[{\"@type\":\"WebPage\",\"@id\":\"https:\\\/\\\/rubautarres.com\\\/es\\\/servicios\\\/explotacion-de-obras-en-concesion\\\/\",\"url\":\"https:\\\/\\\/rubautarres.com\\\/es\\\/servicios\\\/explotacion-de-obras-en-concesion\\\/\",\"name\":\"Explotaci\u00f3n de obras en concesi\u00f3n - Rubau Tarr\u00e8s\",\"isPartOf\":{\"@id\":\"https:\\\/\\\/rubautarres.com\\\/es\\\/#website\"},\"datePublished\":\"2024-11-03T11:41:26+00:00\",\"dateModified\":\"2025-06-11T10:46:54+00:00\",\"description\":\"Gesti\u00f3n de mercados, aparcamientos y zonas azules con soluciones eficientes y sostenibles para mejorar la movilidad y la vida urbana.\",\"breadcrumb\":{\"@id\":\"https:\\\/\\\/rubautarres.com\\\/es\\\/servicios\\\/explotacion-de-obras-en-concesion\\\/#breadcrumb\"},\"inLanguage\":\"es\",\"potentialAction\":[{\"@type\":\"ReadAction\",\"target\":[\"https:\\\/\\\/rubautarres.com\\\/es\\\/servicios\\\/explotacion-de-obras-en-concesion\\\/\"]}]},{\"@type\":\"BreadcrumbList\",\"@id\":\"https:\\\/\\\/rubautarres.com\\\/es\\\/servicios\\\/explotacion-de-obras-en-concesion\\\/#breadcrumb\",\"itemListElement\":[{\"@type\":\"ListItem\",\"position\":1,\"name\":\"Portada\",\"item\":\"https:\\\/\\\/rubautarres.com\\\/es\\\/\"},{\"@type\":\"ListItem\",\"position\":2,\"name\":\"Servicios\",\"item\":\"https:\\\/\\\/rubautarres.com\\\/es\\\/servicios\\\/\"},{\"@type\":\"ListItem\",\"position\":3,\"name\":\"Explotaci\u00f3n de obras en concesi\u00f3n\"}]},{\"@type\":\"WebSite\",\"@id\":\"https:\\\/\\\/rubautarres.com\\\/es\\\/#website\",\"url\":\"https:\\\/\\\/rubautarres.com\\\/es\\\/\",\"name\":\"Rubau Tarr\u00e8s\",\"description\":\"Nosaltres constru\u00efm perqu\u00e8 tu avancis\",\"publisher\":{\"@id\":\"https:\\\/\\\/rubautarres.com\\\/es\\\/#organization\"},\"potentialAction\":[{\"@type\":\"SearchAction\",\"target\":{\"@type\":\"EntryPoint\",\"urlTemplate\":\"https:\\\/\\\/rubautarres.com\\\/es\\\/?s={search_term_string}\"},\"query-input\":{\"@type\":\"PropertyValueSpecification\",\"valueRequired\":true,\"valueName\":\"search_term_string\"}}],\"inLanguage\":\"es\"},{\"@type\":\"Organization\",\"@id\":\"https:\\\/\\\/rubautarres.com\\\/es\\\/#organization\",\"name\":\"Rubau Tarr\u00e8s\",\"url\":\"https:\\\/\\\/rubautarres.com\\\/es\\\/\",\"logo\":{\"@type\":\"ImageObject\",\"inLanguage\":\"es\",\"@id\":\"https:\\\/\\\/rubautarres.com\\\/es\\\/#\\\/schema\\\/logo\\\/image\\\/\",\"url\":\"https:\\\/\\\/rubautarres.com\\\/wp-content\\\/uploads\\\/2024\\\/06\\\/logo.png\",\"contentUrl\":\"https:\\\/\\\/rubautarres.com\\\/wp-content\\\/uploads\\\/2024\\\/06\\\/logo.png\",\"width\":780,\"height\":144,\"caption\":\"Rubau Tarr\u00e8s\"},\"image\":{\"@id\":\"https:\\\/\\\/rubautarres.com\\\/es\\\/#\\\/schema\\\/logo\\\/image\\\/\"},\"sameAs\":[\"https:\\\/\\\/www.facebook.com\\\/RubauTarresSAU\",\"https:\\\/\\\/x.com\\\/rubautarres\"]}]}<\/script>\n<!-- \/ Yoast SEO plugin. -->","yoast_head_json":{"title":"Explotaci\u00f3n de obras en concesi\u00f3n - Rubau Tarr\u00e8s","description":"Gesti\u00f3n de mercados, aparcamientos y zonas azules con soluciones eficientes y sostenibles para mejorar la movilidad y la vida urbana.","robots":{"index":"index","follow":"follow","max-snippet":"max-snippet:-1","max-image-preview":"max-image-preview:large","max-video-preview":"max-video-preview:-1"},"canonical":"https:\/\/rubautarres.com\/es\/servicios\/explotacion-de-obras-en-concesion\/","og_locale":"es_ES","og_type":"article","og_title":"Explotaci\u00f3n de obras en concesi\u00f3n - Rubau Tarr\u00e8s","og_description":"Gesti\u00f3n de mercados, aparcamientos y zonas azules con soluciones eficientes y sostenibles para mejorar la movilidad y la vida urbana.","og_url":"https:\/\/rubautarres.com\/es\/servicios\/explotacion-de-obras-en-concesion\/","og_site_name":"Rubau Tarr\u00e8s","article_publisher":"https:\/\/www.facebook.com\/RubauTarresSAU","article_modified_time":"2025-06-11T10:46:54+00:00","twitter_card":"summary_large_image","twitter_site":"@rubautarres","twitter_misc":{"Tiempo de lectura":"3 minutos"},"schema":{"@context":"https:\/\/schema.org","@graph":[{"@type":"WebPage","@id":"https:\/\/rubautarres.com\/es\/servicios\/explotacion-de-obras-en-concesion\/","url":"https:\/\/rubautarres.com\/es\/servicios\/explotacion-de-obras-en-concesion\/","name":"Explotaci\u00f3n de obras en concesi\u00f3n - Rubau Tarr\u00e8s","isPartOf":{"@id":"https:\/\/rubautarres.com\/es\/#website"},"datePublished":"2024-11-03T11:41:26+00:00","dateModified":"2025-06-11T10:46:54+00:00","description":"Gesti\u00f3n de mercados, aparcamientos y zonas azules con soluciones eficientes y sostenibles para mejorar la movilidad y la vida urbana.","breadcrumb":{"@id":"https:\/\/rubautarres.com\/es\/servicios\/explotacion-de-obras-en-concesion\/#breadcrumb"},"inLanguage":"es","potentialAction":[{"@type":"ReadAction","target":["https:\/\/rubautarres.com\/es\/servicios\/explotacion-de-obras-en-concesion\/"]}]},{"@type":"BreadcrumbList","@id":"https:\/\/rubautarres.com\/es\/servicios\/explotacion-de-obras-en-concesion\/#breadcrumb","itemListElement":[{"@type":"ListItem","position":1,"name":"Portada","item":"https:\/\/rubautarres.com\/es\/"},{"@type":"ListItem","position":2,"name":"Servicios","item":"https:\/\/rubautarres.com\/es\/servicios\/"},{"@type":"ListItem","position":3,"name":"Explotaci\u00f3n de obras en concesi\u00f3n"}]},{"@type":"WebSite","@id":"https:\/\/rubautarres.com\/es\/#website","url":"https:\/\/rubautarres.com\/es\/","name":"Rubau Tarr\u00e8s","description":"Nosaltres constru\u00efm perqu\u00e8 tu avancis","publisher":{"@id":"https:\/\/rubautarres.com\/es\/#organization"},"potentialAction":[{"@type":"SearchAction","target":{"@type":"EntryPoint","urlTemplate":"https:\/\/rubautarres.com\/es\/?s={search_term_string}"},"query-input":{"@type":"PropertyValueSpecification","valueRequired":true,"valueName":"search_term_string"}}],"inLanguage":"es"},{"@type":"Organization","@id":"https:\/\/rubautarres.com\/es\/#organization","name":"Rubau Tarr\u00e8s","url":"https:\/\/rubautarres.com\/es\/","logo":{"@type":"ImageObject","inLanguage":"es","@id":"https:\/\/rubautarres.com\/es\/#\/schema\/logo\/image\/","url":"https:\/\/rubautarres.com\/wp-content\/uploads\/2024\/06\/logo.png","contentUrl":"https:\/\/rubautarres.com\/wp-content\/uploads\/2024\/06\/logo.png","width":780,"height":144,"caption":"Rubau Tarr\u00e8s"},"image":{"@id":"https:\/\/rubautarres.com\/es\/#\/schema\/logo\/image\/"},"sameAs":["https:\/\/www.facebook.com\/RubauTarresSAU","https:\/\/x.com\/rubautarres"]}]}},"_links":{"self":[{"href":"https:\/\/rubautarres.com\/es\/wp-json\/wp\/v2\/pages\/1631","targetHints":{"allow":["GET"]}}],"collection":[{"href":"https:\/\/rubautarres.com\/es\/wp-json\/wp\/v2\/pages"}],"about":[{"href":"https:\/\/rubautarres.com\/es\/wp-json\/wp\/v2\/types\/page"}],"author":[{"embeddable":true,"href":"https:\/\/rubautarres.com\/es\/wp-json\/wp\/v2\/users\/2"}],"replies":[{"embeddable":true,"href":"https:\/\/rubautarres.com\/es\/wp-json\/wp\/v2\/comments?post=1631"}],"version-history":[{"count":4,"href":"https:\/\/rubautarres.com\/es\/wp-json\/wp\/v2\/pages\/1631\/revisions"}],"predecessor-version":[{"id":3876,"href":"https:\/\/rubautarres.com\/es\/wp-json\/wp\/v2\/pages\/1631\/revisions\/3876"}],"up":[{"embeddable":true,"href":"https:\/\/rubautarres.com\/es\/wp-json\/wp\/v2\/pages\/1625"}],"wp:attachment":[{"href":"https:\/\/rubautarres.com\/es\/wp-json\/wp\/v2\/media?parent=1631"}],"curies":[{"name":"wp","href":"https:\/\/api.w.org\/{rel}","templated":true}]}}