{"id":628,"date":"2024-07-07T15:06:25","date_gmt":"2024-07-07T13:06:25","guid":{"rendered":"https:\/\/rubautarres.com\/politica-de-privacidad\/"},"modified":"2025-02-07T09:01:27","modified_gmt":"2025-02-07T08:01:27","slug":"politica-de-privacidad","status":"publish","type":"page","link":"https:\/\/rubautarres.com\/es\/politica-de-privacidad\/","title":{"rendered":"Pol\u00edtica de privacidad"},"content":{"rendered":"<p>[et_pb_section fb_built=\u00bb1&#8243; _builder_version=\u00bb4.25.2&#8243; _module_preset=\u00bbdefault\u00bb global_colors_info=\u00bb{}\u00bb][et_pb_row column_structure=\u00bb3_4,1_4&#8243; _builder_version=\u00bb4.25.2&#8243; _module_preset=\u00bbdefault\u00bb global_colors_info=\u00bb{}\u00bb][et_pb_column type=\u00bb3_4&#8243; _builder_version=\u00bb4.25.2&#8243; _module_preset=\u00bbdefault\u00bb global_colors_info=\u00bb{}\u00bb][et_pb_text _builder_version=\u00bb4.25.2&#8243; _module_preset=\u00bbdefault\u00bb global_colors_info=\u00bb{}\u00bb]<\/p>\n<h1><strong>Pol\u00edtica de privacidad<\/strong><\/h1>\n<p>[\/et_pb_text][et_pb_text _builder_version=\u00bb4.25.2&#8243; _module_preset=\u00bbdefault\u00bb global_colors_info=\u00bb{}\u00bb]<\/p>\n<h3>Introducci\u00f3n<\/h3>\n<p>[\/et_pb_text][et_pb_text _builder_version=\u00bb4.25.2&#8243; _module_preset=\u00bbdefault\u00bb global_colors_info=\u00bb{}\u00bb]<\/p>\n<p>En RUBAU TARR\u00c9S S.A.U., sensibilizados con las necesidades de los usuarios de Internet y conscientes de la importancia de la rigurosa privacidad de la informaci\u00f3n personal que nos conf\u00edan, incluimos esta declaraci\u00f3n de privacidad con el objeto de que seas consciente de la pol\u00edtica en el tratamiento de los datos personales que se obtienen de los visitantes y usuarios.<\/p>\n<p>[\/et_pb_text][et_pb_text _builder_version=\u00bb4.25.2&#8243; _module_preset=\u00bbdefault\u00bb global_colors_info=\u00bb{}\u00bb]<\/p>\n<p>Como usuario, aceptas estas condiciones por el solo hecho de leer, visualizar o navegar en la web. Si no lo aceptas, debes abandonar la web, sin hacer uso de ella ni de su contenido, y sin acceder a las p\u00e1ginas enlazadas.<\/p>\n<p>[\/et_pb_text][et_pb_text _builder_version=\u00bb4.25.2&#8243; _module_preset=\u00bbdefault\u00bb global_colors_info=\u00bb{}\u00bb]<\/p>\n<h3>Responsable del tratamiento de datos<\/h3>\n<p>[\/et_pb_text][et_pb_text _builder_version=\u00bb4.25.2&#8243; _module_preset=\u00bbdefault\u00bb global_colors_info=\u00bb{}\u00bb]<\/p>\n<p>El titular del sitio web y responsable del tratamiento de datos es RUBAU TARR\u00c9S S.A.U., CIF A-17018813, para contactar puedes utilizar la direcci\u00f3n de correo electr\u00f3nico <span><a href=\"mailto:info@rubautarres.com\">info@rubautarres.com<\/a><\/span> o correo postal a Ctra. C-31 de Torroella de Montgr\u00ed a Verges, pk. 354,5 (Canet de La Tallada) &#8211; 17134 &#8211; LA TALLADA D\u2019EMPORD\u00c0.<\/p>\n<p>[\/et_pb_text][et_pb_text _builder_version=\u00bb4.25.2&#8243; _module_preset=\u00bbdefault\u00bb global_colors_info=\u00bb{}\u00bb]<\/p>\n<h3>Finalidades del tratamiento de datos<\/h3>\n<p>[\/et_pb_text][et_pb_text _builder_version=\u00bb4.25.2&#8243; _module_preset=\u00bbdefault\u00bb global_colors_info=\u00bb{}\u00bb]<\/p>\n<p>En nuestra web, existen apartados espec\u00edficos donde puedes anotar tus datos para recibir informaci\u00f3n sobre actualizaciones de nuestra web y de algunos programas que se distribuyen. Nosotros te aseguramos de que la informaci\u00f3n que nos facilites ser\u00e1 gestionada de manera confidencial.<\/p>\n<ul>\n<li>\u00b7 Formulario de contacto: Mantener contacto contigo u otras acciones requeridas. \u00b7<br \/>\u00b7 Suscripci\u00f3n a bolet\u00edn: Enviar boletines a tu direcci\u00f3n de correo electr\u00f3nico.<br \/>\u00b7 Los datos se almacenar\u00e1n mientras exista previsi\u00f3n de su uso para el fin para el que fueron recogidos.<br \/>\u00b7 No se hacen tomas de decisiones automatizadas con tus datos.<br \/>\u00b7 La web puede utilizar cookies.<\/li>\n<\/ul>\n<p>[\/et_pb_text][et_pb_text _builder_version=\u00bb4.25.2&#8243; _module_preset=\u00bbdefault\u00bb global_colors_info=\u00bb{}\u00bb]<\/p>\n<h3>Legitimaci\u00f3n<\/h3>\n<p>[\/et_pb_text][et_pb_text _builder_version=\u00bb4.25.2&#8243; _module_preset=\u00bbdefault\u00bb global_colors_info=\u00bb{}\u00bb]<\/p>\n<p>El uso de tus datos se efect\u00faa para que nos das tu consentimiento para utilizar las que nos proporcionan en los formularios para un uso espec\u00edfico que se indica en cada uno de ellos. Todos tus datos solo son necesarios para usos concretos por los que se te solicitan, si no lo haces, estos servicios no son posibles.<\/p>\n<p>[\/et_pb_text][et_pb_text _builder_version=\u00bb4.25.2&#8243; _module_preset=\u00bbdefault\u00bb global_colors_info=\u00bb{}\u00bb]<\/p>\n<h3>Destinatarios de sus datos<\/h3>\n<p>[\/et_pb_text][et_pb_text _builder_version=\u00bb4.25.2&#8243; _module_preset=\u00bbdefault\u00bb global_colors_info=\u00bb{}\u00bb]<\/p>\n<p>Existe un compromiso firme por nuestra parte de que los datos que proporciones a RUBAU TARR\u00c9S S.A.U., no ser\u00e1n vendidos ni cedidos a terceras personas sin tu previo consentimiento, para ning\u00fan concepto o circunstancia, salvo consentimiento expreso u obligaci\u00f3n legal.<\/p>\n<p>Nuestra web contiene enlaces hacia otras webs de terceros. RUBAU TARR\u00c9S S.A.U. no se hace responsable por las pol\u00edticas y pr\u00e1cticas de privacidad de estas otras webs.<\/p>\n<p>[\/et_pb_text][et_pb_text _builder_version=\u00bb4.25.2&#8243; _module_preset=\u00bbdefault\u00bb global_colors_info=\u00bb{}\u00bb]<\/p>\n<h3>Sus derechos<\/h3>\n<p>[\/et_pb_text][et_pb_text _builder_version=\u00bb4.25.2&#8243; _module_preset=\u00bbdefault\u00bb global_colors_info=\u00bb{}\u00bb]<\/p>\n<p>Tienes derecho a acceder a la informaci\u00f3n que sobre tu persona est\u00e9 almacenada en nuestras bases de datos, rectificarla en caso de error, suprimirla, limitarla oponerte a su tratamiento y retirar su consentimiento si este es tu deseo. Para hacerlo solo tienes que escribir un e-mail en la direcci\u00f3n de correo electr\u00f3nico: <span><a href=\"mailto:info@rubautarres.com\">info@rubautarres.com<\/a><\/span> donde te responderemos a cualquier consulta, comentario, aclaraci\u00f3n que nos hagas al respecto.<\/p>\n<p>Para m\u00e1s informaci\u00f3n sobre temas relacionados, la web de referencia de la Red espa\u00f1ola es la Agencia de Protecci\u00f3n de Datos, donde tienes derecho a reclamar.<\/p>\n<p>[\/et_pb_text][\/et_pb_column][et_pb_column type=\u00bb1_4&#8243; _builder_version=\u00bb4.25.2&#8243; _module_preset=\u00bbdefault\u00bb global_colors_info=\u00bb{}\u00bb][\/et_pb_column][\/et_pb_row][\/et_pb_section]<\/p>\n","protected":false},"excerpt":{"rendered":"<p>Pol\u00edtica de privacidadIntroducci\u00f3nEn RUBAU TARR\u00c9S S.A.U., sensibilizados con las necesidades de los usuarios de Internet y conscientes de la importancia de la rigurosa privacidad de la informaci\u00f3n personal que nos conf\u00edan, incluimos esta declaraci\u00f3n de privacidad con el objeto de que seas consciente de la pol\u00edtica en el tratamiento de los datos personales que se obtienen de los visitantes y usuarios.Como usuario, aceptas estas condiciones por el solo hecho de leer, visualizar o navegar en la web. Si no lo aceptas, debes abandonar la web, sin hacer uso de ella ni de su contenido, y sin acceder a las p\u00e1ginas enlazadas.Responsable del tratamiento de datosEl titular del sitio web y responsable del tratamiento de datos es RUBAU TARR\u00c9S S.A.U., CIF A-17018813, para contactar puedes utilizar la direcci\u00f3n de correo electr\u00f3nico info@rubautarres.com o correo postal a Ctra. C-31 de Torroella de Montgr\u00ed a Verges, pk. 354,5 (Canet de La Tallada) &#8211; 17134 &#8211; LA TALLADA D\u2019EMPORD\u00c0.Finalidades del tratamiento de datosEn nuestra web, existen apartados espec\u00edficos donde puedes anotar tus datos para recibir informaci\u00f3n sobre actualizaciones de nuestra web y de algunos programas que se distribuyen. Nosotros te aseguramos de que la informaci\u00f3n que nos facilites ser\u00e1 gestionada de manera confidencial. \u00b7 [&hellip;]<\/p>\n","protected":false},"author":2,"featured_media":0,"parent":0,"menu_order":0,"comment_status":"closed","ping_status":"closed","template":"","meta":{"_acf_changed":false,"_et_pb_use_builder":"on","_et_pb_old_content":"","_et_gb_content_width":"","footnotes":""},"class_list":["post-628","page","type-page","status-publish","hentry"],"acf":[],"yoast_head":"<!-- This site is optimized with the Yoast SEO plugin v27.4 - https:\/\/yoast.com\/product\/yoast-seo-wordpress\/ -->\n<title>Pol\u00edtica de privacidad - Rubau Tarr\u00e8s<\/title>\n<meta name=\"robots\" content=\"noindex, nofollow\" \/>\n<meta property=\"og:locale\" content=\"es_ES\" \/>\n<meta property=\"og:type\" content=\"article\" \/>\n<meta property=\"og:title\" content=\"Pol\u00edtica de privacidad - Rubau Tarr\u00e8s\" \/>\n<meta property=\"og:description\" content=\"Pol\u00edtica de privacidadIntroducci\u00f3nEn RUBAU TARR\u00c9S S.A.U., sensibilizados con las necesidades de los usuarios de Internet y conscientes de la importancia de la rigurosa privacidad de la informaci\u00f3n personal que nos conf\u00edan, incluimos esta declaraci\u00f3n de privacidad con el objeto de que seas consciente de la pol\u00edtica en el tratamiento de los datos personales que se obtienen de los visitantes y usuarios.Como usuario, aceptas estas condiciones por el solo hecho de leer, visualizar o navegar en la web. Si no lo aceptas, debes abandonar la web, sin hacer uso de ella ni de su contenido, y sin acceder a las p\u00e1ginas enlazadas.Responsable del tratamiento de datosEl titular del sitio web y responsable del tratamiento de datos es RUBAU TARR\u00c9S S.A.U., CIF A-17018813, para contactar puedes utilizar la direcci\u00f3n de correo electr\u00f3nico info@rubautarres.com o correo postal a Ctra. C-31 de Torroella de Montgr\u00ed a Verges, pk. 354,5 (Canet de La Tallada) - 17134 - LA TALLADA D\u2019EMPORD\u00c0.Finalidades del tratamiento de datosEn nuestra web, existen apartados espec\u00edficos donde puedes anotar tus datos para recibir informaci\u00f3n sobre actualizaciones de nuestra web y de algunos programas que se distribuyen. Nosotros te aseguramos de que la informaci\u00f3n que nos facilites ser\u00e1 gestionada de manera confidencial. \u00b7 [&hellip;]\" \/>\n<meta property=\"og:url\" content=\"https:\/\/rubautarres.com\/es\/politica-de-privacidad\/\" \/>\n<meta property=\"og:site_name\" content=\"Rubau Tarr\u00e8s\" \/>\n<meta property=\"article:publisher\" content=\"https:\/\/www.facebook.com\/RubauTarresSAU\" \/>\n<meta property=\"article:modified_time\" content=\"2025-02-07T08:01:27+00:00\" \/>\n<meta name=\"twitter:card\" content=\"summary_large_image\" \/>\n<meta name=\"twitter:site\" content=\"@rubautarres\" \/>\n<meta name=\"twitter:label1\" content=\"Tiempo de lectura\" \/>\n\t<meta name=\"twitter:data1\" content=\"3 minutos\" \/>\n<script type=\"application\/ld+json\" class=\"yoast-schema-graph\">{\"@context\":\"https:\\\/\\\/schema.org\",\"@graph\":[{\"@type\":\"WebPage\",\"@id\":\"https:\\\/\\\/rubautarres.com\\\/es\\\/politica-de-privacidad\\\/\",\"url\":\"https:\\\/\\\/rubautarres.com\\\/es\\\/politica-de-privacidad\\\/\",\"name\":\"Pol\u00edtica de privacidad - Rubau Tarr\u00e8s\",\"isPartOf\":{\"@id\":\"https:\\\/\\\/rubautarres.com\\\/es\\\/#website\"},\"datePublished\":\"2024-07-07T13:06:25+00:00\",\"dateModified\":\"2025-02-07T08:01:27+00:00\",\"breadcrumb\":{\"@id\":\"https:\\\/\\\/rubautarres.com\\\/es\\\/politica-de-privacidad\\\/#breadcrumb\"},\"inLanguage\":\"es\",\"potentialAction\":[{\"@type\":\"ReadAction\",\"target\":[\"https:\\\/\\\/rubautarres.com\\\/es\\\/politica-de-privacidad\\\/\"]}]},{\"@type\":\"BreadcrumbList\",\"@id\":\"https:\\\/\\\/rubautarres.com\\\/es\\\/politica-de-privacidad\\\/#breadcrumb\",\"itemListElement\":[{\"@type\":\"ListItem\",\"position\":1,\"name\":\"Portada\",\"item\":\"https:\\\/\\\/rubautarres.com\\\/es\\\/\"},{\"@type\":\"ListItem\",\"position\":2,\"name\":\"Pol\u00edtica de privacidad\"}]},{\"@type\":\"WebSite\",\"@id\":\"https:\\\/\\\/rubautarres.com\\\/es\\\/#website\",\"url\":\"https:\\\/\\\/rubautarres.com\\\/es\\\/\",\"name\":\"Rubau Tarr\u00e8s\",\"description\":\"Nosaltres constru\u00efm perqu\u00e8 tu avancis\",\"publisher\":{\"@id\":\"https:\\\/\\\/rubautarres.com\\\/es\\\/#organization\"},\"potentialAction\":[{\"@type\":\"SearchAction\",\"target\":{\"@type\":\"EntryPoint\",\"urlTemplate\":\"https:\\\/\\\/rubautarres.com\\\/es\\\/?s={search_term_string}\"},\"query-input\":{\"@type\":\"PropertyValueSpecification\",\"valueRequired\":true,\"valueName\":\"search_term_string\"}}],\"inLanguage\":\"es\"},{\"@type\":\"Organization\",\"@id\":\"https:\\\/\\\/rubautarres.com\\\/es\\\/#organization\",\"name\":\"Rubau Tarr\u00e8s\",\"url\":\"https:\\\/\\\/rubautarres.com\\\/es\\\/\",\"logo\":{\"@type\":\"ImageObject\",\"inLanguage\":\"es\",\"@id\":\"https:\\\/\\\/rubautarres.com\\\/es\\\/#\\\/schema\\\/logo\\\/image\\\/\",\"url\":\"https:\\\/\\\/rubautarres.com\\\/wp-content\\\/uploads\\\/2024\\\/06\\\/logo.png\",\"contentUrl\":\"https:\\\/\\\/rubautarres.com\\\/wp-content\\\/uploads\\\/2024\\\/06\\\/logo.png\",\"width\":780,\"height\":144,\"caption\":\"Rubau Tarr\u00e8s\"},\"image\":{\"@id\":\"https:\\\/\\\/rubautarres.com\\\/es\\\/#\\\/schema\\\/logo\\\/image\\\/\"},\"sameAs\":[\"https:\\\/\\\/www.facebook.com\\\/RubauTarresSAU\",\"https:\\\/\\\/x.com\\\/rubautarres\"]}]}<\/script>\n<!-- \/ Yoast SEO plugin. -->","yoast_head_json":{"title":"Pol\u00edtica de privacidad - Rubau Tarr\u00e8s","robots":{"index":"noindex","follow":"nofollow"},"og_locale":"es_ES","og_type":"article","og_title":"Pol\u00edtica de privacidad - Rubau Tarr\u00e8s","og_description":"Pol\u00edtica de privacidadIntroducci\u00f3nEn RUBAU TARR\u00c9S S.A.U., sensibilizados con las necesidades de los usuarios de Internet y conscientes de la importancia de la rigurosa privacidad de la informaci\u00f3n personal que nos conf\u00edan, incluimos esta declaraci\u00f3n de privacidad con el objeto de que seas consciente de la pol\u00edtica en el tratamiento de los datos personales que se obtienen de los visitantes y usuarios.Como usuario, aceptas estas condiciones por el solo hecho de leer, visualizar o navegar en la web. Si no lo aceptas, debes abandonar la web, sin hacer uso de ella ni de su contenido, y sin acceder a las p\u00e1ginas enlazadas.Responsable del tratamiento de datosEl titular del sitio web y responsable del tratamiento de datos es RUBAU TARR\u00c9S S.A.U., CIF A-17018813, para contactar puedes utilizar la direcci\u00f3n de correo electr\u00f3nico info@rubautarres.com o correo postal a Ctra. C-31 de Torroella de Montgr\u00ed a Verges, pk. 354,5 (Canet de La Tallada) - 17134 - LA TALLADA D\u2019EMPORD\u00c0.Finalidades del tratamiento de datosEn nuestra web, existen apartados espec\u00edficos donde puedes anotar tus datos para recibir informaci\u00f3n sobre actualizaciones de nuestra web y de algunos programas que se distribuyen. Nosotros te aseguramos de que la informaci\u00f3n que nos facilites ser\u00e1 gestionada de manera confidencial. \u00b7 [&hellip;]","og_url":"https:\/\/rubautarres.com\/es\/politica-de-privacidad\/","og_site_name":"Rubau Tarr\u00e8s","article_publisher":"https:\/\/www.facebook.com\/RubauTarresSAU","article_modified_time":"2025-02-07T08:01:27+00:00","twitter_card":"summary_large_image","twitter_site":"@rubautarres","twitter_misc":{"Tiempo de lectura":"3 minutos"},"schema":{"@context":"https:\/\/schema.org","@graph":[{"@type":"WebPage","@id":"https:\/\/rubautarres.com\/es\/politica-de-privacidad\/","url":"https:\/\/rubautarres.com\/es\/politica-de-privacidad\/","name":"Pol\u00edtica de privacidad - Rubau Tarr\u00e8s","isPartOf":{"@id":"https:\/\/rubautarres.com\/es\/#website"},"datePublished":"2024-07-07T13:06:25+00:00","dateModified":"2025-02-07T08:01:27+00:00","breadcrumb":{"@id":"https:\/\/rubautarres.com\/es\/politica-de-privacidad\/#breadcrumb"},"inLanguage":"es","potentialAction":[{"@type":"ReadAction","target":["https:\/\/rubautarres.com\/es\/politica-de-privacidad\/"]}]},{"@type":"BreadcrumbList","@id":"https:\/\/rubautarres.com\/es\/politica-de-privacidad\/#breadcrumb","itemListElement":[{"@type":"ListItem","position":1,"name":"Portada","item":"https:\/\/rubautarres.com\/es\/"},{"@type":"ListItem","position":2,"name":"Pol\u00edtica de privacidad"}]},{"@type":"WebSite","@id":"https:\/\/rubautarres.com\/es\/#website","url":"https:\/\/rubautarres.com\/es\/","name":"Rubau Tarr\u00e8s","description":"Nosaltres constru\u00efm perqu\u00e8 tu avancis","publisher":{"@id":"https:\/\/rubautarres.com\/es\/#organization"},"potentialAction":[{"@type":"SearchAction","target":{"@type":"EntryPoint","urlTemplate":"https:\/\/rubautarres.com\/es\/?s={search_term_string}"},"query-input":{"@type":"PropertyValueSpecification","valueRequired":true,"valueName":"search_term_string"}}],"inLanguage":"es"},{"@type":"Organization","@id":"https:\/\/rubautarres.com\/es\/#organization","name":"Rubau Tarr\u00e8s","url":"https:\/\/rubautarres.com\/es\/","logo":{"@type":"ImageObject","inLanguage":"es","@id":"https:\/\/rubautarres.com\/es\/#\/schema\/logo\/image\/","url":"https:\/\/rubautarres.com\/wp-content\/uploads\/2024\/06\/logo.png","contentUrl":"https:\/\/rubautarres.com\/wp-content\/uploads\/2024\/06\/logo.png","width":780,"height":144,"caption":"Rubau Tarr\u00e8s"},"image":{"@id":"https:\/\/rubautarres.com\/es\/#\/schema\/logo\/image\/"},"sameAs":["https:\/\/www.facebook.com\/RubauTarresSAU","https:\/\/x.com\/rubautarres"]}]}},"_links":{"self":[{"href":"https:\/\/rubautarres.com\/es\/wp-json\/wp\/v2\/pages\/628","targetHints":{"allow":["GET"]}}],"collection":[{"href":"https:\/\/rubautarres.com\/es\/wp-json\/wp\/v2\/pages"}],"about":[{"href":"https:\/\/rubautarres.com\/es\/wp-json\/wp\/v2\/types\/page"}],"author":[{"embeddable":true,"href":"https:\/\/rubautarres.com\/es\/wp-json\/wp\/v2\/users\/2"}],"replies":[{"embeddable":true,"href":"https:\/\/rubautarres.com\/es\/wp-json\/wp\/v2\/comments?post=628"}],"version-history":[{"count":1,"href":"https:\/\/rubautarres.com\/es\/wp-json\/wp\/v2\/pages\/628\/revisions"}],"predecessor-version":[{"id":3496,"href":"https:\/\/rubautarres.com\/es\/wp-json\/wp\/v2\/pages\/628\/revisions\/3496"}],"wp:attachment":[{"href":"https:\/\/rubautarres.com\/es\/wp-json\/wp\/v2\/media?parent=628"}],"curies":[{"name":"wp","href":"https:\/\/api.w.org\/{rel}","templated":true}]}}