{"id":1981,"date":"2024-06-25T17:55:50","date_gmt":"2024-06-25T15:55:50","guid":{"rendered":"https:\/\/rubautarres.com\/le-groupe\/"},"modified":"2025-04-30T11:00:52","modified_gmt":"2025-04-30T09:00:52","slug":"le-groupe","status":"publish","type":"page","link":"https:\/\/rubautarres.com\/fr\/le-groupe\/","title":{"rendered":"le groupe"},"content":{"rendered":"<p>[et_pb_section fb_built=\u00a0\u00bb1&Prime; custom_padding_last_edited=\u00a0\u00bbon|tablet\u00a0\u00bb _builder_version=\u00a0\u00bb4.25.2&Prime; _module_preset=\u00a0\u00bbdefault\u00a0\u00bb custom_padding=\u00a0\u00bb||160px||false|false\u00a0\u00bb custom_padding_tablet=\u00a0\u00bb||80px||false|false\u00a0\u00bb custom_padding_phone=\u00a0\u00bb||80px||false|false\u00a0\u00bb global_colors_info=\u00a0\u00bb{}\u00a0\u00bb][et_pb_row column_structure=\u00a0\u00bb1_2,1_2&Prime; make_equal=\u00a0\u00bbon\u00a0\u00bb module_class=\u00a0\u00bbalign-center row-reverse-res-tablet row-reverse-res\u00a0\u00bb _builder_version=\u00a0\u00bb4.25.2&Prime; _module_preset=\u00a0\u00bbdefault\u00a0\u00bb custom_margin=\u00a0\u00bb100px||||false|false\u00a0\u00bb custom_margin_tablet=\u00a0\u00bb0px||||false|false\u00a0\u00bb custom_margin_phone=\u00a0\u00bb0px||||false|false\u00a0\u00bb custom_margin_last_edited=\u00a0\u00bbon|tablet\u00a0\u00bb global_colors_info=\u00a0\u00bb{}\u00a0\u00bb][et_pb_column type=\u00a0\u00bb1_2&Prime; _builder_version=\u00a0\u00bb4.25.2&Prime; _module_preset=\u00a0\u00bbdefault\u00a0\u00bb global_colors_info=\u00a0\u00bb{}\u00a0\u00bb][et_pb_text module_class=\u00a0\u00bbtitle-separator-animation\u00a0\u00bb _builder_version=\u00a0\u00bb4.27.4&Prime; _module_preset=\u00a0\u00bbdefault\u00a0\u00bb custom_margin=\u00a0\u00bb||10px||false|false\u00a0\u00bb global_colors_info=\u00a0\u00bb{}\u00a0\u00bb]<span class=\"title-h2\">LE GROUPE<\/span>[\/et_pb_text][et_pb_text module_class=\u00a0\u00bbtitle-separator-animation\u00a0\u00bb _builder_version=\u00a0\u00bb4.25.2&Prime; _module_preset=\u00a0\u00bbdefault\u00a0\u00bb custom_margin=\u00a0\u00bb||20px||false|false\u00a0\u00bb custom_padding=\u00a0\u00bb||0px||false|false\u00a0\u00bb header_font_size_tablet=\u00a0\u00bb\u00a0\u00bb header_font_size_phone=\u00a0\u00bb44px\u00a0\u00bb header_font_size_last_edited=\u00a0\u00bbon|phone\u00a0\u00bb global_colors_info=\u00a0\u00bb{}\u00a0\u00bb]<\/p>\n<h1>Cr\u00e9er des synergies<\/h1>\n<p>[\/et_pb_text][et_pb_text _builder_version=\u00a0\u00bb4.25.2&Prime; _module_preset=\u00a0\u00bbdefault\u00a0\u00bb global_colors_info=\u00a0\u00bb{}\u00a0\u00bb]<\/p>\n<p>Autour de Rubau Tarr\u00e9s et suite \u00e0 la strat\u00e9gie de renforcement de l&rsquo;entreprise dans son activit\u00e9 constructive, un groupe d&rsquo;entreprises a \u00e9t\u00e9 cr\u00e9\u00e9.<br \/>\nCe groupe s&rsquo;est d\u00e9velopp\u00e9 au fil du temps, couvrant diff\u00e9rents domaines du secteur de la construction et \u00e9largissant sa pr\u00e9sence dans diff\u00e9rentes zones g\u00e9ographiques.<br \/>\nL&rsquo;objectif principal a toujours \u00e9t\u00e9 d&rsquo;offrir un service complet et de haute qualit\u00e9 \u00e0 nos clients, tout en maintenant un engagement ferme en faveur de la durabilit\u00e9 et de l&rsquo;innovation.  <\/p>\n<p>[\/et_pb_text][\/et_pb_column][et_pb_column type=\u00a0\u00bb1_2&Prime; _builder_version=\u00a0\u00bb4.25.2&Prime; _module_preset=\u00a0\u00bbdefault\u00a0\u00bb global_colors_info=\u00a0\u00bb{}\u00a0\u00bb][et_pb_image src=\u00a0\u00bbhttps:\/\/rubautarres.com\/wp-content\/uploads\/2024\/12\/F0224_20160705_046-Edit.jpg\u00a0\u00bb title_text=\u00a0\u00bbF0224_20160705_046-Edit\u00a0\u00bb _builder_version=\u00a0\u00bb4.27.4&Prime; _module_preset=\u00a0\u00bbdefault\u00a0\u00bb custom_margin_tablet=\u00a0\u00bb||32px||false|false\u00a0\u00bb custom_margin_phone=\u00a0\u00bb||32px||false|false\u00a0\u00bb custom_margin_last_edited=\u00a0\u00bbon|tablet\u00a0\u00bb animation_style=\u00a0\u00bbslide\u00a0\u00bb animation_direction=\u00a0\u00bbbottom\u00a0\u00bb animation_duration=\u00a0\u00bb600ms\u00a0\u00bb animation_intensity_slide=\u00a0\u00bb8%\u00a0\u00bb global_colors_info=\u00a0\u00bb{}\u00a0\u00bb][\/et_pb_image][\/et_pb_column][\/et_pb_row][\/et_pb_section][et_pb_section fb_built=\u00a0\u00bb1&Prime; custom_padding_last_edited=\u00a0\u00bbon|tablet\u00a0\u00bb _builder_version=\u00a0\u00bb4.25.2&Prime; _module_preset=\u00a0\u00bbdefault\u00a0\u00bb background_color=\u00a0\u00bb#FFFFFF\u00a0\u00bb custom_padding=\u00a0\u00bb180px||180px||false|false\u00a0\u00bb custom_padding_tablet=\u00a0\u00bb80px||80px||true|false\u00a0\u00bb custom_padding_phone=\u00a0\u00bb80px||80px||true|false\u00a0\u00bb scroll_vertical_motion=\u00a0\u00bb0|23|23|100|0|0|0&Prime; border_radii=\u00a0\u00bbon|50px|50px|50px|50px\u00a0\u00bb global_colors_info=\u00a0\u00bb{}\u00a0\u00bb][et_pb_row column_structure=\u00a0\u00bb1_2,1_2&Prime; make_equal=\u00a0\u00bbon\u00a0\u00bb module_class=\u00a0\u00bbalign-center\u00a0\u00bb _builder_version=\u00a0\u00bb4.27.4&Prime; _module_preset=\u00a0\u00bbdefault\u00a0\u00bb custom_margin=\u00a0\u00bb0px|auto||auto|false|false\u00a0\u00bb global_colors_info=\u00a0\u00bb{}\u00a0\u00bb][et_pb_column type=\u00a0\u00bb1_2&Prime; _builder_version=\u00a0\u00bb4.25.2&Prime; _module_preset=\u00a0\u00bbdefault\u00a0\u00bb global_colors_info=\u00a0\u00bb{}\u00a0\u00bb][et_pb_divider show_divider=\u00a0\u00bboff\u00a0\u00bb _builder_version=\u00a0\u00bb4.25.2&Prime; _module_preset=\u00a0\u00bbdefault\u00a0\u00bb background_image=\u00a0\u00bbhttps:\/\/rubautarres.com\/wp-content\/uploads\/2024\/06\/pj1-1.jpg\u00a0\u00bb min_height=\u00a0\u00bb600px\u00a0\u00bb min_height_tablet=\u00a0\u00bb600px\u00a0\u00bb min_height_phone=\u00a0\u00bb400px\u00a0\u00bb min_height_last_edited=\u00a0\u00bbon|tablet\u00a0\u00bb animation_style=\u00a0\u00bbslide\u00a0\u00bb animation_direction=\u00a0\u00bbbottom\u00a0\u00bb animation_duration=\u00a0\u00bb600ms\u00a0\u00bb animation_intensity_slide=\u00a0\u00bb8%\u00a0\u00bb border_radii=\u00a0\u00bbon|10px|10px|10px|10px\u00a0\u00bb global_colors_info=\u00a0\u00bb{}\u00a0\u00bb][\/et_pb_divider][\/et_pb_column][et_pb_column type=\u00a0\u00bb1_2&Prime; _builder_version=\u00a0\u00bb4.25.2&Prime; _module_preset=\u00a0\u00bbdefault\u00a0\u00bb global_colors_info=\u00a0\u00bb{}\u00a0\u00bb][et_pb_text module_class=\u00a0\u00bbtitle-separator-animation\u00a0\u00bb _builder_version=\u00a0\u00bb4.27.4&Prime; _module_preset=\u00a0\u00bbdefault\u00a0\u00bb custom_margin=\u00a0\u00bb||10px||false|false\u00a0\u00bb global_colors_info=\u00a0\u00bb{}\u00a0\u00bb]<span class=\"title-h2\">Notre valeur ajout\u00e9e<\/span>[\/et_pb_text][et_pb_text module_class=\u00a0\u00bbtitle-separator-animation\u00a0\u00bb _builder_version=\u00a0\u00bb4.27.4&Prime; _module_preset=\u00a0\u00bbdefault\u00a0\u00bb width=\u00a0\u00bb85%\u00a0\u00bb custom_margin=\u00a0\u00bb||20px||false|false\u00a0\u00bb custom_padding=\u00a0\u00bb||0px||false|false\u00a0\u00bb header_font_size_tablet=\u00a0\u00bb\u00a0\u00bb header_font_size_phone=\u00a0\u00bb36px\u00a0\u00bb header_font_size_last_edited=\u00a0\u00bbon|phone\u00a0\u00bb global_colors_info=\u00a0\u00bb{}\u00a0\u00bb]<\/p>\n<h2>Engagement et excellence<\/h2>\n<p>[\/et_pb_text][et_pb_text _builder_version=\u00a0\u00bb4.25.2&Prime; _module_preset=\u00a0\u00bbdefault\u00a0\u00bb custom_margin=\u00a0\u00bb||0px||false|false\u00a0\u00bb global_colors_info=\u00a0\u00bb{}\u00a0\u00bb]<\/p>\n<p>Chez Rubau Tarr\u00e9s, nous nous distinguons par notre capacit\u00e9 d&rsquo;adaptation et d&rsquo;autonomie dans chaque projet.<br \/>\nNotre philosophie repose sur une s\u00e9rie de piliers fondamentaux qui garantissent la plus haute qualit\u00e9 et la plus grande confiance \u00e0 nos clients. <\/p>\n<p>Avec plus de 50 ans d&rsquo;exp\u00e9rience dans le secteur, notre \u00e9quipe de professionnels qualifi\u00e9s assure l&rsquo;excellence dans chaque travail, se distinguant dans les infrastructures civiles, la construction, la conservation et l&rsquo;entretien.<\/p>\n<p>[\/et_pb_text][\/et_pb_column][\/et_pb_row][\/et_pb_section][et_pb_section fb_built=\u00a0\u00bb1&Prime; _builder_version=\u00a0\u00bb4.27.4&Prime; _module_preset=\u00a0\u00bbdefault\u00a0\u00bb background_color=\u00a0\u00bb#F2F5F9&Prime; custom_padding=\u00a0\u00bb6em||6em||true|false\u00a0\u00bb border_radii=\u00a0\u00bboff|50px|50px||\u00a0\u00bb locked=\u00a0\u00bboff\u00a0\u00bb global_colors_info=\u00a0\u00bb{}\u00a0\u00bb][et_pb_row column_structure=\u00a0\u00bb3_5,2_5&Prime; make_equal=\u00a0\u00bbon\u00a0\u00bb module_class=\u00a0\u00bbalign-center\u00a0\u00bb _builder_version=\u00a0\u00bb4.25.2&Prime; _module_preset=\u00a0\u00bbdefault\u00a0\u00bb background_color=\u00a0\u00bbRGBA(255,255,255,0)\u00a0\u00bb custom_margin=\u00a0\u00bb||0px||false|false\u00a0\u00bb custom_padding=\u00a0\u00bb||0px||false|false\u00a0\u00bb global_colors_info=\u00a0\u00bb{}\u00a0\u00bb][et_pb_column type=\u00a0\u00bb3_5&Prime; _builder_version=\u00a0\u00bb4.25.2&Prime; _module_preset=\u00a0\u00bbdefault\u00a0\u00bb background_color=\u00a0\u00bbRGBA(255,255,255,0)\u00a0\u00bb custom_padding=\u00a0\u00bb||||false|false\u00a0\u00bb global_colors_info=\u00a0\u00bb{}\u00a0\u00bb][et_pb_text module_class=\u00a0\u00bbtitle-separator-animation\u00a0\u00bb _builder_version=\u00a0\u00bb4.27.4&Prime; _module_preset=\u00a0\u00bbdefault\u00a0\u00bb custom_margin=\u00a0\u00bb||10px||false|false\u00a0\u00bb global_colors_info=\u00a0\u00bb{}\u00a0\u00bb]<\/p>\n<h2 class=\"title-h2\">USINES DU GROUPE<\/h2>\n<p>[\/et_pb_text][et_pb_text module_class=\u00a0\u00bbtitle-separator-animation\u00a0\u00bb _builder_version=\u00a0\u00bb4.27.4&Prime; _module_preset=\u00a0\u00bbdefault\u00a0\u00bb width=\u00a0\u00bb79%\u00a0\u00bb custom_margin=\u00a0\u00bb||0px||false|false\u00a0\u00bb custom_padding=\u00a0\u00bb||0px||false|false\u00a0\u00bb header_2_font_size_tablet=\u00a0\u00bb\u00a0\u00bb header_2_font_size_phone=\u00a0\u00bb44px\u00a0\u00bb header_2_font_size_last_edited=\u00a0\u00bbon|phone\u00a0\u00bb global_colors_info=\u00a0\u00bb{}\u00a0\u00bb]<\/p>\n<h3 class=\"title-h3\">Piloter la construction du futur<\/h3>\n<p>[\/et_pb_text][\/et_pb_column][et_pb_column type=\u00a0\u00bb2_5&Prime; _builder_version=\u00a0\u00bb4.25.2&Prime; _module_preset=\u00a0\u00bbdefault\u00a0\u00bb background_color=\u00a0\u00bbRGBA(255,255,255,0)\u00a0\u00bb custom_padding=\u00a0\u00bb4%|4%|4%|4%|false|false\u00a0\u00bb global_colors_info=\u00a0\u00bb{}\u00a0\u00bb][\/et_pb_column][\/et_pb_row][et_pb_row column_structure=\u00a0\u00bb1_4,1_4,1_4,1_4&Prime; use_custom_gutter=\u00a0\u00bbon\u00a0\u00bb gutter_width=\u00a0\u00bb2&Prime; make_equal=\u00a0\u00bbon\u00a0\u00bb _builder_version=\u00a0\u00bb4.27.4&Prime; _module_preset=\u00a0\u00bbdefault\u00a0\u00bb global_colors_info=\u00a0\u00bb{}\u00a0\u00bb][et_pb_column type=\u00a0\u00bb1_4&Prime; _builder_version=\u00a0\u00bb4.27.4&Prime; _module_preset=\u00a0\u00bbdefault\u00a0\u00bb global_colors_info=\u00a0\u00bb{}\u00a0\u00bb][dsm_card title=\u00a0\u00bbAgglom\u00e9rats d&rsquo;asphalte\u00a0\u00bb content_horizontal_alignment=\u00a0\u00bbflex-start\u00a0\u00bb image=\u00a0\u00bbhttps:\/\/rubautarres.com\/wp-content\/uploads\/2024\/12\/DJI_0053.jpg\u00a0\u00bb content_padding=\u00a0\u00bb36px|36px|36px|36px|true|true\u00a0\u00bb button_url_new_window=\u00a0\u00bb1&Prime; _builder_version=\u00a0\u00bb4.27.4&Prime; _module_preset=\u00a0\u00bbdefault\u00a0\u00bb header_font_size=\u00a0\u00bb30px\u00a0\u00bb background_color=\u00a0\u00bb#FFFFFF\u00a0\u00bb border_radii=\u00a0\u00bbon|20px|20px|20px|20px\u00a0\u00bb global_colors_info=\u00a0\u00bb{}\u00a0\u00bb]<\/p>\n<p>Nous disposons d\u2019une usine de fabrication d\u2019agglom\u00e9rat asphaltique \u00e0 chaud pour la r\u00e9alisation de pavements. D\u00e9velopp\u00e9e par la marque Intrame, elle est situ\u00e9e \u00e0 Viladamat et a une capacit\u00e9 de production de 280 tonnes \/ heure. Il dispose d\u2019un certificat de contr\u00f4le de production (Marc CE).  <\/p>\n<p>[\/dsm_card][\/et_pb_column][et_pb_column type=\u00a0\u00bb1_4&Prime; _builder_version=\u00a0\u00bb4.27.4&Prime; _module_preset=\u00a0\u00bbdefault\u00a0\u00bb global_colors_info=\u00a0\u00bb{}\u00a0\u00bb][dsm_card title=\u00a0\u00bbPlantes en b\u00e9ton\u00a0\u00bb content_horizontal_alignment=\u00a0\u00bbflex-start\u00a0\u00bb image=\u00a0\u00bbhttps:\/\/rubautarres.com\/wp-content\/uploads\/2024\/12\/F0045_20101123_010_1_2Enhancer-scaled.jpg\u00a0\u00bb content_padding=\u00a0\u00bb36px|36px|36px|36px|true|true\u00a0\u00bb button_url_new_window=\u00a0\u00bb1&Prime; _builder_version=\u00a0\u00bb4.27.4&Prime; _module_preset=\u00a0\u00bbdefault\u00a0\u00bb header_font_size=\u00a0\u00bb30px\u00a0\u00bb background_color=\u00a0\u00bb#FFFFFF\u00a0\u00bb border_radii=\u00a0\u00bbon|20px|20px|20px|20px\u00a0\u00bb global_colors_info=\u00a0\u00bb{}\u00a0\u00bb]<\/p>\n<p>Nous mettons l\u2019accent sur la fourniture interne de b\u00e9ton de haute qualit\u00e9. Nous op\u00e9rons sur cinq \u00e9tages de b\u00e9ton \u00e0 Vilamalla, Regenc\u00f3s, Fornells, Viladamat et Tordera. De Regenc\u00f3s, nous produisons du mortier sec.  <\/p>\n<p>[\/dsm_card][\/et_pb_column][et_pb_column type=\u00a0\u00bb1_4&Prime; _builder_version=\u00a0\u00bb4.27.4&Prime; _module_preset=\u00a0\u00bbdefault\u00a0\u00bb global_colors_info=\u00a0\u00bb{}\u00a0\u00bb][dsm_card title=\u00a0\u00bbPlante pr\u00e9fabriqu\u00e9e\u00a0\u00bb content_horizontal_alignment=\u00a0\u00bbflex-start\u00a0\u00bb image=\u00a0\u00bbhttps:\/\/rubautarres.com\/wp-content\/uploads\/2024\/12\/prefabricats.jpg\u00a0\u00bb content_padding=\u00a0\u00bb36px|36px|36px|36px|true|true\u00a0\u00bb button_url_new_window=\u00a0\u00bb1&Prime; _builder_version=\u00a0\u00bb4.27.4&Prime; _module_preset=\u00a0\u00bbdefault\u00a0\u00bb header_font_size=\u00a0\u00bb30px\u00a0\u00bb background_color=\u00a0\u00bb#FFFFFF\u00a0\u00bb border_radii=\u00a0\u00bbon|20px|20px|20px|20px\u00a0\u00bb global_colors_info=\u00a0\u00bb{}\u00a0\u00bb]<\/p>\n<p>Nous disposons d\u2019une usine de pr\u00e9fabriqu\u00e9s de pi\u00e8ces en b\u00e9ton de haute qualit\u00e9 situ\u00e9e \u00e0 Regenc\u00f3s.<\/p>\n<p>[\/dsm_card][\/et_pb_column][et_pb_column type=\u00a0\u00bb1_4&Prime; _builder_version=\u00a0\u00bb4.27.4&Prime; _module_preset=\u00a0\u00bbdefault\u00a0\u00bb global_colors_info=\u00a0\u00bb{}\u00a0\u00bb][dsm_card title=\u00a0\u00bbCant\u00e8res\u00a0\u00bb content_horizontal_alignment=\u00a0\u00bbflex-start\u00a0\u00bb image=\u00a0\u00bbhttps:\/\/rubautarres.com\/wp-content\/uploads\/2024\/12\/Aridsbofill2.jpg\u00a0\u00bb content_padding=\u00a0\u00bb36px|36px|36px|36px|true|true\u00a0\u00bb button_url_new_window=\u00a0\u00bb1&Prime; _builder_version=\u00a0\u00bb4.27.4&Prime; _module_preset=\u00a0\u00bbdefault\u00a0\u00bb header_font_size=\u00a0\u00bb30px\u00a0\u00bb background_color=\u00a0\u00bb#FFFFFF\u00a0\u00bb border_radii=\u00a0\u00bbon|20px|20px|20px|20px\u00a0\u00bb global_colors_info=\u00a0\u00bb{}\u00a0\u00bb]Le Groupe dispose de deux canteres o\u00f9 l\u2019on extrait aride calcaire \u00e0 Regenc\u00f3s et aride granitique \u00e0 Susqueda de haute qualit\u00e9.[\/dsm_card][\/et_pb_column][\/et_pb_row][\/et_pb_section]<\/p>\n","protected":false},"excerpt":{"rendered":"<p>LE GROUPECr\u00e9er des synergiesAutour de Rubau Tarr\u00e9s et suite \u00e0 la strat\u00e9gie de renforcement de l&rsquo;entreprise dans son activit\u00e9 constructive, un groupe d&rsquo;entreprises a \u00e9t\u00e9 cr\u00e9\u00e9. Ce groupe s&rsquo;est d\u00e9velopp\u00e9 au fil du temps, couvrant diff\u00e9rents domaines du secteur de la construction et \u00e9largissant sa pr\u00e9sence dans diff\u00e9rentes zones g\u00e9ographiques. L&rsquo;objectif principal a toujours \u00e9t\u00e9 d&rsquo;offrir un service complet et de haute qualit\u00e9 \u00e0 nos clients, tout en maintenant un engagement ferme en faveur de la durabilit\u00e9 et de l&rsquo;innovation. Notre valeur ajout\u00e9eEngagement et excellenceChez Rubau Tarr\u00e9s, nous nous distinguons par notre capacit\u00e9 d&rsquo;adaptation et d&rsquo;autonomie dans chaque projet. Notre philosophie repose sur une s\u00e9rie de piliers fondamentaux qui garantissent la plus haute qualit\u00e9 et la plus grande confiance \u00e0 nos clients. Avec plus de 50 ans d&rsquo;exp\u00e9rience dans le secteur, notre \u00e9quipe de professionnels qualifi\u00e9s assure l&rsquo;excellence dans chaque travail, se distinguant dans les infrastructures civiles, la construction, la conservation et l&rsquo;entretien.USINES DU GROUPEPiloter la construction du futur<div class=\"et_pb_module dsm_card dsm_card_0 et_pb_bg_layout_light  dsm_card_layout_stacked\">\n\t\t\t\t\n\t\t\t\t\n\t\t\t\t\n\t\t\t\t\n\t\t\t\t\n\t\t\t\t\n\t\t\t\t<div class=\"et_pb_module_inner\">\n\t\t\t\t\t\n\t\t\t\n\t\t\t<figure class=\"dsm_card_image_wrapper dsm_card_badge_top_right\"><div class=\"dsm_card_image_background dsm_card_img\"><\/div><\/figure>\n\t\t\t<div class=\"et_pb_module dsm_card_wrapper et_pb_text_align_left\">\n\t\t\t\t\t\n\t\t\t\t\t<h4 class=\"dsm_card_title et_pb_module_header\">Agglom\u00e9rats d'asphalte<\/h4>\n\t\t\t\t\t\n\t\t\t\t\t\n\t\t\t\t\t\n\t\t\t\t<\/div>\n\t\t\t\n\t\t\t\t<\/div>\n\t\t\t<\/div>Nous disposons d\u2019une usine de fabrication d\u2019agglom\u00e9rat asphaltique \u00e0 chaud pour la r\u00e9alisation de pavements. D\u00e9velopp\u00e9e par la marque Intrame, elle est situ\u00e9e \u00e0 Viladamat et a une capacit\u00e9 de [&hellip;]<\/p>\n","protected":false},"author":2,"featured_media":0,"parent":0,"menu_order":0,"comment_status":"closed","ping_status":"closed","template":"","meta":{"_acf_changed":false,"_et_pb_use_builder":"on","_et_pb_old_content":"","_et_gb_content_width":"","footnotes":""},"class_list":["post-1981","page","type-page","status-publish","hentry"],"acf":[],"yoast_head":"<!-- This site is optimized with the Yoast SEO plugin v27.4 - https:\/\/yoast.com\/product\/yoast-seo-wordpress\/ -->\n<title>le groupe - Rubau Tarr\u00e8s<\/title>\n<meta name=\"description\" content=\"Groupe Rubau Tarr\u00e9s : service int\u00e9gral en construction avec ses propres \u00e9tages, exp\u00e9rience et engagement en faveur de la qualit\u00e9 et de la durabilit\u00e9.\" \/>\n<meta name=\"robots\" content=\"index, follow, max-snippet:-1, max-image-preview:large, max-video-preview:-1\" \/>\n<link rel=\"canonical\" href=\"https:\/\/rubautarres.com\/fr\/le-groupe\/\" \/>\n<meta property=\"og:locale\" content=\"fr_FR\" \/>\n<meta property=\"og:type\" content=\"article\" \/>\n<meta property=\"og:title\" content=\"le groupe - Rubau Tarr\u00e8s\" \/>\n<meta property=\"og:description\" content=\"Groupe Rubau Tarr\u00e9s : service int\u00e9gral en construction avec ses propres \u00e9tages, exp\u00e9rience et engagement en faveur de la qualit\u00e9 et de la durabilit\u00e9.\" \/>\n<meta property=\"og:url\" content=\"https:\/\/rubautarres.com\/fr\/le-groupe\/\" \/>\n<meta property=\"og:site_name\" content=\"Rubau Tarr\u00e8s\" \/>\n<meta property=\"article:publisher\" content=\"https:\/\/www.facebook.com\/RubauTarresSAU\" \/>\n<meta property=\"article:modified_time\" content=\"2025-04-30T09:00:52+00:00\" \/>\n<meta name=\"twitter:card\" content=\"summary_large_image\" \/>\n<meta name=\"twitter:site\" content=\"@rubautarres\" \/>\n<meta name=\"twitter:label1\" content=\"Dur\u00e9e de lecture estim\u00e9e\" \/>\n\t<meta name=\"twitter:data1\" content=\"2 minutes\" \/>\n<script type=\"application\/ld+json\" class=\"yoast-schema-graph\">{\"@context\":\"https:\\\/\\\/schema.org\",\"@graph\":[{\"@type\":\"WebPage\",\"@id\":\"https:\\\/\\\/rubautarres.com\\\/fr\\\/le-groupe\\\/\",\"url\":\"https:\\\/\\\/rubautarres.com\\\/fr\\\/le-groupe\\\/\",\"name\":\"le groupe - Rubau Tarr\u00e8s\",\"isPartOf\":{\"@id\":\"https:\\\/\\\/rubautarres.com\\\/fr\\\/#website\"},\"datePublished\":\"2024-06-25T15:55:50+00:00\",\"dateModified\":\"2025-04-30T09:00:52+00:00\",\"description\":\"Groupe Rubau Tarr\u00e9s : service int\u00e9gral en construction avec ses propres \u00e9tages, exp\u00e9rience et engagement en faveur de la qualit\u00e9 et de la durabilit\u00e9.\",\"breadcrumb\":{\"@id\":\"https:\\\/\\\/rubautarres.com\\\/fr\\\/le-groupe\\\/#breadcrumb\"},\"inLanguage\":\"fr-FR\",\"potentialAction\":[{\"@type\":\"ReadAction\",\"target\":[\"https:\\\/\\\/rubautarres.com\\\/fr\\\/le-groupe\\\/\"]}]},{\"@type\":\"BreadcrumbList\",\"@id\":\"https:\\\/\\\/rubautarres.com\\\/fr\\\/le-groupe\\\/#breadcrumb\",\"itemListElement\":[{\"@type\":\"ListItem\",\"position\":1,\"name\":\"Portada\",\"item\":\"https:\\\/\\\/rubautarres.com\\\/fr\\\/\"},{\"@type\":\"ListItem\",\"position\":2,\"name\":\"le groupe\"}]},{\"@type\":\"WebSite\",\"@id\":\"https:\\\/\\\/rubautarres.com\\\/fr\\\/#website\",\"url\":\"https:\\\/\\\/rubautarres.com\\\/fr\\\/\",\"name\":\"Rubau Tarr\u00e8s\",\"description\":\"Nosaltres constru\u00efm perqu\u00e8 tu avancis\",\"publisher\":{\"@id\":\"https:\\\/\\\/rubautarres.com\\\/fr\\\/#organization\"},\"potentialAction\":[{\"@type\":\"SearchAction\",\"target\":{\"@type\":\"EntryPoint\",\"urlTemplate\":\"https:\\\/\\\/rubautarres.com\\\/fr\\\/?s={search_term_string}\"},\"query-input\":{\"@type\":\"PropertyValueSpecification\",\"valueRequired\":true,\"valueName\":\"search_term_string\"}}],\"inLanguage\":\"fr-FR\"},{\"@type\":\"Organization\",\"@id\":\"https:\\\/\\\/rubautarres.com\\\/fr\\\/#organization\",\"name\":\"Rubau Tarr\u00e8s\",\"url\":\"https:\\\/\\\/rubautarres.com\\\/fr\\\/\",\"logo\":{\"@type\":\"ImageObject\",\"inLanguage\":\"fr-FR\",\"@id\":\"https:\\\/\\\/rubautarres.com\\\/fr\\\/#\\\/schema\\\/logo\\\/image\\\/\",\"url\":\"https:\\\/\\\/rubautarres.com\\\/wp-content\\\/uploads\\\/2024\\\/06\\\/logo.png\",\"contentUrl\":\"https:\\\/\\\/rubautarres.com\\\/wp-content\\\/uploads\\\/2024\\\/06\\\/logo.png\",\"width\":780,\"height\":144,\"caption\":\"Rubau Tarr\u00e8s\"},\"image\":{\"@id\":\"https:\\\/\\\/rubautarres.com\\\/fr\\\/#\\\/schema\\\/logo\\\/image\\\/\"},\"sameAs\":[\"https:\\\/\\\/www.facebook.com\\\/RubauTarresSAU\",\"https:\\\/\\\/x.com\\\/rubautarres\"]}]}<\/script>\n<!-- \/ Yoast SEO plugin. -->","yoast_head_json":{"title":"le groupe - Rubau Tarr\u00e8s","description":"Groupe Rubau Tarr\u00e9s : service int\u00e9gral en construction avec ses propres \u00e9tages, exp\u00e9rience et engagement en faveur de la qualit\u00e9 et de la durabilit\u00e9.","robots":{"index":"index","follow":"follow","max-snippet":"max-snippet:-1","max-image-preview":"max-image-preview:large","max-video-preview":"max-video-preview:-1"},"canonical":"https:\/\/rubautarres.com\/fr\/le-groupe\/","og_locale":"fr_FR","og_type":"article","og_title":"le groupe - Rubau Tarr\u00e8s","og_description":"Groupe Rubau Tarr\u00e9s : service int\u00e9gral en construction avec ses propres \u00e9tages, exp\u00e9rience et engagement en faveur de la qualit\u00e9 et de la durabilit\u00e9.","og_url":"https:\/\/rubautarres.com\/fr\/le-groupe\/","og_site_name":"Rubau Tarr\u00e8s","article_publisher":"https:\/\/www.facebook.com\/RubauTarresSAU","article_modified_time":"2025-04-30T09:00:52+00:00","twitter_card":"summary_large_image","twitter_site":"@rubautarres","twitter_misc":{"Dur\u00e9e de lecture estim\u00e9e":"2 minutes"},"schema":{"@context":"https:\/\/schema.org","@graph":[{"@type":"WebPage","@id":"https:\/\/rubautarres.com\/fr\/le-groupe\/","url":"https:\/\/rubautarres.com\/fr\/le-groupe\/","name":"le groupe - Rubau Tarr\u00e8s","isPartOf":{"@id":"https:\/\/rubautarres.com\/fr\/#website"},"datePublished":"2024-06-25T15:55:50+00:00","dateModified":"2025-04-30T09:00:52+00:00","description":"Groupe Rubau Tarr\u00e9s : service int\u00e9gral en construction avec ses propres \u00e9tages, exp\u00e9rience et engagement en faveur de la qualit\u00e9 et de la durabilit\u00e9.","breadcrumb":{"@id":"https:\/\/rubautarres.com\/fr\/le-groupe\/#breadcrumb"},"inLanguage":"fr-FR","potentialAction":[{"@type":"ReadAction","target":["https:\/\/rubautarres.com\/fr\/le-groupe\/"]}]},{"@type":"BreadcrumbList","@id":"https:\/\/rubautarres.com\/fr\/le-groupe\/#breadcrumb","itemListElement":[{"@type":"ListItem","position":1,"name":"Portada","item":"https:\/\/rubautarres.com\/fr\/"},{"@type":"ListItem","position":2,"name":"le groupe"}]},{"@type":"WebSite","@id":"https:\/\/rubautarres.com\/fr\/#website","url":"https:\/\/rubautarres.com\/fr\/","name":"Rubau Tarr\u00e8s","description":"Nosaltres constru\u00efm perqu\u00e8 tu avancis","publisher":{"@id":"https:\/\/rubautarres.com\/fr\/#organization"},"potentialAction":[{"@type":"SearchAction","target":{"@type":"EntryPoint","urlTemplate":"https:\/\/rubautarres.com\/fr\/?s={search_term_string}"},"query-input":{"@type":"PropertyValueSpecification","valueRequired":true,"valueName":"search_term_string"}}],"inLanguage":"fr-FR"},{"@type":"Organization","@id":"https:\/\/rubautarres.com\/fr\/#organization","name":"Rubau Tarr\u00e8s","url":"https:\/\/rubautarres.com\/fr\/","logo":{"@type":"ImageObject","inLanguage":"fr-FR","@id":"https:\/\/rubautarres.com\/fr\/#\/schema\/logo\/image\/","url":"https:\/\/rubautarres.com\/wp-content\/uploads\/2024\/06\/logo.png","contentUrl":"https:\/\/rubautarres.com\/wp-content\/uploads\/2024\/06\/logo.png","width":780,"height":144,"caption":"Rubau Tarr\u00e8s"},"image":{"@id":"https:\/\/rubautarres.com\/fr\/#\/schema\/logo\/image\/"},"sameAs":["https:\/\/www.facebook.com\/RubauTarresSAU","https:\/\/x.com\/rubautarres"]}]}},"_links":{"self":[{"href":"https:\/\/rubautarres.com\/fr\/wp-json\/wp\/v2\/pages\/1981","targetHints":{"allow":["GET"]}}],"collection":[{"href":"https:\/\/rubautarres.com\/fr\/wp-json\/wp\/v2\/pages"}],"about":[{"href":"https:\/\/rubautarres.com\/fr\/wp-json\/wp\/v2\/types\/page"}],"author":[{"embeddable":true,"href":"https:\/\/rubautarres.com\/fr\/wp-json\/wp\/v2\/users\/2"}],"replies":[{"embeddable":true,"href":"https:\/\/rubautarres.com\/fr\/wp-json\/wp\/v2\/comments?post=1981"}],"version-history":[{"count":7,"href":"https:\/\/rubautarres.com\/fr\/wp-json\/wp\/v2\/pages\/1981\/revisions"}],"predecessor-version":[{"id":3596,"href":"https:\/\/rubautarres.com\/fr\/wp-json\/wp\/v2\/pages\/1981\/revisions\/3596"}],"wp:attachment":[{"href":"https:\/\/rubautarres.com\/fr\/wp-json\/wp\/v2\/media?parent=1981"}],"curies":[{"name":"wp","href":"https:\/\/api.w.org\/{rel}","templated":true}]}}