{"id":1988,"date":"2024-06-25T17:56:13","date_gmt":"2024-06-25T15:56:13","guid":{"rendered":"https:\/\/rubautarres.com\/action-sociale\/"},"modified":"2025-02-06T15:29:23","modified_gmt":"2025-02-06T14:29:23","slug":"action-sociale","status":"publish","type":"page","link":"https:\/\/rubautarres.com\/fr\/action-sociale\/","title":{"rendered":"Action sociale"},"content":{"rendered":"<p>[et_pb_section fb_built=\u00a0\u00bb1&Prime; custom_padding_last_edited=\u00a0\u00bbon|tablet\u00a0\u00bb _builder_version=\u00a0\u00bb4.25.2&Prime; _module_preset=\u00a0\u00bbdefault\u00a0\u00bb custom_padding=\u00a0\u00bb||160px||false|false\u00a0\u00bb custom_padding_tablet=\u00a0\u00bb||80px||false|false\u00a0\u00bb custom_padding_phone=\u00a0\u00bb||80px||false|false\u00a0\u00bb global_colors_info=\u00a0\u00bb{}\u00a0\u00bb][et_pb_row column_structure=\u00a0\u00bb1_2,1_2&Prime; make_equal=\u00a0\u00bbon\u00a0\u00bb custom_padding_last_edited=\u00a0\u00bbon|tablet\u00a0\u00bb module_class=\u00a0\u00bbrow-reverse-res-tablet row-reverse-res\u00a0\u00bb _builder_version=\u00a0\u00bb4.27.4&Prime; _module_preset=\u00a0\u00bbdefault\u00a0\u00bb custom_padding=\u00a0\u00bb100px||0px||false|false\u00a0\u00bb custom_padding_tablet=\u00a0\u00bb0px||0px||false|false\u00a0\u00bb custom_padding_phone=\u00a0\u00bb0px||0px||false|false\u00a0\u00bb global_colors_info=\u00a0\u00bb{}\u00a0\u00bb][et_pb_column type=\u00a0\u00bb1_2&Prime; _builder_version=\u00a0\u00bb4.25.2&Prime; _module_preset=\u00a0\u00bbdefault\u00a0\u00bb global_colors_info=\u00a0\u00bb{}\u00a0\u00bb][et_pb_text module_class=\u00a0\u00bbtitle-separator-animation\u00a0\u00bb _builder_version=\u00a0\u00bb4.25.2&Prime; _module_preset=\u00a0\u00bbdefault\u00a0\u00bb custom_margin=\u00a0\u00bb||10px||false|false\u00a0\u00bb global_colors_info=\u00a0\u00bb{}\u00a0\u00bb]<\/p>\n<h5>Notre engagement<\/h5>\n<p>[\/et_pb_text][et_pb_text module_class=\u00a0\u00bbtitle-separator-animation\u00a0\u00bb _builder_version=\u00a0\u00bb4.25.2&Prime; _module_preset=\u00a0\u00bbdefault\u00a0\u00bb width=\u00a0\u00bb85%\u00a0\u00bb custom_margin=\u00a0\u00bb||20px||false|false\u00a0\u00bb custom_padding=\u00a0\u00bb||0px||false|false\u00a0\u00bb header_font_size_tablet=\u00a0\u00bb\u00a0\u00bb header_font_size_phone=\u00a0\u00bb44px\u00a0\u00bb header_font_size_last_edited=\u00a0\u00bbon|phone\u00a0\u00bb global_colors_info=\u00a0\u00bb{}\u00a0\u00bb]<\/p>\n<h1>Action sociale et environnementale<\/h1>\n<p>[\/et_pb_text][et_pb_text _builder_version=\u00a0\u00bb4.27.4&Prime; _module_preset=\u00a0\u00bbdefault\u00a0\u00bb custom_margin=\u00a0\u00bb||0px||false|false\u00a0\u00bb global_colors_info=\u00a0\u00bb{}\u00a0\u00bb]<\/p>\n<p>Chez Rubau Tarr\u00e9s, nous comprenons que notre r\u00f4le en tant qu\u2019entreprise va au-del\u00e0 de la construction. Nous nous sentons engag\u00e9s envers la soci\u00e9t\u00e9 et nous travaillons activement pour contribuer au bien-\u00eatre de la communaut\u00e9.<\/p>\n<p>Notre engagement social se refl\u00e8te dans plusieurs initiatives qui couvrent la culture, la sant\u00e9 et le sport, des domaines que nous consid\u00e9rons fondamentaux pour le d\u00e9veloppement int\u00e9gral des personnes. Nous nous impliquons dans des projets qui favorisent l\u2019inclusion, l\u2019am\u00e9lioration de la qualit\u00e9 de vie et la promotion de valeurs positives, en collaborant avec des entit\u00e9s et des institutions qui partagent notre vision d\u2019un avenir plus durable et plus juste.<\/p>\n<p>Dans chaque projet que nous d\u00e9veloppons, nous int\u00e9grons un engagement ferme en faveur de la durabilit\u00e9 environnementale, visant \u00e0 r\u00e9duire notre empreinte carbone et \u00e0 promouvoir des pratiques responsables envers l\u2019environnement. Nous encourageons la r\u00e9cup\u00e9ration et la r\u00e9utilisation de mat\u00e9riaux recycl\u00e9s, en appliquant des processus innovants qui optimisent les ressources et minimisent les d\u00e9chets. Nous privil\u00e9gions l&rsquo;utilisation de mati\u00e8res premi\u00e8res de proximit\u00e9, en r\u00e9duisant l&rsquo;impact des transports et en contribuant au d\u00e9veloppement des \u00e9conomies locales. Cette approche renforce non seulement notre engagement en faveur de l\u2019environnement, mais elle garantit \u00e9galement que nos projets sont un exemple de durabilit\u00e9 et de respect pour la plan\u00e8te.<\/p>\n<p>[\/et_pb_text][\/et_pb_column][et_pb_column type=\u00a0\u00bb1_2&Prime; _builder_version=\u00a0\u00bb4.27.4&Prime; _module_preset=\u00a0\u00bbdefault\u00a0\u00bb background_image=\u00a0\u00bbhttps:\/\/rubautarres.com\/wp-content\/uploads\/2024\/12\/F0526_20221015_560.jpg\u00a0\u00bb border_radii=\u00a0\u00bbon|20px|20px|20px|20px\u00a0\u00bb global_colors_info=\u00a0\u00bb{}\u00a0\u00bb][et_pb_divider show_divider=\u00a0\u00bboff\u00a0\u00bb _builder_version=\u00a0\u00bb4.27.4&Prime; _module_preset=\u00a0\u00bbdefault\u00a0\u00bb background_enable_image=\u00a0\u00bboff\u00a0\u00bb min_height=\u00a0\u00bb600px\u00a0\u00bb min_height_tablet=\u00a0\u00bb600px\u00a0\u00bb min_height_phone=\u00a0\u00bb400px\u00a0\u00bb min_height_last_edited=\u00a0\u00bbon|phone\u00a0\u00bb custom_margin_tablet=\u00a0\u00bb||32px||false|false\u00a0\u00bb custom_margin_phone=\u00a0\u00bb||32px||false|false\u00a0\u00bb custom_margin_last_edited=\u00a0\u00bbon|tablet\u00a0\u00bb custom_padding=\u00a0\u00bb||||false|false\u00a0\u00bb animation_style=\u00a0\u00bbslide\u00a0\u00bb animation_direction=\u00a0\u00bbbottom\u00a0\u00bb animation_duration=\u00a0\u00bb600ms\u00a0\u00bb animation_intensity_slide=\u00a0\u00bb8%\u00a0\u00bb border_radii=\u00a0\u00bbon|10px|10px|10px|10px\u00a0\u00bb global_colors_info=\u00a0\u00bb{}\u00a0\u00bb][\/et_pb_divider][\/et_pb_column][\/et_pb_row][\/et_pb_section][et_pb_section fb_built=\u00a0\u00bb1&Prime; _builder_version=\u00a0\u00bb4.25.2&Prime; _module_preset=\u00a0\u00bbdefault\u00a0\u00bb background_color=\u00a0\u00bb#FFFFFF\u00a0\u00bb custom_padding=\u00a0\u00bb||||false|false\u00a0\u00bb border_radii=\u00a0\u00bboff|50px|50px||\u00a0\u00bb global_colors_info=\u00a0\u00bb{}\u00a0\u00bb][et_pb_row column_structure=\u00a0\u00bb3_5,2_5&Prime; make_equal=\u00a0\u00bbon\u00a0\u00bb module_class=\u00a0\u00bbalign-center\u00a0\u00bb _builder_version=\u00a0\u00bb4.25.2&Prime; _module_preset=\u00a0\u00bbdefault\u00a0\u00bb background_color=\u00a0\u00bbRGBA(255,255,255,0)\u00a0\u00bb custom_margin=\u00a0\u00bb||0px||false|false\u00a0\u00bb custom_padding=\u00a0\u00bb||0px||false|false\u00a0\u00bb global_colors_info=\u00a0\u00bb{}\u00a0\u00bb][et_pb_column type=\u00a0\u00bb3_5&Prime; _builder_version=\u00a0\u00bb4.25.2&Prime; _module_preset=\u00a0\u00bbdefault\u00a0\u00bb background_color=\u00a0\u00bbRGBA(255,255,255,0)\u00a0\u00bb custom_padding=\u00a0\u00bb||||false|false\u00a0\u00bb global_colors_info=\u00a0\u00bb{}\u00a0\u00bb][et_pb_text module_class=\u00a0\u00bbtitle-separator-animation\u00a0\u00bb _builder_version=\u00a0\u00bb4.25.2&Prime; _module_preset=\u00a0\u00bbdefault\u00a0\u00bb custom_margin=\u00a0\u00bb||10px||false|false\u00a0\u00bb global_colors_info=\u00a0\u00bb{}\u00a0\u00bb]<\/p>\n<h5>Actions<\/h5>\n<p>[\/et_pb_text][et_pb_text module_class=\u00a0\u00bbtitle-separator-animation\u00a0\u00bb _builder_version=\u00a0\u00bb4.25.2&Prime; _module_preset=\u00a0\u00bbdefault\u00a0\u00bb width=\u00a0\u00bb79%\u00a0\u00bb custom_margin=\u00a0\u00bb||0px||false|false\u00a0\u00bb custom_padding=\u00a0\u00bb||0px||false|false\u00a0\u00bb header_2_font_size_tablet=\u00a0\u00bb\u00a0\u00bb header_2_font_size_phone=\u00a0\u00bb36px\u00a0\u00bb header_2_font_size_last_edited=\u00a0\u00bbon|phone\u00a0\u00bb global_colors_info=\u00a0\u00bb{}\u00a0\u00bb]<\/p>\n<h2><span>Culture, Sant\u00e9<br \/> et Sport<\/span><\/h2>\n<p>[\/et_pb_text][\/et_pb_column][et_pb_column type=\u00a0\u00bb2_5&Prime; _builder_version=\u00a0\u00bb4.25.2&Prime; _module_preset=\u00a0\u00bbdefault\u00a0\u00bb background_color=\u00a0\u00bbRGBA(255,255,255,0)\u00a0\u00bb custom_padding=\u00a0\u00bb4%|4%|4%|4%|false|false\u00a0\u00bb global_colors_info=\u00a0\u00bb{}\u00a0\u00bb][\/et_pb_column][\/et_pb_row][et_pb_row column_structure=\u00a0\u00bb1_3,1_3,1_3&Prime; use_custom_gutter=\u00a0\u00bbon\u00a0\u00bb gutter_width=\u00a0\u00bb2&Prime; make_equal=\u00a0\u00bbon\u00a0\u00bb module_class=\u00a0\u00bbtitle-separator-animation\u00a0\u00bb _builder_version=\u00a0\u00bb4.27.4&Prime; _module_preset=\u00a0\u00bbdefault\u00a0\u00bb module_alignment=\u00a0\u00bbcenter\u00a0\u00bb custom_margin=\u00a0\u00bb2em||0.5em||false|false\u00a0\u00bb global_colors_info=\u00a0\u00bb{}\u00a0\u00bb][et_pb_column type=\u00a0\u00bb1_3&Prime; _builder_version=\u00a0\u00bb4.25.2&Prime; _module_preset=\u00a0\u00bbdefault\u00a0\u00bb background_color=\u00a0\u00bb#F2F5F9&Prime; custom_padding=\u00a0\u00bb||||false|false\u00a0\u00bb border_radii=\u00a0\u00bbon|20px|20px|20px|20px\u00a0\u00bb global_colors_info=\u00a0\u00bb{}\u00a0\u00bb][et_pb_image src=\u00a0\u00bbhttps:\/\/rubautarres.com\/wp-content\/uploads\/2024\/07\/investigacio_lupus2-min-e1719938074147.png\u00a0\u00bb title_text=\u00a0\u00bbinvestigation_lupus2-min\u00a0\u00bb force_fullwidth=\u00a0\u00bbon\u00a0\u00bb _builder_version=\u00a0\u00bb4.25.2&Prime; _module_preset=\u00a0\u00bbdefault\u00a0\u00bb scroll_vertical_motion_enable=\u00a0\u00bbon\u00a0\u00bb scroll_vertical_motion=\u00a0\u00bb0|15|15|100|1|0|0&Prime; scroll_fade_enable=\u00a0\u00bbon\u00a0\u00bb border_radii=\u00a0\u00bboff|20px|20px|0px|0px\u00a0\u00bb global_colors_info=\u00a0\u00bb{}\u00a0\u00bb][\/et_pb_image][et_pb_text module_class=\u00a0\u00bbtitle-separator-animation\u00a0\u00bb _builder_version=\u00a0\u00bb4.27.4&Prime; _module_preset=\u00a0\u00bbdefault\u00a0\u00bb text_font_size=\u00a0\u00bb20px\u00a0\u00bb header_2_font_size=\u00a0\u00bb42px\u00a0\u00bb header_3_font_size=\u00a0\u00bb28px\u00a0\u00bb module_alignment=\u00a0\u00bbcenter\u00a0\u00bb custom_margin=\u00a0\u00bb||auto||false|false\u00a0\u00bb custom_padding=\u00a0\u00bb30px|30px|0px|30px|false|false\u00a0\u00bb animation_direction=\u00a0\u00bbbottom\u00a0\u00bb global_colors_info=\u00a0\u00bb{}\u00a0\u00bb]<\/p>\n<h3>Sant Joan de D\u00e9u<\/h3>\n<p>[\/et_pb_text][et_pb_text _builder_version=\u00a0\u00bb4.25.2&Prime; _module_preset=\u00a0\u00bbdefault\u00a0\u00bb text_font_size=\u00a0\u00bb18px\u00a0\u00bb header_2_font_size=\u00a0\u00bb42px\u00a0\u00bb module_alignment=\u00a0\u00bbcenter\u00a0\u00bb custom_margin=\u00a0\u00bb||auto||false|false\u00a0\u00bb custom_padding=\u00a0\u00bb|30px|30px|30px|false|false\u00a0\u00bb global_colors_info=\u00a0\u00bb{}\u00a0\u00bb]<\/p>\n<p>Rubau Tarr\u00e9s et la Fondation A. Bosch ont sign\u00e9 un accord de collaboration pour les 3 prochaines ann\u00e9es. L\u2019entreprise de construction de G\u00e9rone Rubau Tarr\u00e9s s\u2019ajoutera \u00e0 la diffusion des valeurs et du travail de la Fondation et collaborera \u00e9conomiquement avec les initiatives qu\u2019elle impulse \u00e0 l\u2019H\u00f4pital Vall d\u2019Hebron. Concr\u00e8tement, la contribution financi\u00e8re sera affect\u00e9e au projet actuel de r\u00e9forme, d&rsquo;adaptation et d&rsquo;extension de la zone de transplantation des parents h\u00e9mato-po\u00e9tiques p\u00e9diatriques.<\/p>\n<p>[\/et_pb_text][\/et_pb_column][et_pb_column type=\u00a0\u00bb1_3&Prime; _builder_version=\u00a0\u00bb4.25.2&Prime; _module_preset=\u00a0\u00bbdefault\u00a0\u00bb background_color=\u00a0\u00bbRGBA(255,255,255,0)\u00a0\u00bb custom_padding=\u00a0\u00bb||||false|false\u00a0\u00bb border_radii=\u00a0\u00bbon|20px|20px|20px|20px\u00a0\u00bb global_colors_info=\u00a0\u00bb{}\u00a0\u00bb][\/et_pb_column][et_pb_column type=\u00a0\u00bb1_3&Prime; _builder_version=\u00a0\u00bb4.27.4&Prime; _module_preset=\u00a0\u00bbdefault\u00a0\u00bb global_colors_info=\u00a0\u00bb{}\u00a0\u00bb][\/et_pb_column][\/et_pb_row][\/et_pb_section]<\/p>\n","protected":false},"excerpt":{"rendered":"<p>Notre engagementAction sociale et environnementaleChez Rubau Tarr\u00e9s, nous comprenons que notre r\u00f4le en tant qu\u2019entreprise va au-del\u00e0 de la construction. Nous nous sentons engag\u00e9s envers la soci\u00e9t\u00e9 et nous travaillons activement pour contribuer au bien-\u00eatre de la communaut\u00e9. Notre engagement social se refl\u00e8te dans plusieurs initiatives qui couvrent la culture, la sant\u00e9 et le sport, des domaines que nous consid\u00e9rons fondamentaux pour le d\u00e9veloppement int\u00e9gral des personnes. Nous nous impliquons dans des projets qui favorisent l\u2019inclusion, l\u2019am\u00e9lioration de la qualit\u00e9 de vie et la promotion de valeurs positives, en collaborant avec des entit\u00e9s et des institutions qui partagent notre vision d\u2019un avenir plus durable et plus juste. Dans chaque projet que nous d\u00e9veloppons, nous int\u00e9grons un engagement ferme en faveur de la durabilit\u00e9 environnementale, visant \u00e0 r\u00e9duire notre empreinte carbone et \u00e0 promouvoir des pratiques responsables envers l\u2019environnement. Nous encourageons la r\u00e9cup\u00e9ration et la r\u00e9utilisation de mat\u00e9riaux recycl\u00e9s, en appliquant des processus innovants qui optimisent les ressources et minimisent les d\u00e9chets. Nous privil\u00e9gions l&rsquo;utilisation de mati\u00e8res premi\u00e8res de proximit\u00e9, en r\u00e9duisant l&rsquo;impact des transports et en contribuant au d\u00e9veloppement des \u00e9conomies locales. Cette approche renforce non seulement notre engagement en faveur de l\u2019environnement, mais elle garantit \u00e9galement que nos projets [&hellip;]<\/p>\n","protected":false},"author":2,"featured_media":0,"parent":0,"menu_order":0,"comment_status":"closed","ping_status":"closed","template":"","meta":{"_acf_changed":false,"_et_pb_use_builder":"on","_et_pb_old_content":"","_et_gb_content_width":"","footnotes":""},"class_list":["post-1988","page","type-page","status-publish","hentry"],"acf":[],"yoast_head":"<!-- This site is optimized with the Yoast SEO plugin v27.4 - https:\/\/yoast.com\/product\/yoast-seo-wordpress\/ -->\n<title>Action sociale - Rubau Tarr\u00e8s<\/title>\n<meta name=\"robots\" content=\"index, follow, max-snippet:-1, max-image-preview:large, max-video-preview:-1\" \/>\n<link rel=\"canonical\" href=\"https:\/\/rubautarres.com\/fr\/action-sociale\/\" \/>\n<meta property=\"og:locale\" content=\"fr_FR\" \/>\n<meta property=\"og:type\" content=\"article\" \/>\n<meta property=\"og:title\" content=\"Action sociale - Rubau Tarr\u00e8s\" \/>\n<meta property=\"og:description\" content=\"Notre engagementAction sociale et environnementaleChez Rubau Tarr\u00e9s, nous comprenons que notre r\u00f4le en tant qu\u2019entreprise va au-del\u00e0 de la construction. Nous nous sentons engag\u00e9s envers la soci\u00e9t\u00e9 et nous travaillons activement pour contribuer au bien-\u00eatre de la communaut\u00e9. Notre engagement social se refl\u00e8te dans plusieurs initiatives qui couvrent la culture, la sant\u00e9 et le sport, des domaines que nous consid\u00e9rons fondamentaux pour le d\u00e9veloppement int\u00e9gral des personnes. Nous nous impliquons dans des projets qui favorisent l\u2019inclusion, l\u2019am\u00e9lioration de la qualit\u00e9 de vie et la promotion de valeurs positives, en collaborant avec des entit\u00e9s et des institutions qui partagent notre vision d\u2019un avenir plus durable et plus juste. Dans chaque projet que nous d\u00e9veloppons, nous int\u00e9grons un engagement ferme en faveur de la durabilit\u00e9 environnementale, visant \u00e0 r\u00e9duire notre empreinte carbone et \u00e0 promouvoir des pratiques responsables envers l\u2019environnement. Nous encourageons la r\u00e9cup\u00e9ration et la r\u00e9utilisation de mat\u00e9riaux recycl\u00e9s, en appliquant des processus innovants qui optimisent les ressources et minimisent les d\u00e9chets. Nous privil\u00e9gions l&#039;utilisation de mati\u00e8res premi\u00e8res de proximit\u00e9, en r\u00e9duisant l&#039;impact des transports et en contribuant au d\u00e9veloppement des \u00e9conomies locales. Cette approche renforce non seulement notre engagement en faveur de l\u2019environnement, mais elle garantit \u00e9galement que nos projets [&hellip;]\" \/>\n<meta property=\"og:url\" content=\"https:\/\/rubautarres.com\/fr\/action-sociale\/\" \/>\n<meta property=\"og:site_name\" content=\"Rubau Tarr\u00e8s\" \/>\n<meta property=\"article:publisher\" content=\"https:\/\/www.facebook.com\/RubauTarresSAU\" \/>\n<meta property=\"article:modified_time\" content=\"2025-02-06T14:29:23+00:00\" \/>\n<meta name=\"twitter:card\" content=\"summary_large_image\" \/>\n<meta name=\"twitter:site\" content=\"@rubautarres\" \/>\n<meta name=\"twitter:label1\" content=\"Dur\u00e9e de lecture estim\u00e9e\" \/>\n\t<meta name=\"twitter:data1\" content=\"2 minutes\" \/>\n<script type=\"application\/ld+json\" class=\"yoast-schema-graph\">{\"@context\":\"https:\\\/\\\/schema.org\",\"@graph\":[{\"@type\":\"WebPage\",\"@id\":\"https:\\\/\\\/rubautarres.com\\\/fr\\\/action-sociale\\\/\",\"url\":\"https:\\\/\\\/rubautarres.com\\\/fr\\\/action-sociale\\\/\",\"name\":\"Action sociale - Rubau Tarr\u00e8s\",\"isPartOf\":{\"@id\":\"https:\\\/\\\/rubautarres.com\\\/fr\\\/#website\"},\"datePublished\":\"2024-06-25T15:56:13+00:00\",\"dateModified\":\"2025-02-06T14:29:23+00:00\",\"breadcrumb\":{\"@id\":\"https:\\\/\\\/rubautarres.com\\\/fr\\\/action-sociale\\\/#breadcrumb\"},\"inLanguage\":\"fr-FR\",\"potentialAction\":[{\"@type\":\"ReadAction\",\"target\":[\"https:\\\/\\\/rubautarres.com\\\/fr\\\/action-sociale\\\/\"]}]},{\"@type\":\"BreadcrumbList\",\"@id\":\"https:\\\/\\\/rubautarres.com\\\/fr\\\/action-sociale\\\/#breadcrumb\",\"itemListElement\":[{\"@type\":\"ListItem\",\"position\":1,\"name\":\"Portada\",\"item\":\"https:\\\/\\\/rubautarres.com\\\/fr\\\/\"},{\"@type\":\"ListItem\",\"position\":2,\"name\":\"Action sociale\"}]},{\"@type\":\"WebSite\",\"@id\":\"https:\\\/\\\/rubautarres.com\\\/fr\\\/#website\",\"url\":\"https:\\\/\\\/rubautarres.com\\\/fr\\\/\",\"name\":\"Rubau Tarr\u00e8s\",\"description\":\"Nosaltres constru\u00efm perqu\u00e8 tu avancis\",\"publisher\":{\"@id\":\"https:\\\/\\\/rubautarres.com\\\/fr\\\/#organization\"},\"potentialAction\":[{\"@type\":\"SearchAction\",\"target\":{\"@type\":\"EntryPoint\",\"urlTemplate\":\"https:\\\/\\\/rubautarres.com\\\/fr\\\/?s={search_term_string}\"},\"query-input\":{\"@type\":\"PropertyValueSpecification\",\"valueRequired\":true,\"valueName\":\"search_term_string\"}}],\"inLanguage\":\"fr-FR\"},{\"@type\":\"Organization\",\"@id\":\"https:\\\/\\\/rubautarres.com\\\/fr\\\/#organization\",\"name\":\"Rubau Tarr\u00e8s\",\"url\":\"https:\\\/\\\/rubautarres.com\\\/fr\\\/\",\"logo\":{\"@type\":\"ImageObject\",\"inLanguage\":\"fr-FR\",\"@id\":\"https:\\\/\\\/rubautarres.com\\\/fr\\\/#\\\/schema\\\/logo\\\/image\\\/\",\"url\":\"https:\\\/\\\/rubautarres.com\\\/wp-content\\\/uploads\\\/2024\\\/06\\\/logo.png\",\"contentUrl\":\"https:\\\/\\\/rubautarres.com\\\/wp-content\\\/uploads\\\/2024\\\/06\\\/logo.png\",\"width\":780,\"height\":144,\"caption\":\"Rubau Tarr\u00e8s\"},\"image\":{\"@id\":\"https:\\\/\\\/rubautarres.com\\\/fr\\\/#\\\/schema\\\/logo\\\/image\\\/\"},\"sameAs\":[\"https:\\\/\\\/www.facebook.com\\\/RubauTarresSAU\",\"https:\\\/\\\/x.com\\\/rubautarres\"]}]}<\/script>\n<!-- \/ Yoast SEO plugin. -->","yoast_head_json":{"title":"Action sociale - Rubau Tarr\u00e8s","robots":{"index":"index","follow":"follow","max-snippet":"max-snippet:-1","max-image-preview":"max-image-preview:large","max-video-preview":"max-video-preview:-1"},"canonical":"https:\/\/rubautarres.com\/fr\/action-sociale\/","og_locale":"fr_FR","og_type":"article","og_title":"Action sociale - Rubau Tarr\u00e8s","og_description":"Notre engagementAction sociale et environnementaleChez Rubau Tarr\u00e9s, nous comprenons que notre r\u00f4le en tant qu\u2019entreprise va au-del\u00e0 de la construction. Nous nous sentons engag\u00e9s envers la soci\u00e9t\u00e9 et nous travaillons activement pour contribuer au bien-\u00eatre de la communaut\u00e9. Notre engagement social se refl\u00e8te dans plusieurs initiatives qui couvrent la culture, la sant\u00e9 et le sport, des domaines que nous consid\u00e9rons fondamentaux pour le d\u00e9veloppement int\u00e9gral des personnes. Nous nous impliquons dans des projets qui favorisent l\u2019inclusion, l\u2019am\u00e9lioration de la qualit\u00e9 de vie et la promotion de valeurs positives, en collaborant avec des entit\u00e9s et des institutions qui partagent notre vision d\u2019un avenir plus durable et plus juste. Dans chaque projet que nous d\u00e9veloppons, nous int\u00e9grons un engagement ferme en faveur de la durabilit\u00e9 environnementale, visant \u00e0 r\u00e9duire notre empreinte carbone et \u00e0 promouvoir des pratiques responsables envers l\u2019environnement. Nous encourageons la r\u00e9cup\u00e9ration et la r\u00e9utilisation de mat\u00e9riaux recycl\u00e9s, en appliquant des processus innovants qui optimisent les ressources et minimisent les d\u00e9chets. Nous privil\u00e9gions l'utilisation de mati\u00e8res premi\u00e8res de proximit\u00e9, en r\u00e9duisant l'impact des transports et en contribuant au d\u00e9veloppement des \u00e9conomies locales. Cette approche renforce non seulement notre engagement en faveur de l\u2019environnement, mais elle garantit \u00e9galement que nos projets [&hellip;]","og_url":"https:\/\/rubautarres.com\/fr\/action-sociale\/","og_site_name":"Rubau Tarr\u00e8s","article_publisher":"https:\/\/www.facebook.com\/RubauTarresSAU","article_modified_time":"2025-02-06T14:29:23+00:00","twitter_card":"summary_large_image","twitter_site":"@rubautarres","twitter_misc":{"Dur\u00e9e de lecture estim\u00e9e":"2 minutes"},"schema":{"@context":"https:\/\/schema.org","@graph":[{"@type":"WebPage","@id":"https:\/\/rubautarres.com\/fr\/action-sociale\/","url":"https:\/\/rubautarres.com\/fr\/action-sociale\/","name":"Action sociale - Rubau Tarr\u00e8s","isPartOf":{"@id":"https:\/\/rubautarres.com\/fr\/#website"},"datePublished":"2024-06-25T15:56:13+00:00","dateModified":"2025-02-06T14:29:23+00:00","breadcrumb":{"@id":"https:\/\/rubautarres.com\/fr\/action-sociale\/#breadcrumb"},"inLanguage":"fr-FR","potentialAction":[{"@type":"ReadAction","target":["https:\/\/rubautarres.com\/fr\/action-sociale\/"]}]},{"@type":"BreadcrumbList","@id":"https:\/\/rubautarres.com\/fr\/action-sociale\/#breadcrumb","itemListElement":[{"@type":"ListItem","position":1,"name":"Portada","item":"https:\/\/rubautarres.com\/fr\/"},{"@type":"ListItem","position":2,"name":"Action sociale"}]},{"@type":"WebSite","@id":"https:\/\/rubautarres.com\/fr\/#website","url":"https:\/\/rubautarres.com\/fr\/","name":"Rubau Tarr\u00e8s","description":"Nosaltres constru\u00efm perqu\u00e8 tu avancis","publisher":{"@id":"https:\/\/rubautarres.com\/fr\/#organization"},"potentialAction":[{"@type":"SearchAction","target":{"@type":"EntryPoint","urlTemplate":"https:\/\/rubautarres.com\/fr\/?s={search_term_string}"},"query-input":{"@type":"PropertyValueSpecification","valueRequired":true,"valueName":"search_term_string"}}],"inLanguage":"fr-FR"},{"@type":"Organization","@id":"https:\/\/rubautarres.com\/fr\/#organization","name":"Rubau Tarr\u00e8s","url":"https:\/\/rubautarres.com\/fr\/","logo":{"@type":"ImageObject","inLanguage":"fr-FR","@id":"https:\/\/rubautarres.com\/fr\/#\/schema\/logo\/image\/","url":"https:\/\/rubautarres.com\/wp-content\/uploads\/2024\/06\/logo.png","contentUrl":"https:\/\/rubautarres.com\/wp-content\/uploads\/2024\/06\/logo.png","width":780,"height":144,"caption":"Rubau Tarr\u00e8s"},"image":{"@id":"https:\/\/rubautarres.com\/fr\/#\/schema\/logo\/image\/"},"sameAs":["https:\/\/www.facebook.com\/RubauTarresSAU","https:\/\/x.com\/rubautarres"]}]}},"_links":{"self":[{"href":"https:\/\/rubautarres.com\/fr\/wp-json\/wp\/v2\/pages\/1988","targetHints":{"allow":["GET"]}}],"collection":[{"href":"https:\/\/rubautarres.com\/fr\/wp-json\/wp\/v2\/pages"}],"about":[{"href":"https:\/\/rubautarres.com\/fr\/wp-json\/wp\/v2\/types\/page"}],"author":[{"embeddable":true,"href":"https:\/\/rubautarres.com\/fr\/wp-json\/wp\/v2\/users\/2"}],"replies":[{"embeddable":true,"href":"https:\/\/rubautarres.com\/fr\/wp-json\/wp\/v2\/comments?post=1988"}],"version-history":[{"count":4,"href":"https:\/\/rubautarres.com\/fr\/wp-json\/wp\/v2\/pages\/1988\/revisions"}],"predecessor-version":[{"id":2606,"href":"https:\/\/rubautarres.com\/fr\/wp-json\/wp\/v2\/pages\/1988\/revisions\/2606"}],"wp:attachment":[{"href":"https:\/\/rubautarres.com\/fr\/wp-json\/wp\/v2\/media?parent=1988"}],"curies":[{"name":"wp","href":"https:\/\/api.w.org\/{rel}","templated":true}]}}