{"id":2010,"date":"2024-11-03T12:41:26","date_gmt":"2024-11-03T11:41:26","guid":{"rendered":"https:\/\/rubautarres.com\/services\/exploitation-des-travaux-en-concession\/"},"modified":"2025-04-30T11:41:06","modified_gmt":"2025-04-30T09:41:06","slug":"exploitation-des-travaux-en-concession","status":"publish","type":"page","link":"https:\/\/rubautarres.com\/fr\/services\/exploitation-des-travaux-en-concession\/","title":{"rendered":"Exploitation des travaux en concession"},"content":{"rendered":"<p>[et_pb_section fb_built=\u00a0\u00bb1&Prime; _builder_version=\u00a0\u00bb4.25.2&Prime; _module_preset=\u00a0\u00bbdefault\u00a0\u00bb custom_padding=\u00a0\u00bb||160px||false|false\u00a0\u00bb global_colors_info=\u00a0\u00bb{}\u00a0\u00bb][et_pb_row column_structure=\u00a0\u00bb1_2,1_2&Prime; make_equal=\u00a0\u00bbon\u00a0\u00bb module_class=\u00a0\u00bbalign-center\u00a0\u00bb _builder_version=\u00a0\u00bb4.25.2&Prime; _module_preset=\u00a0\u00bbdefault\u00a0\u00bb custom_margin=\u00a0\u00bb100px||||false|false\u00a0\u00bb custom_css_free_form=\u00a0\u00bbimg {||  object-fit: cover;||}\u00a0\u00bb global_colors_info=\u00a0\u00bb{}\u00a0\u00bb][et_pb_column type=\u00a0\u00bb1_2&Prime; _builder_version=\u00a0\u00bb4.25.2&Prime; _module_preset=\u00a0\u00bbdefault\u00a0\u00bb global_colors_info=\u00a0\u00bb{}\u00a0\u00bb][et_pb_text module_class=\u00a0\u00bbtitle-separator-animation\u00a0\u00bb _builder_version=\u00a0\u00bb4.27.4&Prime; _module_preset=\u00a0\u00bbdefault\u00a0\u00bb custom_margin=\u00a0\u00bb||10px||false|false\u00a0\u00bb global_colors_info=\u00a0\u00bb{}\u00a0\u00bb]<span class=\"title-h2\">Exploitation des travaux en concession<\/span>[\/et_pb_text][et_pb_text module_class=\u00a0\u00bbtitle-separator-animation\u00a0\u00bb _builder_version=\u00a0\u00bb4.25.2&Prime; _module_preset=\u00a0\u00bbdefault\u00a0\u00bb custom_margin=\u00a0\u00bb||20px||false|false\u00a0\u00bb custom_padding=\u00a0\u00bb||0px||false|false\u00a0\u00bb global_colors_info=\u00a0\u00bb{}\u00a0\u00bb]<\/p>\n<h1>Une gestion efficace des infrastructures pour le bien-\u00eatre des communaut\u00e9s<\/h1>\n<p>[\/et_pb_text][et_pb_text _builder_version=\u00a0\u00bb4.25.2&Prime; _module_preset=\u00a0\u00bbdefault\u00a0\u00bb global_colors_info=\u00a0\u00bb{}\u00a0\u00bb]<\/p>\n<p><span class=\"s5\">\u00c0<\/span> <span class=\"s5\">Rubau<\/span><span class=\"s5\"> <\/span><span class=\"s5\">Tarr\u00e9s<\/span> <span class=\"s5\">,<\/span> <span class=\"s5\">nous vous proposons<\/span><span class=\"s5\"> <\/span><span class=\"s5\">services<\/span><span class=\"s5\"> <\/span><span class=\"s5\">exploitation<\/span><span class=\"s5\"> <\/span><span class=\"s5\">de<\/span> <span class=\"s5\">travaux<\/span> <span class=\"s5\">en concession<\/span><span class=\"s5\"> <\/span><span class=\"s5\">en mettant<\/span> <span class=\"s5\">l&rsquo;<\/span> <span class=\"s5\">accent<\/span> <span class=\"s5\">sur<\/span> <span class=\"s5\">la gestion<\/span><span class=\"s5\"> <\/span><span class=\"s5\">efficace<\/span><span class=\"s5\">  et durable depuis   <\/span><span class=\"s5\">des march\u00e9s<\/span> <span class=\"s5\">et<\/span> <span class=\"s5\">parkings aux espaces verts, chaque projet de concession<\/span> <span class=\"s5\">est<\/span> <span class=\"s5\">une<\/span> <span class=\"s5\">opportunit\u00e9<\/span> <span class=\"s5\">d&rsquo;<\/span> <span class=\"s5\">am\u00e9liorer<\/span> <span class=\"s5\">la qualit\u00e9 de<\/span> <span class=\"s5\">vie<\/span> des <span class=\"s5\">populations<\/span> <span class=\"s5\">.<\/span> <span class=\"s5\">nous<\/span><span class=\"s5\"> <\/span><span class=\"s5\">nous nous engageons<\/span> <span class=\"s5\">\u00e0<\/span> <span class=\"s5\">maximiser<\/span> <span class=\"s5\">la valeur des<\/span> <span class=\"s5\">infrastructures<\/span><span class=\"s5\"> <\/span><span class=\"s5\">avec<\/span> <span class=\"s5\">un<\/span> <span class=\"s5\">service<\/span> <span class=\"s5\"><\/span><span class=\"s5\"><span class=\"s5\">orient\u00e9 vers<\/span><\/span> <span class=\"s5\">la satisfaction<\/span><span class=\"s5\"> <\/span><span class=\"s5\">de la<\/span><span class=\"s5\"> <\/span><span class=\"s5\">utilisateurs<\/span> <span class=\"s5\">,<\/span> <span class=\"s5\">l&rsquo;efficacit\u00e9<\/span> op\u00e9rationnelle <span class=\"s5\">et la<\/span> <span class=\"s5\">r\u00e9duction<\/span> <span class=\"s5\">de<\/span> <span class=\"s5\">l&rsquo;impact<\/span> environnemental <span class=\"s5\">.<\/span><\/p>\n<p>[\/et_pb_text][\/et_pb_column][et_pb_column type=\u00a0\u00bb1_2&Prime; _builder_version=\u00a0\u00bb4.25.2&Prime; _module_preset=\u00a0\u00bbdefault\u00a0\u00bb global_colors_info=\u00a0\u00bb{}\u00a0\u00bb][et_pb_divider show_divider=\u00a0\u00bboff\u00a0\u00bb _builder_version=\u00a0\u00bb4.25.2&Prime; _module_preset=\u00a0\u00bbdefault\u00a0\u00bb background_image=\u00a0\u00bbhttps:\/\/rubautarres.com\/wp-content\/uploads\/2024\/10\/Group-0-F0168_20150125_070_F0168_20150125_073-2-images1-1030&#215;615-2.jpg\u00a0\u00bb min_height=\u00a0\u00bb600px\u00a0\u00bb animation_style=\u00a0\u00bbslide\u00a0\u00bb animation_direction=\u00a0\u00bbbottom\u00a0\u00bb animation_duration=\u00a0\u00bb600ms\u00a0\u00bb animation_intensity_slide=\u00a0\u00bb8%\u00a0\u00bb border_radii=\u00a0\u00bbon|10px|10px|10px|10px\u00a0\u00bb global_colors_info=\u00a0\u00bb{}\u00a0\u00bb][\/et_pb_divider][\/et_pb_column][\/et_pb_row][\/et_pb_section][et_pb_section fb_built=\u00a0\u00bb1&Prime; _builder_version=\u00a0\u00bb4.25.2&Prime; _module_preset=\u00a0\u00bbdefault\u00a0\u00bb background_color=\u00a0\u00bb#FFFFFF\u00a0\u00bb custom_padding=\u00a0\u00bb180px||180px||false|false\u00a0\u00bb scroll_vertical_motion=\u00a0\u00bb0|23|23|100|0|0|0&Prime; border_radii=\u00a0\u00bbon|50px|50px|50px|50px\u00a0\u00bb global_colors_info=\u00a0\u00bb{}\u00a0\u00bb][et_pb_row column_structure=\u00a0\u00bb1_2,1_2&Prime; make_equal=\u00a0\u00bbon\u00a0\u00bb module_class=\u00a0\u00bbalign-center\u00a0\u00bb _builder_version=\u00a0\u00bb4.25.2&Prime; _module_preset=\u00a0\u00bbdefault\u00a0\u00bb custom_margin=\u00a0\u00bb|auto|72px|auto|false|false\u00a0\u00bb global_colors_info=\u00a0\u00bb{}\u00a0\u00bb][et_pb_column type=\u00a0\u00bb1_2&Prime; _builder_version=\u00a0\u00bb4.25.2&Prime; _module_preset=\u00a0\u00bbdefault\u00a0\u00bb global_colors_info=\u00a0\u00bb{}\u00a0\u00bb][et_pb_divider show_divider=\u00a0\u00bboff\u00a0\u00bb _builder_version=\u00a0\u00bb4.27.4&Prime; _module_preset=\u00a0\u00bbdefault\u00a0\u00bb background_image=\u00a0\u00bbhttps:\/\/rubautarres.com\/wp-content\/uploads\/2024\/12\/AGP1782a_6574-Pano.jpg\u00a0\u00bb min_height=\u00a0\u00bb600px\u00a0\u00bb animation_style=\u00a0\u00bbslide\u00a0\u00bb animation_direction=\u00a0\u00bbbottom\u00a0\u00bb animation_duration=\u00a0\u00bb600ms\u00a0\u00bb animation_intensity_slide=\u00a0\u00bb8%\u00a0\u00bb border_radii=\u00a0\u00bbon|10px|10px|10px|10px\u00a0\u00bb global_colors_info=\u00a0\u00bb{}\u00a0\u00bb][\/et_pb_divider][\/et_pb_column][et_pb_column type=\u00a0\u00bb1_2&Prime; _builder_version=\u00a0\u00bb4.25.2&Prime; _module_preset=\u00a0\u00bbdefault\u00a0\u00bb global_colors_info=\u00a0\u00bb{}\u00a0\u00bb][et_pb_text module_class=\u00a0\u00bbtitle-separator-animation\u00a0\u00bb _builder_version=\u00a0\u00bb4.25.2&Prime; _module_preset=\u00a0\u00bbdefault\u00a0\u00bb header_2_font=\u00a0\u00bb|800|||||||\u00a0\u00bb header_2_font_size=\u00a0\u00bb48px\u00a0\u00bb width=\u00a0\u00bb85%\u00a0\u00bb custom_margin=\u00a0\u00bb||20px||false|false\u00a0\u00bb custom_padding=\u00a0\u00bb||0px||false|false\u00a0\u00bb locked=\u00a0\u00bboff\u00a0\u00bb global_colors_info=\u00a0\u00bb{}\u00a0\u00bb]<\/p>\n<h2>Gestion du march\u00e9 : dynamiser l&rsquo;\u00e9conomie locale<\/h2>\n<p>[\/et_pb_text][et_pb_text _builder_version=\u00a0\u00bb4.25.2&Prime; _module_preset=\u00a0\u00bbdefault\u00a0\u00bb custom_margin=\u00a0\u00bb||0px||false|false\u00a0\u00bb global_colors_info=\u00a0\u00bb{}\u00a0\u00bb]<\/p>\n<p>Les march\u00e9s sont essentiels au tissu social et \u00e0 l\u2019\u00e9conomie de la soci\u00e9t\u00e9. Chez Rubau Tarr\u00e9s, nous g\u00e9rons int\u00e9gralement les march\u00e9s de concession, en veillant \u00e0 ce qu&rsquo;ils fonctionnent dans des conditions optimales et en harmonie avec l&rsquo;environnement urbain. Notre gestion comprend la modernisation des infrastructures, l&rsquo;optimisation de l&rsquo;espace pour les commer\u00e7ants et les visiteurs, ainsi que la mise en \u0153uvre de mesures durables telles que la gestion des d\u00e9chets et l&rsquo;utilisation d&rsquo;\u00e9nergies renouvelables. De plus, nous dynamisons ces espaces, en encourageant le commerce local et en les transformant en points de rencontre communautaires, contribuant ainsi \u00e0 la croissance \u00e9conomique et \u00e0 la coh\u00e9sion sociale.   <\/p>\n<p>[\/et_pb_text][\/et_pb_column][\/et_pb_row][et_pb_row column_structure=\u00a0\u00bb1_2,1_2&Prime; make_equal=\u00a0\u00bbon\u00a0\u00bb module_class=\u00a0\u00bbalign-center\u00a0\u00bb _builder_version=\u00a0\u00bb4.25.2&Prime; _module_preset=\u00a0\u00bbdefault\u00a0\u00bb custom_margin=\u00a0\u00bb|auto|72px|auto|false|false\u00a0\u00bb global_colors_info=\u00a0\u00bb{}\u00a0\u00bb][et_pb_column type=\u00a0\u00bb1_2&Prime; _builder_version=\u00a0\u00bb4.25.2&Prime; _module_preset=\u00a0\u00bbdefault\u00a0\u00bb global_colors_info=\u00a0\u00bb{}\u00a0\u00bb][et_pb_text module_class=\u00a0\u00bbtitle-separator-animation\u00a0\u00bb _builder_version=\u00a0\u00bb4.25.2&Prime; _module_preset=\u00a0\u00bbdefault\u00a0\u00bb header_2_font=\u00a0\u00bb|800|||||||\u00a0\u00bb header_2_font_size=\u00a0\u00bb48px\u00a0\u00bb width=\u00a0\u00bb85%\u00a0\u00bb custom_margin=\u00a0\u00bb||20px||false|false\u00a0\u00bb custom_padding=\u00a0\u00bb||0px||false|false\u00a0\u00bb locked=\u00a0\u00bboff\u00a0\u00bb global_colors_info=\u00a0\u00bb{}\u00a0\u00bb]<\/p>\n<h2>Parkings et espaces verts : confort et gestion du trafic<\/h2>\n<p>[\/et_pb_text][et_pb_text _builder_version=\u00a0\u00bb4.25.2&Prime; _module_preset=\u00a0\u00bbdefault\u00a0\u00bb custom_margin=\u00a0\u00bb-1px||0px||false|false\u00a0\u00bb global_colors_info=\u00a0\u00bb{}\u00a0\u00bb]<\/p>\n<p>Nous offrons un service complet qui comprend depuis la conception du projet jusqu&rsquo;\u00e0 la construction et l&rsquo;exploitation des infrastructures destin\u00e9es \u00e0 la gestion des parkings et des espaces verts. Notre approche allie innovation, durabilit\u00e9 et efficacit\u00e9 pour garantir des solutions adapt\u00e9es aux besoins de mobilit\u00e9 urbaine, optimisant l&rsquo;exp\u00e9rience utilisateur et contribuant \u00e0 l&rsquo;ordre du trafic dans les villes. Avec une vision \u00e0 long terme, nous mettons en \u0153uvre des technologies avanc\u00e9es et des pratiques responsables pour maximiser la valeur des infrastructures et promouvoir un impact positif sur les communaut\u00e9s.  <\/p>\n<p>[\/et_pb_text][\/et_pb_column][et_pb_column type=\u00a0\u00bb1_2&Prime; _builder_version=\u00a0\u00bb4.25.2&Prime; _module_preset=\u00a0\u00bbdefault\u00a0\u00bb global_colors_info=\u00a0\u00bb{}\u00a0\u00bb][et_pb_divider show_divider=\u00a0\u00bboff\u00a0\u00bb _builder_version=\u00a0\u00bb4.25.2&Prime; _module_preset=\u00a0\u00bbdefault\u00a0\u00bb background_image=\u00a0\u00bbhttps:\/\/rubautarres.com\/wp-content\/uploads\/2024\/10\/F0273_20170501_040-scaled.jpg\u00a0\u00bb min_height=\u00a0\u00bb600px\u00a0\u00bb animation_style=\u00a0\u00bbslide\u00a0\u00bb animation_direction=\u00a0\u00bbbottom\u00a0\u00bb animation_duration=\u00a0\u00bb600ms\u00a0\u00bb animation_intensity_slide=\u00a0\u00bb8%\u00a0\u00bb border_radii=\u00a0\u00bbon|10px|10px|10px|10px\u00a0\u00bb global_colors_info=\u00a0\u00bb{}\u00a0\u00bb][\/et_pb_divider][\/et_pb_column][\/et_pb_row][et_pb_row column_structure=\u00a0\u00bb1_2,1_2&Prime; make_equal=\u00a0\u00bbon\u00a0\u00bb module_class=\u00a0\u00bbalign-center\u00a0\u00bb _builder_version=\u00a0\u00bb4.25.2&Prime; _module_preset=\u00a0\u00bbdefault\u00a0\u00bb custom_margin=\u00a0\u00bb|auto||auto|false|false\u00a0\u00bb global_colors_info=\u00a0\u00bb{}\u00a0\u00bb][et_pb_column type=\u00a0\u00bb1_2&Prime; _builder_version=\u00a0\u00bb4.25.2&Prime; _module_preset=\u00a0\u00bbdefault\u00a0\u00bb global_colors_info=\u00a0\u00bb{}\u00a0\u00bb][et_pb_divider show_divider=\u00a0\u00bboff\u00a0\u00bb _builder_version=\u00a0\u00bb4.25.2&Prime; _module_preset=\u00a0\u00bbdefault\u00a0\u00bb background_image=\u00a0\u00bbhttps:\/\/rubautarres.com\/wp-content\/uploads\/2024\/10\/F0619_20230418_010.jpg\u00a0\u00bb min_height=\u00a0\u00bb600px\u00a0\u00bb animation_style=\u00a0\u00bbslide\u00a0\u00bb animation_direction=\u00a0\u00bbbottom\u00a0\u00bb animation_duration=\u00a0\u00bb600ms\u00a0\u00bb animation_intensity_slide=\u00a0\u00bb8%\u00a0\u00bb border_radii=\u00a0\u00bbon|10px|10px|10px|10px\u00a0\u00bb global_colors_info=\u00a0\u00bb{}\u00a0\u00bb][\/et_pb_divider][\/et_pb_column][et_pb_column type=\u00a0\u00bb1_2&Prime; _builder_version=\u00a0\u00bb4.25.2&Prime; _module_preset=\u00a0\u00bbdefault\u00a0\u00bb global_colors_info=\u00a0\u00bb{}\u00a0\u00bb][et_pb_text module_class=\u00a0\u00bbtitle-separator-animation\u00a0\u00bb _builder_version=\u00a0\u00bb4.25.2&Prime; _module_preset=\u00a0\u00bbdefault\u00a0\u00bb header_2_font=\u00a0\u00bb|800|||||||\u00a0\u00bb header_2_font_size=\u00a0\u00bb48px\u00a0\u00bb width=\u00a0\u00bb85%\u00a0\u00bb custom_margin=\u00a0\u00bb||20px||false|false\u00a0\u00bb custom_padding=\u00a0\u00bb||0px||false|false\u00a0\u00bb locked=\u00a0\u00bboff\u00a0\u00bb global_colors_info=\u00a0\u00bb{}\u00a0\u00bb]<\/p>\n<h2>Infrastructures concessionnelles : maintenance et am\u00e9lioration continue<\/h2>\n<p>[\/et_pb_text][et_pb_text _builder_version=\u00a0\u00bb4.25.2&Prime; _module_preset=\u00a0\u00bbdefault\u00a0\u00bb custom_margin=\u00a0\u00bb||0px||false|false\u00a0\u00bb custom_padding=\u00a0\u00bb||0px|||\u00a0\u00bb global_colors_info=\u00a0\u00bb{}\u00a0\u00bb]<\/p>\n<p>Chez Rubau Tarr\u00e9s, nous consid\u00e9rons le bon entretien des infrastructures des concessions comme essentiel pour assurer leur p\u00e9rennit\u00e9 et leur fonctionnalit\u00e9. Nous nous occupons de l\u2019entretien r\u00e9gulier et de la modernisation de ces installations pour assurer une exp\u00e9rience utilisateur optimale et prolonger la dur\u00e9e de vie utile de chaque \u0153uvre. Nous appliquons des programmes de maintenance pr\u00e9ventive pour d\u00e9tecter et r\u00e9soudre les probl\u00e8mes avant qu\u2019ils n\u2019affectent le service, et nous apportons des am\u00e9liorations continues pour adapter les infrastructures aux besoins des communaut\u00e9s. Ainsi, nous garantissons que nos travaux respectent les plus hauts standards de qualit\u00e9, de durabilit\u00e9 et de s\u00e9curit\u00e9.   <\/p>\n<p>[\/et_pb_text][\/et_pb_column][\/et_pb_row][\/et_pb_section]<\/p>\n","protected":false},"excerpt":{"rendered":"<p>Exploitation des travaux en concessionUne gestion efficace des infrastructures pour le bien-\u00eatre des communaut\u00e9s\u00c0 Rubau Tarr\u00e9s , nous vous proposons services exploitation de travaux en concession en mettant l&rsquo; accent sur la gestion efficace et durable depuis des march\u00e9s et parkings aux espaces verts, chaque projet de concession est une opportunit\u00e9 d&rsquo; am\u00e9liorer la qualit\u00e9 de vie des populations . nous nous nous engageons \u00e0 maximiser la valeur des infrastructures avec un service orient\u00e9 vers la satisfaction de la utilisateurs , l&rsquo;efficacit\u00e9 op\u00e9rationnelle et la r\u00e9duction de l&rsquo;impact environnemental .Gestion du march\u00e9 : dynamiser l&rsquo;\u00e9conomie localeLes march\u00e9s sont essentiels au tissu social et \u00e0 l\u2019\u00e9conomie de la soci\u00e9t\u00e9. Chez Rubau Tarr\u00e9s, nous g\u00e9rons int\u00e9gralement les march\u00e9s de concession, en veillant \u00e0 ce qu&rsquo;ils fonctionnent dans des conditions optimales et en harmonie avec l&rsquo;environnement urbain. Notre gestion comprend la modernisation des infrastructures, l&rsquo;optimisation de l&rsquo;espace pour les commer\u00e7ants et les visiteurs, ainsi que la mise en \u0153uvre de mesures durables telles que la gestion des d\u00e9chets et l&rsquo;utilisation d&rsquo;\u00e9nergies renouvelables. De plus, nous dynamisons ces espaces, en encourageant le commerce local et en les transformant en points de rencontre communautaires, contribuant ainsi \u00e0 la croissance \u00e9conomique et \u00e0 la coh\u00e9sion sociale. [&hellip;]<\/p>\n","protected":false},"author":2,"featured_media":0,"parent":2001,"menu_order":0,"comment_status":"closed","ping_status":"closed","template":"","meta":{"_acf_changed":false,"_et_pb_use_builder":"on","_et_pb_old_content":"","_et_gb_content_width":"","footnotes":""},"class_list":["post-2010","page","type-page","status-publish","hentry"],"acf":[],"yoast_head":"<!-- This site is optimized with the Yoast SEO plugin v27.4 - https:\/\/yoast.com\/product\/yoast-seo-wordpress\/ -->\n<title>Exploitation des travaux en concession - Rubau Tarr\u00e8s<\/title>\n<meta name=\"description\" content=\"Gestion des march\u00e9s, des parkings et des zones bleues avec des solutions efficaces et durables pour am\u00e9liorer la mobilit\u00e9 et la vie urbaine.\" \/>\n<meta name=\"robots\" content=\"index, follow, max-snippet:-1, max-image-preview:large, max-video-preview:-1\" \/>\n<link rel=\"canonical\" href=\"https:\/\/rubautarres.com\/fr\/services\/exploitation-des-travaux-en-concession\/\" \/>\n<meta property=\"og:locale\" content=\"fr_FR\" \/>\n<meta property=\"og:type\" content=\"article\" \/>\n<meta property=\"og:title\" content=\"Exploitation des travaux en concession - Rubau Tarr\u00e8s\" \/>\n<meta property=\"og:description\" content=\"Gestion des march\u00e9s, des parkings et des zones bleues avec des solutions efficaces et durables pour am\u00e9liorer la mobilit\u00e9 et la vie urbaine.\" \/>\n<meta property=\"og:url\" content=\"https:\/\/rubautarres.com\/fr\/services\/exploitation-des-travaux-en-concession\/\" \/>\n<meta property=\"og:site_name\" content=\"Rubau Tarr\u00e8s\" \/>\n<meta property=\"article:publisher\" content=\"https:\/\/www.facebook.com\/RubauTarresSAU\" \/>\n<meta property=\"article:modified_time\" content=\"2025-04-30T09:41:06+00:00\" \/>\n<meta name=\"twitter:card\" content=\"summary_large_image\" \/>\n<meta name=\"twitter:site\" content=\"@rubautarres\" \/>\n<meta name=\"twitter:label1\" content=\"Dur\u00e9e de lecture estim\u00e9e\" \/>\n\t<meta name=\"twitter:data1\" content=\"3 minutes\" \/>\n<script type=\"application\/ld+json\" class=\"yoast-schema-graph\">{\"@context\":\"https:\\\/\\\/schema.org\",\"@graph\":[{\"@type\":\"WebPage\",\"@id\":\"https:\\\/\\\/rubautarres.com\\\/fr\\\/services\\\/exploitation-des-travaux-en-concession\\\/\",\"url\":\"https:\\\/\\\/rubautarres.com\\\/fr\\\/services\\\/exploitation-des-travaux-en-concession\\\/\",\"name\":\"Exploitation des travaux en concession - Rubau Tarr\u00e8s\",\"isPartOf\":{\"@id\":\"https:\\\/\\\/rubautarres.com\\\/fr\\\/#website\"},\"datePublished\":\"2024-11-03T11:41:26+00:00\",\"dateModified\":\"2025-04-30T09:41:06+00:00\",\"description\":\"Gestion des march\u00e9s, des parkings et des zones bleues avec des solutions efficaces et durables pour am\u00e9liorer la mobilit\u00e9 et la vie urbaine.\",\"breadcrumb\":{\"@id\":\"https:\\\/\\\/rubautarres.com\\\/fr\\\/services\\\/exploitation-des-travaux-en-concession\\\/#breadcrumb\"},\"inLanguage\":\"fr-FR\",\"potentialAction\":[{\"@type\":\"ReadAction\",\"target\":[\"https:\\\/\\\/rubautarres.com\\\/fr\\\/services\\\/exploitation-des-travaux-en-concession\\\/\"]}]},{\"@type\":\"BreadcrumbList\",\"@id\":\"https:\\\/\\\/rubautarres.com\\\/fr\\\/services\\\/exploitation-des-travaux-en-concession\\\/#breadcrumb\",\"itemListElement\":[{\"@type\":\"ListItem\",\"position\":1,\"name\":\"Portada\",\"item\":\"https:\\\/\\\/rubautarres.com\\\/fr\\\/\"},{\"@type\":\"ListItem\",\"position\":2,\"name\":\"Services\",\"item\":\"https:\\\/\\\/rubautarres.com\\\/fr\\\/services\\\/\"},{\"@type\":\"ListItem\",\"position\":3,\"name\":\"Exploitation des travaux en concession\"}]},{\"@type\":\"WebSite\",\"@id\":\"https:\\\/\\\/rubautarres.com\\\/fr\\\/#website\",\"url\":\"https:\\\/\\\/rubautarres.com\\\/fr\\\/\",\"name\":\"Rubau Tarr\u00e8s\",\"description\":\"Nosaltres constru\u00efm perqu\u00e8 tu avancis\",\"publisher\":{\"@id\":\"https:\\\/\\\/rubautarres.com\\\/fr\\\/#organization\"},\"potentialAction\":[{\"@type\":\"SearchAction\",\"target\":{\"@type\":\"EntryPoint\",\"urlTemplate\":\"https:\\\/\\\/rubautarres.com\\\/fr\\\/?s={search_term_string}\"},\"query-input\":{\"@type\":\"PropertyValueSpecification\",\"valueRequired\":true,\"valueName\":\"search_term_string\"}}],\"inLanguage\":\"fr-FR\"},{\"@type\":\"Organization\",\"@id\":\"https:\\\/\\\/rubautarres.com\\\/fr\\\/#organization\",\"name\":\"Rubau Tarr\u00e8s\",\"url\":\"https:\\\/\\\/rubautarres.com\\\/fr\\\/\",\"logo\":{\"@type\":\"ImageObject\",\"inLanguage\":\"fr-FR\",\"@id\":\"https:\\\/\\\/rubautarres.com\\\/fr\\\/#\\\/schema\\\/logo\\\/image\\\/\",\"url\":\"https:\\\/\\\/rubautarres.com\\\/wp-content\\\/uploads\\\/2024\\\/06\\\/logo.png\",\"contentUrl\":\"https:\\\/\\\/rubautarres.com\\\/wp-content\\\/uploads\\\/2024\\\/06\\\/logo.png\",\"width\":780,\"height\":144,\"caption\":\"Rubau Tarr\u00e8s\"},\"image\":{\"@id\":\"https:\\\/\\\/rubautarres.com\\\/fr\\\/#\\\/schema\\\/logo\\\/image\\\/\"},\"sameAs\":[\"https:\\\/\\\/www.facebook.com\\\/RubauTarresSAU\",\"https:\\\/\\\/x.com\\\/rubautarres\"]}]}<\/script>\n<!-- \/ Yoast SEO plugin. -->","yoast_head_json":{"title":"Exploitation des travaux en concession - Rubau Tarr\u00e8s","description":"Gestion des march\u00e9s, des parkings et des zones bleues avec des solutions efficaces et durables pour am\u00e9liorer la mobilit\u00e9 et la vie urbaine.","robots":{"index":"index","follow":"follow","max-snippet":"max-snippet:-1","max-image-preview":"max-image-preview:large","max-video-preview":"max-video-preview:-1"},"canonical":"https:\/\/rubautarres.com\/fr\/services\/exploitation-des-travaux-en-concession\/","og_locale":"fr_FR","og_type":"article","og_title":"Exploitation des travaux en concession - Rubau Tarr\u00e8s","og_description":"Gestion des march\u00e9s, des parkings et des zones bleues avec des solutions efficaces et durables pour am\u00e9liorer la mobilit\u00e9 et la vie urbaine.","og_url":"https:\/\/rubautarres.com\/fr\/services\/exploitation-des-travaux-en-concession\/","og_site_name":"Rubau Tarr\u00e8s","article_publisher":"https:\/\/www.facebook.com\/RubauTarresSAU","article_modified_time":"2025-04-30T09:41:06+00:00","twitter_card":"summary_large_image","twitter_site":"@rubautarres","twitter_misc":{"Dur\u00e9e de lecture estim\u00e9e":"3 minutes"},"schema":{"@context":"https:\/\/schema.org","@graph":[{"@type":"WebPage","@id":"https:\/\/rubautarres.com\/fr\/services\/exploitation-des-travaux-en-concession\/","url":"https:\/\/rubautarres.com\/fr\/services\/exploitation-des-travaux-en-concession\/","name":"Exploitation des travaux en concession - Rubau Tarr\u00e8s","isPartOf":{"@id":"https:\/\/rubautarres.com\/fr\/#website"},"datePublished":"2024-11-03T11:41:26+00:00","dateModified":"2025-04-30T09:41:06+00:00","description":"Gestion des march\u00e9s, des parkings et des zones bleues avec des solutions efficaces et durables pour am\u00e9liorer la mobilit\u00e9 et la vie urbaine.","breadcrumb":{"@id":"https:\/\/rubautarres.com\/fr\/services\/exploitation-des-travaux-en-concession\/#breadcrumb"},"inLanguage":"fr-FR","potentialAction":[{"@type":"ReadAction","target":["https:\/\/rubautarres.com\/fr\/services\/exploitation-des-travaux-en-concession\/"]}]},{"@type":"BreadcrumbList","@id":"https:\/\/rubautarres.com\/fr\/services\/exploitation-des-travaux-en-concession\/#breadcrumb","itemListElement":[{"@type":"ListItem","position":1,"name":"Portada","item":"https:\/\/rubautarres.com\/fr\/"},{"@type":"ListItem","position":2,"name":"Services","item":"https:\/\/rubautarres.com\/fr\/services\/"},{"@type":"ListItem","position":3,"name":"Exploitation des travaux en concession"}]},{"@type":"WebSite","@id":"https:\/\/rubautarres.com\/fr\/#website","url":"https:\/\/rubautarres.com\/fr\/","name":"Rubau Tarr\u00e8s","description":"Nosaltres constru\u00efm perqu\u00e8 tu avancis","publisher":{"@id":"https:\/\/rubautarres.com\/fr\/#organization"},"potentialAction":[{"@type":"SearchAction","target":{"@type":"EntryPoint","urlTemplate":"https:\/\/rubautarres.com\/fr\/?s={search_term_string}"},"query-input":{"@type":"PropertyValueSpecification","valueRequired":true,"valueName":"search_term_string"}}],"inLanguage":"fr-FR"},{"@type":"Organization","@id":"https:\/\/rubautarres.com\/fr\/#organization","name":"Rubau Tarr\u00e8s","url":"https:\/\/rubautarres.com\/fr\/","logo":{"@type":"ImageObject","inLanguage":"fr-FR","@id":"https:\/\/rubautarres.com\/fr\/#\/schema\/logo\/image\/","url":"https:\/\/rubautarres.com\/wp-content\/uploads\/2024\/06\/logo.png","contentUrl":"https:\/\/rubautarres.com\/wp-content\/uploads\/2024\/06\/logo.png","width":780,"height":144,"caption":"Rubau Tarr\u00e8s"},"image":{"@id":"https:\/\/rubautarres.com\/fr\/#\/schema\/logo\/image\/"},"sameAs":["https:\/\/www.facebook.com\/RubauTarresSAU","https:\/\/x.com\/rubautarres"]}]}},"_links":{"self":[{"href":"https:\/\/rubautarres.com\/fr\/wp-json\/wp\/v2\/pages\/2010","targetHints":{"allow":["GET"]}}],"collection":[{"href":"https:\/\/rubautarres.com\/fr\/wp-json\/wp\/v2\/pages"}],"about":[{"href":"https:\/\/rubautarres.com\/fr\/wp-json\/wp\/v2\/types\/page"}],"author":[{"embeddable":true,"href":"https:\/\/rubautarres.com\/fr\/wp-json\/wp\/v2\/users\/2"}],"replies":[{"embeddable":true,"href":"https:\/\/rubautarres.com\/fr\/wp-json\/wp\/v2\/comments?post=2010"}],"version-history":[{"count":3,"href":"https:\/\/rubautarres.com\/fr\/wp-json\/wp\/v2\/pages\/2010\/revisions"}],"predecessor-version":[{"id":3617,"href":"https:\/\/rubautarres.com\/fr\/wp-json\/wp\/v2\/pages\/2010\/revisions\/3617"}],"up":[{"embeddable":true,"href":"https:\/\/rubautarres.com\/fr\/wp-json\/wp\/v2\/pages\/2001"}],"wp:attachment":[{"href":"https:\/\/rubautarres.com\/fr\/wp-json\/wp\/v2\/media?parent=2010"}],"curies":[{"name":"wp","href":"https:\/\/api.w.org\/{rel}","templated":true}]}}