{"id":631,"date":"2024-07-07T15:06:25","date_gmt":"2024-07-07T13:06:25","guid":{"rendered":"https:\/\/rubautarres.com\/politique-de-confidentialite\/"},"modified":"2026-01-21T11:43:26","modified_gmt":"2026-01-21T10:43:26","slug":"politique-de-confidentialite","status":"publish","type":"page","link":"https:\/\/rubautarres.com\/fr\/politique-de-confidentialite\/","title":{"rendered":"Politique de confidentialit\u00e9"},"content":{"rendered":"<p>[et_pb_section fb_built=\u00a0\u00bb1&Prime; _builder_version=\u00a0\u00bb4.25.2&Prime; _module_preset=\u00a0\u00bbdefault\u00a0\u00bb global_colors_info=\u00a0\u00bb{}\u00a0\u00bb][et_pb_row column_structure=\u00a0\u00bb3_4,1_4&Prime; _builder_version=\u00a0\u00bb4.25.2&Prime; _module_preset=\u00a0\u00bbdefault\u00a0\u00bb global_colors_info=\u00a0\u00bb{}\u00a0\u00bb][et_pb_column type=\u00a0\u00bb3_4&Prime; _builder_version=\u00a0\u00bb4.25.2&Prime; _module_preset=\u00a0\u00bbdefault\u00a0\u00bb global_colors_info=\u00a0\u00bb{}\u00a0\u00bb][et_pb_text _builder_version=\u00a0\u00bb4.25.2&Prime; _module_preset=\u00a0\u00bbdefault\u00a0\u00bb global_colors_info=\u00a0\u00bb{}\u00a0\u00bb]<\/p>\n<h1><strong>Politique de confidentialit\u00e9<\/strong><\/h1>\n<p>[\/et_pb_text][et_pb_text _builder_version=\u00a0\u00bb4.25.2&Prime; _module_preset=\u00a0\u00bbdefault\u00a0\u00bb global_colors_info=\u00a0\u00bb{}\u00a0\u00bb]<\/p>\n<h3>Introduction<\/h3>\n<p>[\/et_pb_text][et_pb_text _builder_version=\u00a0\u00bb4.25.2&Prime; _module_preset=\u00a0\u00bbdefault\u00a0\u00bb global_colors_info=\u00a0\u00bb{}\u00a0\u00bb]<\/p>\n<p>RUBAU TARR\u00c9S S.A.U., conscient des besoins des utilisateurs d&rsquo;Internet et de l&rsquo;importance de la stricte confidentialit\u00e9 des informations personnelles qui nous sont confi\u00e9es, inclut cette d\u00e9claration de confidentialit\u00e9 afin que vous connaissiez notre politique en mati\u00e8re de traitement des donn\u00e9es personnelles obtenues des visiteurs et des utilisateurs.<\/p>\n<p>[\/et_pb_text][et_pb_text _builder_version=\u00a0\u00bb4.25.2&Prime; _module_preset=\u00a0\u00bbdefault\u00a0\u00bb global_colors_info=\u00a0\u00bb{}\u00a0\u00bb]<\/p>\n<p>En tant qu&rsquo;utilisateur, vous acceptez ces conditions par le simple fait de lire, de visualiser ou de parcourir le site web. Si vous ne les acceptez pas, vous devez quitter le site web, sans faire usage de celui-ci ou de son contenu, et sans acc\u00e9der aux pages li\u00e9es.<\/p>\n<p>[\/et_pb_text][et_pb_text _builder_version=\u00a0\u00bb4.25.2&Prime; _module_preset=\u00a0\u00bbdefault\u00a0\u00bb global_colors_info=\u00a0\u00bb{}\u00a0\u00bb]<\/p>\n<h3>Responsable du traitement des donn\u00e9es<\/h3>\n<p>[\/et_pb_text][et_pb_text _builder_version=\u00a0\u00bb4.25.2&Prime; _module_preset=\u00a0\u00bbdefault\u00a0\u00bb global_colors_info=\u00a0\u00bb{}\u00a0\u00bb]<\/p>\n<p>Le propri\u00e9taire du site web et responsable du traitement des donn\u00e9es est RUBAU TARR\u00c9S S.A.U., avec A-17018813 A-17018813, pour vous contacter vous pouvez utiliser l&rsquo;adresse \u00e9lectronique <span><a href=\"mailto:info@rubautarres.com\">info@rubautarres.com<\/a><\/span> ou l&rsquo;envoyer par courrier \u00e0 Ctra. C-31 de Torroella de Montgr\u00ed a Verges, pk. 354,5 (Canet de La Tallada) &#8211; 17134 &#8211; LA TALLADA D\u2019EMPORD\u00c0<\/p>\n<p>[\/et_pb_text][et_pb_text _builder_version=\u00a0\u00bb4.25.2&Prime; _module_preset=\u00a0\u00bbdefault\u00a0\u00bb global_colors_info=\u00a0\u00bb{}\u00a0\u00bb]<\/p>\n<h3>Finalit\u00e9s du traitement des donn\u00e9es<\/h3>\n<p>[\/et_pb_text][et_pb_text _builder_version=\u00a0\u00bb4.25.2&Prime; _module_preset=\u00a0\u00bbdefault\u00a0\u00bb global_colors_info=\u00a0\u00bb{}\u00a0\u00bb]<\/p>\n<p>Sur notre site web, il existe des sections sp\u00e9cifiques o\u00f9 vous pouvez introduire vos coordonn\u00e9es pour recevoir des informations sur les mises \u00e0 jour de notre site web et sur certains programmes qui sont distribu\u00e9s. Nous vous assurons que les informations que vous nous fournissez seront trait\u00e9es de mani\u00e8re confidentielle.\u00b7<\/p>\n<ul>\n<li>&#8211; Formulaire de contact : pour rester en contact avec vous ou pour d&rsquo;autres actions demand\u00e9es.<br \/>&#8211; Abonnement \u00e0 la lettre d&rsquo;information : pour envoyer des lettres d&rsquo;information \u00e0 votre adresse \u00e9lectronique.<br \/>&#8211; Les donn\u00e9es seront conserv\u00e9es aussi longtemps qu&rsquo;il est pr\u00e9vu de les utiliser aux fins pour lesquelles elles ont \u00e9t\u00e9 collect\u00e9es<br \/>&#8211; Aucune d\u00e9cision automatis\u00e9e n&rsquo;est prise \u00e0 partir de vos donn\u00e9es.<br \/>&#8211; Le site web peut utiliser des cookies.<\/li>\n<\/ul>\n<p>[\/et_pb_text][et_pb_text _builder_version=\u00a0\u00bb4.25.2&Prime; _module_preset=\u00a0\u00bbdefault\u00a0\u00bb global_colors_info=\u00a0\u00bb{}\u00a0\u00bb]<\/p>\n<h3>L\u00e9gitimation<\/h3>\n<p>[\/et_pb_text][et_pb_text _builder_version=\u00a0\u00bb4.25.2&Prime; _module_preset=\u00a0\u00bbdefault\u00a0\u00bb global_colors_info=\u00a0\u00bb{}\u00a0\u00bb]<\/p>\n<p>L&rsquo;utilisation de vos donn\u00e9es se fait de mani\u00e8re \u00e0 ce que vous nous donniez votre accord pour utiliser les donn\u00e9es fournies dans les formulaires pour un usage sp\u00e9cifique indiqu\u00e9 dans chacun d&rsquo;entre eux. Toutes vos donn\u00e9es ne sont n\u00e9cessaires que pour les utilisations sp\u00e9cifiques pour lesquelles elles sont demand\u00e9es, si vous ne le faites pas, ces services ne sont pas possibles.<\/p>\n<p>[\/et_pb_text][et_pb_text _builder_version=\u00a0\u00bb4.25.2&Prime; _module_preset=\u00a0\u00bbdefault\u00a0\u00bb global_colors_info=\u00a0\u00bb{}\u00a0\u00bb]<\/p>\n<h3>Destinataires de vos donn\u00e9es<\/h3>\n<p>[\/et_pb_text][et_pb_text _builder_version=\u00a0\u00bb4.25.2&Prime; _module_preset=\u00a0\u00bbdefault\u00a0\u00bb global_colors_info=\u00a0\u00bb{}\u00a0\u00bb]<\/p>\n<p>Nous nous engageons fermement \u00e0 ce que les donn\u00e9es que vous fournissez \u00e0 RUBAU TARR\u00c9S S.A.U. ne soient pas vendues ou c\u00e9d\u00e9es \u00e0 des tiers sans votre consentement pr\u00e9alable, pour quelque raison ou circonstance que ce soit, sauf consentement expr\u00e8s ou obligation l\u00e9gale.<\/p>\n<p>Notre site web contient des liens vers d&rsquo;autres sites web de tiers. RUBAU TARR\u00c9S S.A.U. d\u00e9cline toute responsabilit\u00e9 quant aux politiques et pratiques de ces autres sites en mati\u00e8re de confidentialit\u00e9.<\/p>\n<p>[\/et_pb_text][et_pb_text _builder_version=\u00a0\u00bb4.25.2&Prime; _module_preset=\u00a0\u00bbdefault\u00a0\u00bb global_colors_info=\u00a0\u00bb{}\u00a0\u00bb]<\/p>\n<h3>Vos droits<\/h3>\n<p>[\/et_pb_text][et_pb_text _builder_version=\u00a0\u00bb4.25.2&Prime; _module_preset=\u00a0\u00bbdefault\u00a0\u00bb global_colors_info=\u00a0\u00bb{}\u00a0\u00bb]<\/p>\n<p>Vous avez le droit d&rsquo;acc\u00e9der aux informations vous concernant stock\u00e9es dans nos bases de donn\u00e9es, de les rectifier en cas d&rsquo;erreur, de les supprimer, de les limiter, de vous opposer \u00e0 leur traitement et de retirer votre consentement si vous le souhaitez. Pour ce faire, il vous suffit d&rsquo;envoyer un courrier \u00e9lectronique \u00e0 l&rsquo;adresse suivante : <span><a href=\"mailto:info@rubautarres.com\">info@rubautarres.com<\/a><\/span> o\u00f9 nous r\u00e9pondrons \u00e0 toutes vos questions, commentaires ou \u00e9claircissements \u00e0 ce sujet.<\/p>\n<p>Pour plus d&rsquo;informations sur des questions connexes, le site web de r\u00e9f\u00e9rence du r\u00e9seau espagnol est l&rsquo;Agence de protection des donn\u00e9es, o\u00f9 vous avez le droit de vous plaindre.<\/p>\n<p>[\/et_pb_text][\/et_pb_column][et_pb_column type=\u00a0\u00bb1_4&Prime; _builder_version=\u00a0\u00bb4.25.2&Prime; _module_preset=\u00a0\u00bbdefault\u00a0\u00bb global_colors_info=\u00a0\u00bb{}\u00a0\u00bb][\/et_pb_column][\/et_pb_row][\/et_pb_section]<\/p>\n","protected":false},"excerpt":{"rendered":"<p>Politique de confidentialit\u00e9IntroductionRUBAU TARR\u00c9S S.A.U., conscient des besoins des utilisateurs d&rsquo;Internet et de l&rsquo;importance de la stricte confidentialit\u00e9 des informations personnelles qui nous sont confi\u00e9es, inclut cette d\u00e9claration de confidentialit\u00e9 afin que vous connaissiez notre politique en mati\u00e8re de traitement des donn\u00e9es personnelles obtenues des visiteurs et des utilisateurs.En tant qu&rsquo;utilisateur, vous acceptez ces conditions par le simple fait de lire, de visualiser ou de parcourir le site web. Si vous ne les acceptez pas, vous devez quitter le site web, sans faire usage de celui-ci ou de son contenu, et sans acc\u00e9der aux pages li\u00e9es.Responsable du traitement des donn\u00e9esLe propri\u00e9taire du site web et responsable du traitement des donn\u00e9es est RUBAU TARR\u00c9S S.A.U., avec A-17018813 A-17018813, pour vous contacter vous pouvez utiliser l&rsquo;adresse \u00e9lectronique info@rubautarres.com ou l&rsquo;envoyer par courrier \u00e0 Ctra. C-31 de Torroella de Montgr\u00ed a Verges, pk. 354,5 (Canet de La Tallada) &#8211; 17134 &#8211; LA TALLADA D\u2019EMPORD\u00c0Finalit\u00e9s du traitement des donn\u00e9esSur notre site web, il existe des sections sp\u00e9cifiques o\u00f9 vous pouvez introduire vos coordonn\u00e9es pour recevoir des informations sur les mises \u00e0 jour de notre site web et sur certains programmes qui sont distribu\u00e9s. Nous vous assurons que les informations que vous nous fournissez seront [&hellip;]<\/p>\n","protected":false},"author":2,"featured_media":0,"parent":0,"menu_order":0,"comment_status":"closed","ping_status":"closed","template":"","meta":{"_acf_changed":false,"_et_pb_use_builder":"on","_et_pb_old_content":"","_et_gb_content_width":"","footnotes":""},"class_list":["post-631","page","type-page","status-publish","hentry"],"acf":[],"yoast_head":"<!-- This site is optimized with the Yoast SEO plugin v27.4 - https:\/\/yoast.com\/product\/yoast-seo-wordpress\/ -->\n<title>Politique de confidentialit\u00e9 - Rubau Tarr\u00e8s<\/title>\n<meta name=\"robots\" content=\"index, follow, max-snippet:-1, max-image-preview:large, max-video-preview:-1\" \/>\n<link rel=\"canonical\" href=\"https:\/\/rubautarres.com\/fr\/politique-de-confidentialite\/\" \/>\n<meta property=\"og:locale\" content=\"fr_FR\" \/>\n<meta property=\"og:type\" content=\"article\" \/>\n<meta property=\"og:title\" content=\"Politique de confidentialit\u00e9 - Rubau Tarr\u00e8s\" \/>\n<meta property=\"og:description\" content=\"Politique de confidentialit\u00e9IntroductionRUBAU TARR\u00c9S S.A.U., conscient des besoins des utilisateurs d&#039;Internet et de l&#039;importance de la stricte confidentialit\u00e9 des informations personnelles qui nous sont confi\u00e9es, inclut cette d\u00e9claration de confidentialit\u00e9 afin que vous connaissiez notre politique en mati\u00e8re de traitement des donn\u00e9es personnelles obtenues des visiteurs et des utilisateurs.En tant qu&#039;utilisateur, vous acceptez ces conditions par le simple fait de lire, de visualiser ou de parcourir le site web. Si vous ne les acceptez pas, vous devez quitter le site web, sans faire usage de celui-ci ou de son contenu, et sans acc\u00e9der aux pages li\u00e9es.Responsable du traitement des donn\u00e9esLe propri\u00e9taire du site web et responsable du traitement des donn\u00e9es est RUBAU TARR\u00c9S S.A.U., avec A-17018813 A-17018813, pour vous contacter vous pouvez utiliser l&#039;adresse \u00e9lectronique info@rubautarres.com ou l&#039;envoyer par courrier \u00e0 Ctra. C-31 de Torroella de Montgr\u00ed a Verges, pk. 354,5 (Canet de La Tallada) - 17134 - LA TALLADA D\u2019EMPORD\u00c0Finalit\u00e9s du traitement des donn\u00e9esSur notre site web, il existe des sections sp\u00e9cifiques o\u00f9 vous pouvez introduire vos coordonn\u00e9es pour recevoir des informations sur les mises \u00e0 jour de notre site web et sur certains programmes qui sont distribu\u00e9s. Nous vous assurons que les informations que vous nous fournissez seront [&hellip;]\" \/>\n<meta property=\"og:url\" content=\"https:\/\/rubautarres.com\/fr\/politique-de-confidentialite\/\" \/>\n<meta property=\"og:site_name\" content=\"Rubau Tarr\u00e8s\" \/>\n<meta property=\"article:publisher\" content=\"https:\/\/www.facebook.com\/RubauTarresSAU\" \/>\n<meta property=\"article:modified_time\" content=\"2026-01-21T10:43:26+00:00\" \/>\n<meta name=\"twitter:card\" content=\"summary_large_image\" \/>\n<meta name=\"twitter:site\" content=\"@rubautarres\" \/>\n<meta name=\"twitter:label1\" content=\"Dur\u00e9e de lecture estim\u00e9e\" \/>\n\t<meta name=\"twitter:data1\" content=\"3 minutes\" \/>\n<script type=\"application\/ld+json\" class=\"yoast-schema-graph\">{\"@context\":\"https:\\\/\\\/schema.org\",\"@graph\":[{\"@type\":\"WebPage\",\"@id\":\"https:\\\/\\\/rubautarres.com\\\/fr\\\/politique-de-confidentialite\\\/\",\"url\":\"https:\\\/\\\/rubautarres.com\\\/fr\\\/politique-de-confidentialite\\\/\",\"name\":\"Politique de confidentialit\u00e9 - Rubau Tarr\u00e8s\",\"isPartOf\":{\"@id\":\"https:\\\/\\\/rubautarres.com\\\/fr\\\/#website\"},\"datePublished\":\"2024-07-07T13:06:25+00:00\",\"dateModified\":\"2026-01-21T10:43:26+00:00\",\"breadcrumb\":{\"@id\":\"https:\\\/\\\/rubautarres.com\\\/fr\\\/politique-de-confidentialite\\\/#breadcrumb\"},\"inLanguage\":\"fr-FR\",\"potentialAction\":[{\"@type\":\"ReadAction\",\"target\":[\"https:\\\/\\\/rubautarres.com\\\/fr\\\/politique-de-confidentialite\\\/\"]}]},{\"@type\":\"BreadcrumbList\",\"@id\":\"https:\\\/\\\/rubautarres.com\\\/fr\\\/politique-de-confidentialite\\\/#breadcrumb\",\"itemListElement\":[{\"@type\":\"ListItem\",\"position\":1,\"name\":\"Portada\",\"item\":\"https:\\\/\\\/rubautarres.com\\\/fr\\\/\"},{\"@type\":\"ListItem\",\"position\":2,\"name\":\"Politique de confidentialit\u00e9\"}]},{\"@type\":\"WebSite\",\"@id\":\"https:\\\/\\\/rubautarres.com\\\/fr\\\/#website\",\"url\":\"https:\\\/\\\/rubautarres.com\\\/fr\\\/\",\"name\":\"Rubau Tarr\u00e8s\",\"description\":\"Nosaltres constru\u00efm perqu\u00e8 tu avancis\",\"publisher\":{\"@id\":\"https:\\\/\\\/rubautarres.com\\\/fr\\\/#organization\"},\"potentialAction\":[{\"@type\":\"SearchAction\",\"target\":{\"@type\":\"EntryPoint\",\"urlTemplate\":\"https:\\\/\\\/rubautarres.com\\\/fr\\\/?s={search_term_string}\"},\"query-input\":{\"@type\":\"PropertyValueSpecification\",\"valueRequired\":true,\"valueName\":\"search_term_string\"}}],\"inLanguage\":\"fr-FR\"},{\"@type\":\"Organization\",\"@id\":\"https:\\\/\\\/rubautarres.com\\\/fr\\\/#organization\",\"name\":\"Rubau Tarr\u00e8s\",\"url\":\"https:\\\/\\\/rubautarres.com\\\/fr\\\/\",\"logo\":{\"@type\":\"ImageObject\",\"inLanguage\":\"fr-FR\",\"@id\":\"https:\\\/\\\/rubautarres.com\\\/fr\\\/#\\\/schema\\\/logo\\\/image\\\/\",\"url\":\"https:\\\/\\\/rubautarres.com\\\/wp-content\\\/uploads\\\/2024\\\/06\\\/logo.png\",\"contentUrl\":\"https:\\\/\\\/rubautarres.com\\\/wp-content\\\/uploads\\\/2024\\\/06\\\/logo.png\",\"width\":780,\"height\":144,\"caption\":\"Rubau Tarr\u00e8s\"},\"image\":{\"@id\":\"https:\\\/\\\/rubautarres.com\\\/fr\\\/#\\\/schema\\\/logo\\\/image\\\/\"},\"sameAs\":[\"https:\\\/\\\/www.facebook.com\\\/RubauTarresSAU\",\"https:\\\/\\\/x.com\\\/rubautarres\"]}]}<\/script>\n<!-- \/ Yoast SEO plugin. -->","yoast_head_json":{"title":"Politique de confidentialit\u00e9 - Rubau Tarr\u00e8s","robots":{"index":"index","follow":"follow","max-snippet":"max-snippet:-1","max-image-preview":"max-image-preview:large","max-video-preview":"max-video-preview:-1"},"canonical":"https:\/\/rubautarres.com\/fr\/politique-de-confidentialite\/","og_locale":"fr_FR","og_type":"article","og_title":"Politique de confidentialit\u00e9 - Rubau Tarr\u00e8s","og_description":"Politique de confidentialit\u00e9IntroductionRUBAU TARR\u00c9S S.A.U., conscient des besoins des utilisateurs d'Internet et de l'importance de la stricte confidentialit\u00e9 des informations personnelles qui nous sont confi\u00e9es, inclut cette d\u00e9claration de confidentialit\u00e9 afin que vous connaissiez notre politique en mati\u00e8re de traitement des donn\u00e9es personnelles obtenues des visiteurs et des utilisateurs.En tant qu'utilisateur, vous acceptez ces conditions par le simple fait de lire, de visualiser ou de parcourir le site web. Si vous ne les acceptez pas, vous devez quitter le site web, sans faire usage de celui-ci ou de son contenu, et sans acc\u00e9der aux pages li\u00e9es.Responsable du traitement des donn\u00e9esLe propri\u00e9taire du site web et responsable du traitement des donn\u00e9es est RUBAU TARR\u00c9S S.A.U., avec A-17018813 A-17018813, pour vous contacter vous pouvez utiliser l'adresse \u00e9lectronique info@rubautarres.com ou l'envoyer par courrier \u00e0 Ctra. C-31 de Torroella de Montgr\u00ed a Verges, pk. 354,5 (Canet de La Tallada) - 17134 - LA TALLADA D\u2019EMPORD\u00c0Finalit\u00e9s du traitement des donn\u00e9esSur notre site web, il existe des sections sp\u00e9cifiques o\u00f9 vous pouvez introduire vos coordonn\u00e9es pour recevoir des informations sur les mises \u00e0 jour de notre site web et sur certains programmes qui sont distribu\u00e9s. Nous vous assurons que les informations que vous nous fournissez seront [&hellip;]","og_url":"https:\/\/rubautarres.com\/fr\/politique-de-confidentialite\/","og_site_name":"Rubau Tarr\u00e8s","article_publisher":"https:\/\/www.facebook.com\/RubauTarresSAU","article_modified_time":"2026-01-21T10:43:26+00:00","twitter_card":"summary_large_image","twitter_site":"@rubautarres","twitter_misc":{"Dur\u00e9e de lecture estim\u00e9e":"3 minutes"},"schema":{"@context":"https:\/\/schema.org","@graph":[{"@type":"WebPage","@id":"https:\/\/rubautarres.com\/fr\/politique-de-confidentialite\/","url":"https:\/\/rubautarres.com\/fr\/politique-de-confidentialite\/","name":"Politique de confidentialit\u00e9 - Rubau Tarr\u00e8s","isPartOf":{"@id":"https:\/\/rubautarres.com\/fr\/#website"},"datePublished":"2024-07-07T13:06:25+00:00","dateModified":"2026-01-21T10:43:26+00:00","breadcrumb":{"@id":"https:\/\/rubautarres.com\/fr\/politique-de-confidentialite\/#breadcrumb"},"inLanguage":"fr-FR","potentialAction":[{"@type":"ReadAction","target":["https:\/\/rubautarres.com\/fr\/politique-de-confidentialite\/"]}]},{"@type":"BreadcrumbList","@id":"https:\/\/rubautarres.com\/fr\/politique-de-confidentialite\/#breadcrumb","itemListElement":[{"@type":"ListItem","position":1,"name":"Portada","item":"https:\/\/rubautarres.com\/fr\/"},{"@type":"ListItem","position":2,"name":"Politique de confidentialit\u00e9"}]},{"@type":"WebSite","@id":"https:\/\/rubautarres.com\/fr\/#website","url":"https:\/\/rubautarres.com\/fr\/","name":"Rubau Tarr\u00e8s","description":"Nosaltres constru\u00efm perqu\u00e8 tu avancis","publisher":{"@id":"https:\/\/rubautarres.com\/fr\/#organization"},"potentialAction":[{"@type":"SearchAction","target":{"@type":"EntryPoint","urlTemplate":"https:\/\/rubautarres.com\/fr\/?s={search_term_string}"},"query-input":{"@type":"PropertyValueSpecification","valueRequired":true,"valueName":"search_term_string"}}],"inLanguage":"fr-FR"},{"@type":"Organization","@id":"https:\/\/rubautarres.com\/fr\/#organization","name":"Rubau Tarr\u00e8s","url":"https:\/\/rubautarres.com\/fr\/","logo":{"@type":"ImageObject","inLanguage":"fr-FR","@id":"https:\/\/rubautarres.com\/fr\/#\/schema\/logo\/image\/","url":"https:\/\/rubautarres.com\/wp-content\/uploads\/2024\/06\/logo.png","contentUrl":"https:\/\/rubautarres.com\/wp-content\/uploads\/2024\/06\/logo.png","width":780,"height":144,"caption":"Rubau Tarr\u00e8s"},"image":{"@id":"https:\/\/rubautarres.com\/fr\/#\/schema\/logo\/image\/"},"sameAs":["https:\/\/www.facebook.com\/RubauTarresSAU","https:\/\/x.com\/rubautarres"]}]}},"_links":{"self":[{"href":"https:\/\/rubautarres.com\/fr\/wp-json\/wp\/v2\/pages\/631","targetHints":{"allow":["GET"]}}],"collection":[{"href":"https:\/\/rubautarres.com\/fr\/wp-json\/wp\/v2\/pages"}],"about":[{"href":"https:\/\/rubautarres.com\/fr\/wp-json\/wp\/v2\/types\/page"}],"author":[{"embeddable":true,"href":"https:\/\/rubautarres.com\/fr\/wp-json\/wp\/v2\/users\/2"}],"replies":[{"embeddable":true,"href":"https:\/\/rubautarres.com\/fr\/wp-json\/wp\/v2\/comments?post=631"}],"version-history":[{"count":1,"href":"https:\/\/rubautarres.com\/fr\/wp-json\/wp\/v2\/pages\/631\/revisions"}],"predecessor-version":[{"id":3487,"href":"https:\/\/rubautarres.com\/fr\/wp-json\/wp\/v2\/pages\/631\/revisions\/3487"}],"wp:attachment":[{"href":"https:\/\/rubautarres.com\/fr\/wp-json\/wp\/v2\/media?parent=631"}],"curies":[{"name":"wp","href":"https:\/\/api.w.org\/{rel}","templated":true}]}}