{"id":634,"date":"2024-07-07T15:05:51","date_gmt":"2024-07-07T13:05:51","guid":{"rendered":"https:\/\/rubautarres.com\/politique-en-matiere-de-cookies\/"},"modified":"2025-02-07T08:52:41","modified_gmt":"2025-02-07T07:52:41","slug":"politique-en-matiere-de-cookies","status":"publish","type":"page","link":"https:\/\/rubautarres.com\/fr\/politique-en-matiere-de-cookies\/","title":{"rendered":"Politique en mati\u00e8re de cookies"},"content":{"rendered":"<p>[et_pb_section fb_built=\u00a0\u00bb1&Prime; _builder_version=\u00a0\u00bb4.25.2&Prime; _module_preset=\u00a0\u00bbdefault\u00a0\u00bb global_colors_info=\u00a0\u00bb{}\u00a0\u00bb][et_pb_row column_structure=\u00a0\u00bb3_4,1_4&Prime; _builder_version=\u00a0\u00bb4.25.2&Prime; _module_preset=\u00a0\u00bbdefault\u00a0\u00bb global_colors_info=\u00a0\u00bb{}\u00a0\u00bb][et_pb_column type=\u00a0\u00bb3_4&Prime; _builder_version=\u00a0\u00bb4.25.2&Prime; _module_preset=\u00a0\u00bbdefault\u00a0\u00bb global_colors_info=\u00a0\u00bb{}\u00a0\u00bb][et_pb_text _builder_version=\u00a0\u00bb4.25.2&Prime; _module_preset=\u00a0\u00bbdefault\u00a0\u00bb global_colors_info=\u00a0\u00bb{}\u00a0\u00bb]<\/p>\n<h1><strong>Politique en mati\u00e8re de cookies<\/strong><\/h1>\n<p>[\/et_pb_text][et_pb_text _builder_version=\u00a0\u00bb4.25.2&Prime; _module_preset=\u00a0\u00bbdefault\u00a0\u00bb global_colors_info=\u00a0\u00bb{}\u00a0\u00bb]<\/p>\n<h3>Ce site web utilise des cookies.<\/h3>\n<p>[\/et_pb_text][et_pb_text _builder_version=\u00a0\u00bb4.25.2&Prime; _module_preset=\u00a0\u00bbdefault\u00a0\u00bb global_colors_info=\u00a0\u00bb{}\u00a0\u00bb]<\/p>\n<p style=\"text-align: justify;\">Conform\u00e9ment \u00e0 la loi 34\/202 du 11 juillet sur les services de la soci\u00e9t\u00e9 de l&rsquo;information et le commerce \u00e9lectronique (LSSICE), nous vous informons que ce site Web utilise des cookies.<\/p>\n<p>[\/et_pb_text][et_pb_text _builder_version=\u00a0\u00bb4.25.2&Prime; _module_preset=\u00a0\u00bbdefault\u00a0\u00bb global_colors_info=\u00a0\u00bb{}\u00a0\u00bb]<\/p>\n<p style=\"text-align: justify;\">La LSSICE s&rsquo;applique \u00e0 tout type de fichier ou de dispositif qui est t\u00e9l\u00e9charg\u00e9 sur l&rsquo;\u00e9quipement terminal d&rsquo;un utilisateur dans le but de stocker des donn\u00e9es qui peuvent \u00eatre mises \u00e0 jour et r\u00e9cup\u00e9r\u00e9es par l&rsquo;entit\u00e9 responsable de leur installation. . Le cookie est l&rsquo;un de ces fichiers tr\u00e8s r\u00e9pandus, que nous appelons de mani\u00e8re g\u00e9n\u00e9rique \u00ab\u00a0t\u00e9moins de connexion\u00a0\u00bb<\/p>\n<p>[\/et_pb_text][et_pb_text _builder_version=\u00a0\u00bb4.25.2&Prime; _module_preset=\u00a0\u00bbdefault\u00a0\u00bb global_colors_info=\u00a0\u00bb{}\u00a0\u00bb]<\/p>\n<p style=\"text-align: justify;\">Les cookies sont de petits fichiers texte envoy\u00e9s \u00e0 un navigateur par un serveur web pour enregistrer l&rsquo;activit\u00e9 de l&rsquo;utilisateur sur un site web afin de pouvoir r\u00e9cup\u00e9rer ult\u00e9rieurement ces informations lors de la navigation sur les diff\u00e9rentes pages connect\u00e9es au serveur qui les a install\u00e9s.<\/p>\n<p>[\/et_pb_text][et_pb_text _builder_version=\u00a0\u00bb4.25.2&Prime; _module_preset=\u00a0\u00bbdefault\u00a0\u00bb global_colors_info=\u00a0\u00bb{}\u00a0\u00bb]<\/p>\n<p style=\"text-align: justify;\">Les cookies sont utilis\u00e9s pour stocker des informations techniques, des pr\u00e9f\u00e9rences personnelles, la personnalisation du contenu, des statistiques d&rsquo;utilisation, des liens vers des r\u00e9seaux sociaux, l&rsquo;acc\u00e8s \u00e0 des comptes d&rsquo;utilisateur, etc.<\/p>\n<p>[\/et_pb_text][et_pb_text _builder_version=\u00a0\u00bb4.25.2&Prime; _module_preset=\u00a0\u00bbdefault\u00a0\u00bb global_colors_info=\u00a0\u00bb{}\u00a0\u00bb]<\/p>\n<h3>RUBAU TARR\u00c9S S.A.U. utilise&#8230;<\/h3>\n<p>[\/et_pb_text][et_pb_text _builder_version=\u00a0\u00bb4.25.2&Prime; _module_preset=\u00a0\u00bbdefault\u00a0\u00bb global_colors_info=\u00a0\u00bb{}\u00a0\u00bb]<\/p>\n<p style=\"text-align: justify;\"><strong>Cookies techniques : ceux qui sont essentiels et strictement n\u00e9cessaires au bon fonctionnement d&rsquo;un site web et \u00e0 l&rsquo;utilisation des diff\u00e9rentes options et services qu&rsquo;il offre.<\/strong> Par exemple, ceux qui servent au maintien de la session, \u00e0 la gestion du temps de r\u00e9ponse, \u00e0 l&rsquo;ex\u00e9cution ou \u00e0 la validation des options, \u00e0 l&rsquo;utilisation des \u00e9l\u00e9ments de s\u00e9curit\u00e9, au partage des contenus avec les r\u00e9seaux sociaux, etc.<\/p>\n<p>[\/et_pb_text][et_pb_text _builder_version=\u00a0\u00bb4.25.2&Prime; _module_preset=\u00a0\u00bbdefault\u00a0\u00bb global_colors_info=\u00a0\u00bb{}\u00a0\u00bb]<\/p>\n<p style=\"text-align: justify;\"><strong>Cookies analytiques :<\/strong> Les cookies analytiques sont ceux utilis\u00e9s par notre site web pour cr\u00e9er des profils de navigation et conna\u00eetre les pr\u00e9f\u00e9rences des utilisateurs afin d&rsquo;am\u00e9liorer l&rsquo;offre de produits et de services. . Par exemple, un cookie analytique permet de conna\u00eetre les zones g\u00e9ographiques les plus int\u00e9ressantes pour un utilisateur, le produit le plus populaire, etc<\/p>\n<p>[\/et_pb_text][et_pb_text _builder_version=\u00a0\u00bb4.25.2&Prime; _module_preset=\u00a0\u00bbdefault\u00a0\u00bb global_colors_info=\u00a0\u00bb{}\u00a0\u00bb]<\/p>\n<h3 style=\"text-align: justify;\">Que se passe-t-il si je ne souhaite pas recevoir ces cookies ou si je ne fais rien ?<\/h3>\n<p>[\/et_pb_text][et_pb_text _builder_version=\u00a0\u00bb4.25.2&Prime; _module_preset=\u00a0\u00bbdefault\u00a0\u00bb global_colors_info=\u00a0\u00bb{}\u00a0\u00bb]<\/p>\n<p style=\"text-align: justify;\">Afin de respecter la l\u00e9gislation en vigueur, nous devons demander l&rsquo;autorisation de g\u00e9rer les cookies. Si vous d\u00e9cidez de ne pas autoriser le traitement en nous indiquant que vous n&rsquo;\u00eates pas d&rsquo;accord, nous n&rsquo;utiliserons que des cookies techniques, car ils sont indispensables pour naviguer sur notre site web. Dans ce cas, nous n&rsquo;utiliserons aucun cookie. Si vous continuez \u00e0 naviguer sur notre site web sans refuser la permission, cela implique que vous acceptez leur utilisation.<\/p>\n<p>[\/et_pb_text][et_pb_text _builder_version=\u00a0\u00bb4.25.2&Prime; _module_preset=\u00a0\u00bbdefault\u00a0\u00bb global_colors_info=\u00a0\u00bb{}\u00a0\u00bb]<\/p>\n<p><span><a href=\"https:\/\/support.microsoft.com\/es-es\/windows\/eliminar-y-administrar-cookies-168dab11-0753-043d-7c16-ede5947fc64d\"><strong>Param\u00e8tres des cookies d&rsquo;Internet Explorer<\/strong><\/a><\/span><br \/><span><a href=\"https:\/\/support.mozilla.org\/ca\/kb\/activa-i-desactiva-les-galetes-que-les-pagines-web\"><strong>Param\u00e8tres des cookies de Firefox<\/strong><\/a><\/span><br \/><span><a href=\"https:\/\/support.google.com\/chrome\/answer\/95647?hl=ca\"><strong>Param\u00e8tres des cookies de Google Chrome<\/strong><\/a><\/span><br \/><span><a href=\"https:\/\/support.apple.com\/es-es\/HT201265\"><strong>Param\u00e8tres des cookies de Safari<\/strong><\/a><\/span><\/p>\n<p>[\/et_pb_text][et_pb_text _builder_version=\u00a0\u00bb4.25.2&Prime; _module_preset=\u00a0\u00bbdefault\u00a0\u00bb global_colors_info=\u00a0\u00bb{}\u00a0\u00bb]<\/p>\n<p style=\"text-align: justify;\">Ces navigateurs font l&rsquo;objet de mises \u00e0 jour ou de modifications, de sorte que nous ne pouvons garantir qu&rsquo;ils seront compl\u00e8tement adapt\u00e9s \u00e0 la version de votre navigateur. Il est \u00e9galement possible que vous utilisiez un autre navigateur qui ne figure pas dans ces liens, comme Konqueror, Arora, Flock, etc. Pour \u00e9viter ces probl\u00e8mes, vous pouvez acc\u00e9der directement aux options de votre navigateur, qui se trouve g\u00e9n\u00e9ralement dans le menu Options, dans la section \u00ab\u00a0Vie priv\u00e9e\u00a0\u00bb. (Si vous le souhaitez, vous pouvez consulter l&rsquo;aide de votre navigateur pour plus d&rsquo;informations).<\/p>\n<p>[\/et_pb_text][et_pb_text _builder_version=\u00a0\u00bb4.25.2&Prime; _module_preset=\u00a0\u00bbdefault\u00a0\u00bb global_colors_info=\u00a0\u00bb{}\u00a0\u00bb]<\/p>\n<h3>Contact<\/h3>\n<p>[\/et_pb_text][et_pb_text _builder_version=\u00a0\u00bb4.25.2&Prime; _module_preset=\u00a0\u00bbdefault\u00a0\u00bb global_colors_info=\u00a0\u00bb{}\u00a0\u00bb]<\/p>\n<p style=\"text-align: justify;\">Si vous avez des questions sur l&rsquo;utilisation des cookies, veuillez \u00e9crire \u00e0 l&rsquo;adresse \u00e9lectronique suivante : <u>info@rubautarres.com.<\/u><\/p>\n<p>[\/et_pb_text][et_pb_text _builder_version=\u00a0\u00bb4.25.2&Prime; _module_preset=\u00a0\u00bbdefault\u00a0\u00bb global_colors_info=\u00a0\u00bb{}\u00a0\u00bb]<\/p>\n<h3 style=\"text-align: justify;\">Tableau reprenant les types de cookies utilis\u00e9s par le site et leur finalit\u00e9<\/h3>\n<p>[\/et_pb_text][et_pb_text _builder_version=\u00a0\u00bb4.25.2&Prime; _module_preset=\u00a0\u00bbdefault\u00a0\u00bb global_colors_info=\u00a0\u00bb{}\u00a0\u00bb]<\/p>\n<table border=\"1\" style=\"border-collapse: collapse; width: 100%; height: 280px;\">\n<tbody>\n<tr style=\"height: 24px;\">\n<td style=\"width: 50%; height: 24px;\">WooCommerce<\/td>\n<td style=\"width: 50%; height: 24px;\"><span>Fonctionnel<\/span><\/td>\n<\/tr>\n<tr style=\"height: 56px;\">\n<td style=\"width: 50%; height: 56px;\">\n<p>WordPress<\/p>\n<\/td>\n<td style=\"width: 50%; height: 56px;\"><span>Fonctionnel<\/span><\/td>\n<\/tr>\n<tr style=\"height: 24px;\">\n<td style=\"width: 50%; height: 24px;\">\n<p>Divi (Elegant Themes)<\/p>\n<\/td>\n<td style=\"width: 50%; height: 24px;\"><span>Fonctionnel<\/span><\/td>\n<\/tr>\n<tr style=\"height: 56px;\">\n<td style=\"width: 50%; height: 56px;\">\n<p>Complianz<\/p>\n<\/td>\n<td style=\"width: 50%; height: 56px;\"><span>Fonctionnel<\/span><\/td>\n<\/tr>\n<tr style=\"height: 24px;\">\n<td style=\"width: 50%; height: 24px;\">Google Analytics<\/td>\n<td style=\"width: 50%; height: 24px;\"><span>Estad\u00edstiques<\/span><\/td>\n<\/tr>\n<tr style=\"height: 24px;\">\n<td style=\"width: 50%; height: 24px;\">\n<p>WPML<\/p>\n<\/td>\n<td style=\"width: 50%; height: 24px;\"><span>Fonctionnel<\/span><\/td>\n<\/tr>\n<tr style=\"height: 24px;\">\n<td style=\"width: 50%; height: 24px;\">\n<p>Google Fonts<\/p>\n<\/td>\n<td style=\"width: 50%; height: 24px;\"><span>Marketing<\/span><\/td>\n<\/tr>\n<tr style=\"height: 24px;\">\n<td style=\"width: 50%; height: 24px;\">\n<p>Google Maps<\/p>\n<\/td>\n<td style=\"width: 50%; height: 24px;\"><span>Marketing<\/span><\/td>\n<\/tr>\n<tr style=\"height: 24px;\">\n<td style=\"width: 50%; height: 24px;\">Divers<\/td>\n<td style=\"width: 50%; height: 24px;\">\n<p>Finalit\u00e9 en cours d\u2019enqu\u00eate<\/p>\n<\/td>\n<\/tr>\n<\/tbody>\n<\/table>\n<p>&nbsp;<\/p>\n<p>[\/et_pb_text][\/et_pb_column][et_pb_column type=\u00a0\u00bb1_4&Prime; _builder_version=\u00a0\u00bb4.25.2&Prime; _module_preset=\u00a0\u00bbdefault\u00a0\u00bb global_colors_info=\u00a0\u00bb{}\u00a0\u00bb][\/et_pb_column][\/et_pb_row][\/et_pb_section]<\/p>\n","protected":false},"excerpt":{"rendered":"<p>Politique en mati\u00e8re de cookiesCe site web utilise des cookies.Conform\u00e9ment \u00e0 la loi 34\/202 du 11 juillet sur les services de la soci\u00e9t\u00e9 de l&rsquo;information et le commerce \u00e9lectronique (LSSICE), nous vous informons que ce site Web utilise des cookies.La LSSICE s&rsquo;applique \u00e0 tout type de fichier ou de dispositif qui est t\u00e9l\u00e9charg\u00e9 sur l&rsquo;\u00e9quipement terminal d&rsquo;un utilisateur dans le but de stocker des donn\u00e9es qui peuvent \u00eatre mises \u00e0 jour et r\u00e9cup\u00e9r\u00e9es par l&rsquo;entit\u00e9 responsable de leur installation. . Le cookie est l&rsquo;un de ces fichiers tr\u00e8s r\u00e9pandus, que nous appelons de mani\u00e8re g\u00e9n\u00e9rique \u00ab\u00a0t\u00e9moins de connexion\u00a0\u00bbLes cookies sont de petits fichiers texte envoy\u00e9s \u00e0 un navigateur par un serveur web pour enregistrer l&rsquo;activit\u00e9 de l&rsquo;utilisateur sur un site web afin de pouvoir r\u00e9cup\u00e9rer ult\u00e9rieurement ces informations lors de la navigation sur les diff\u00e9rentes pages connect\u00e9es au serveur qui les a install\u00e9s.Les cookies sont utilis\u00e9s pour stocker des informations techniques, des pr\u00e9f\u00e9rences personnelles, la personnalisation du contenu, des statistiques d&rsquo;utilisation, des liens vers des r\u00e9seaux sociaux, l&rsquo;acc\u00e8s \u00e0 des comptes d&rsquo;utilisateur, etc.RUBAU TARR\u00c9S S.A.U. utilise&#8230;Cookies techniques : ceux qui sont essentiels et strictement n\u00e9cessaires au bon fonctionnement d&rsquo;un site web et \u00e0 l&rsquo;utilisation des diff\u00e9rentes options et services qu&rsquo;il [&hellip;]<\/p>\n","protected":false},"author":2,"featured_media":0,"parent":0,"menu_order":0,"comment_status":"closed","ping_status":"closed","template":"","meta":{"_acf_changed":false,"_et_pb_use_builder":"on","_et_pb_old_content":"","_et_gb_content_width":"","footnotes":""},"class_list":["post-634","page","type-page","status-publish","hentry"],"acf":[],"yoast_head":"<!-- This site is optimized with the Yoast SEO plugin v27.4 - https:\/\/yoast.com\/product\/yoast-seo-wordpress\/ -->\n<title>Politique en mati\u00e8re de cookies - Rubau Tarr\u00e8s<\/title>\n<meta name=\"robots\" content=\"noindex, nofollow\" \/>\n<meta property=\"og:locale\" content=\"fr_FR\" \/>\n<meta property=\"og:type\" content=\"article\" \/>\n<meta property=\"og:title\" content=\"Politique en mati\u00e8re de cookies - Rubau Tarr\u00e8s\" \/>\n<meta property=\"og:description\" content=\"Politique en mati\u00e8re de cookiesCe site web utilise des cookies.Conform\u00e9ment \u00e0 la loi 34\/202 du 11 juillet sur les services de la soci\u00e9t\u00e9 de l&#039;information et le commerce \u00e9lectronique (LSSICE), nous vous informons que ce site Web utilise des cookies.La LSSICE s&#039;applique \u00e0 tout type de fichier ou de dispositif qui est t\u00e9l\u00e9charg\u00e9 sur l&#039;\u00e9quipement terminal d&#039;un utilisateur dans le but de stocker des donn\u00e9es qui peuvent \u00eatre mises \u00e0 jour et r\u00e9cup\u00e9r\u00e9es par l&#039;entit\u00e9 responsable de leur installation. . Le cookie est l&#039;un de ces fichiers tr\u00e8s r\u00e9pandus, que nous appelons de mani\u00e8re g\u00e9n\u00e9rique &quot;t\u00e9moins de connexion&quot;Les cookies sont de petits fichiers texte envoy\u00e9s \u00e0 un navigateur par un serveur web pour enregistrer l&#039;activit\u00e9 de l&#039;utilisateur sur un site web afin de pouvoir r\u00e9cup\u00e9rer ult\u00e9rieurement ces informations lors de la navigation sur les diff\u00e9rentes pages connect\u00e9es au serveur qui les a install\u00e9s.Les cookies sont utilis\u00e9s pour stocker des informations techniques, des pr\u00e9f\u00e9rences personnelles, la personnalisation du contenu, des statistiques d&#039;utilisation, des liens vers des r\u00e9seaux sociaux, l&#039;acc\u00e8s \u00e0 des comptes d&#039;utilisateur, etc.RUBAU TARR\u00c9S S.A.U. utilise...Cookies techniques : ceux qui sont essentiels et strictement n\u00e9cessaires au bon fonctionnement d&#039;un site web et \u00e0 l&#039;utilisation des diff\u00e9rentes options et services qu&#039;il [&hellip;]\" \/>\n<meta property=\"og:url\" content=\"https:\/\/rubautarres.com\/fr\/politique-en-matiere-de-cookies\/\" \/>\n<meta property=\"og:site_name\" content=\"Rubau Tarr\u00e8s\" \/>\n<meta property=\"article:publisher\" content=\"https:\/\/www.facebook.com\/RubauTarresSAU\" \/>\n<meta property=\"article:modified_time\" content=\"2025-02-07T07:52:41+00:00\" \/>\n<meta name=\"twitter:card\" content=\"summary_large_image\" \/>\n<meta name=\"twitter:site\" content=\"@rubautarres\" \/>\n<meta name=\"twitter:label1\" content=\"Dur\u00e9e de lecture estim\u00e9e\" \/>\n\t<meta name=\"twitter:data1\" content=\"4 minutes\" \/>\n<script type=\"application\/ld+json\" class=\"yoast-schema-graph\">{\"@context\":\"https:\\\/\\\/schema.org\",\"@graph\":[{\"@type\":\"WebPage\",\"@id\":\"https:\\\/\\\/rubautarres.com\\\/fr\\\/politique-en-matiere-de-cookies\\\/\",\"url\":\"https:\\\/\\\/rubautarres.com\\\/fr\\\/politique-en-matiere-de-cookies\\\/\",\"name\":\"Politique en mati\u00e8re de cookies - Rubau Tarr\u00e8s\",\"isPartOf\":{\"@id\":\"https:\\\/\\\/rubautarres.com\\\/fr\\\/#website\"},\"datePublished\":\"2024-07-07T13:05:51+00:00\",\"dateModified\":\"2025-02-07T07:52:41+00:00\",\"breadcrumb\":{\"@id\":\"https:\\\/\\\/rubautarres.com\\\/fr\\\/politique-en-matiere-de-cookies\\\/#breadcrumb\"},\"inLanguage\":\"fr-FR\",\"potentialAction\":[{\"@type\":\"ReadAction\",\"target\":[\"https:\\\/\\\/rubautarres.com\\\/fr\\\/politique-en-matiere-de-cookies\\\/\"]}]},{\"@type\":\"BreadcrumbList\",\"@id\":\"https:\\\/\\\/rubautarres.com\\\/fr\\\/politique-en-matiere-de-cookies\\\/#breadcrumb\",\"itemListElement\":[{\"@type\":\"ListItem\",\"position\":1,\"name\":\"Portada\",\"item\":\"https:\\\/\\\/rubautarres.com\\\/fr\\\/\"},{\"@type\":\"ListItem\",\"position\":2,\"name\":\"Politique en mati\u00e8re de cookies\"}]},{\"@type\":\"WebSite\",\"@id\":\"https:\\\/\\\/rubautarres.com\\\/fr\\\/#website\",\"url\":\"https:\\\/\\\/rubautarres.com\\\/fr\\\/\",\"name\":\"Rubau Tarr\u00e8s\",\"description\":\"Nosaltres constru\u00efm perqu\u00e8 tu avancis\",\"publisher\":{\"@id\":\"https:\\\/\\\/rubautarres.com\\\/fr\\\/#organization\"},\"potentialAction\":[{\"@type\":\"SearchAction\",\"target\":{\"@type\":\"EntryPoint\",\"urlTemplate\":\"https:\\\/\\\/rubautarres.com\\\/fr\\\/?s={search_term_string}\"},\"query-input\":{\"@type\":\"PropertyValueSpecification\",\"valueRequired\":true,\"valueName\":\"search_term_string\"}}],\"inLanguage\":\"fr-FR\"},{\"@type\":\"Organization\",\"@id\":\"https:\\\/\\\/rubautarres.com\\\/fr\\\/#organization\",\"name\":\"Rubau Tarr\u00e8s\",\"url\":\"https:\\\/\\\/rubautarres.com\\\/fr\\\/\",\"logo\":{\"@type\":\"ImageObject\",\"inLanguage\":\"fr-FR\",\"@id\":\"https:\\\/\\\/rubautarres.com\\\/fr\\\/#\\\/schema\\\/logo\\\/image\\\/\",\"url\":\"https:\\\/\\\/rubautarres.com\\\/wp-content\\\/uploads\\\/2024\\\/06\\\/logo.png\",\"contentUrl\":\"https:\\\/\\\/rubautarres.com\\\/wp-content\\\/uploads\\\/2024\\\/06\\\/logo.png\",\"width\":780,\"height\":144,\"caption\":\"Rubau Tarr\u00e8s\"},\"image\":{\"@id\":\"https:\\\/\\\/rubautarres.com\\\/fr\\\/#\\\/schema\\\/logo\\\/image\\\/\"},\"sameAs\":[\"https:\\\/\\\/www.facebook.com\\\/RubauTarresSAU\",\"https:\\\/\\\/x.com\\\/rubautarres\"]}]}<\/script>\n<!-- \/ Yoast SEO plugin. -->","yoast_head_json":{"title":"Politique en mati\u00e8re de cookies - Rubau Tarr\u00e8s","robots":{"index":"noindex","follow":"nofollow"},"og_locale":"fr_FR","og_type":"article","og_title":"Politique en mati\u00e8re de cookies - Rubau Tarr\u00e8s","og_description":"Politique en mati\u00e8re de cookiesCe site web utilise des cookies.Conform\u00e9ment \u00e0 la loi 34\/202 du 11 juillet sur les services de la soci\u00e9t\u00e9 de l'information et le commerce \u00e9lectronique (LSSICE), nous vous informons que ce site Web utilise des cookies.La LSSICE s'applique \u00e0 tout type de fichier ou de dispositif qui est t\u00e9l\u00e9charg\u00e9 sur l'\u00e9quipement terminal d'un utilisateur dans le but de stocker des donn\u00e9es qui peuvent \u00eatre mises \u00e0 jour et r\u00e9cup\u00e9r\u00e9es par l'entit\u00e9 responsable de leur installation. . Le cookie est l'un de ces fichiers tr\u00e8s r\u00e9pandus, que nous appelons de mani\u00e8re g\u00e9n\u00e9rique \"t\u00e9moins de connexion\"Les cookies sont de petits fichiers texte envoy\u00e9s \u00e0 un navigateur par un serveur web pour enregistrer l'activit\u00e9 de l'utilisateur sur un site web afin de pouvoir r\u00e9cup\u00e9rer ult\u00e9rieurement ces informations lors de la navigation sur les diff\u00e9rentes pages connect\u00e9es au serveur qui les a install\u00e9s.Les cookies sont utilis\u00e9s pour stocker des informations techniques, des pr\u00e9f\u00e9rences personnelles, la personnalisation du contenu, des statistiques d'utilisation, des liens vers des r\u00e9seaux sociaux, l'acc\u00e8s \u00e0 des comptes d'utilisateur, etc.RUBAU TARR\u00c9S S.A.U. utilise...Cookies techniques : ceux qui sont essentiels et strictement n\u00e9cessaires au bon fonctionnement d'un site web et \u00e0 l'utilisation des diff\u00e9rentes options et services qu'il [&hellip;]","og_url":"https:\/\/rubautarres.com\/fr\/politique-en-matiere-de-cookies\/","og_site_name":"Rubau Tarr\u00e8s","article_publisher":"https:\/\/www.facebook.com\/RubauTarresSAU","article_modified_time":"2025-02-07T07:52:41+00:00","twitter_card":"summary_large_image","twitter_site":"@rubautarres","twitter_misc":{"Dur\u00e9e de lecture estim\u00e9e":"4 minutes"},"schema":{"@context":"https:\/\/schema.org","@graph":[{"@type":"WebPage","@id":"https:\/\/rubautarres.com\/fr\/politique-en-matiere-de-cookies\/","url":"https:\/\/rubautarres.com\/fr\/politique-en-matiere-de-cookies\/","name":"Politique en mati\u00e8re de cookies - Rubau Tarr\u00e8s","isPartOf":{"@id":"https:\/\/rubautarres.com\/fr\/#website"},"datePublished":"2024-07-07T13:05:51+00:00","dateModified":"2025-02-07T07:52:41+00:00","breadcrumb":{"@id":"https:\/\/rubautarres.com\/fr\/politique-en-matiere-de-cookies\/#breadcrumb"},"inLanguage":"fr-FR","potentialAction":[{"@type":"ReadAction","target":["https:\/\/rubautarres.com\/fr\/politique-en-matiere-de-cookies\/"]}]},{"@type":"BreadcrumbList","@id":"https:\/\/rubautarres.com\/fr\/politique-en-matiere-de-cookies\/#breadcrumb","itemListElement":[{"@type":"ListItem","position":1,"name":"Portada","item":"https:\/\/rubautarres.com\/fr\/"},{"@type":"ListItem","position":2,"name":"Politique en mati\u00e8re de cookies"}]},{"@type":"WebSite","@id":"https:\/\/rubautarres.com\/fr\/#website","url":"https:\/\/rubautarres.com\/fr\/","name":"Rubau Tarr\u00e8s","description":"Nosaltres constru\u00efm perqu\u00e8 tu avancis","publisher":{"@id":"https:\/\/rubautarres.com\/fr\/#organization"},"potentialAction":[{"@type":"SearchAction","target":{"@type":"EntryPoint","urlTemplate":"https:\/\/rubautarres.com\/fr\/?s={search_term_string}"},"query-input":{"@type":"PropertyValueSpecification","valueRequired":true,"valueName":"search_term_string"}}],"inLanguage":"fr-FR"},{"@type":"Organization","@id":"https:\/\/rubautarres.com\/fr\/#organization","name":"Rubau Tarr\u00e8s","url":"https:\/\/rubautarres.com\/fr\/","logo":{"@type":"ImageObject","inLanguage":"fr-FR","@id":"https:\/\/rubautarres.com\/fr\/#\/schema\/logo\/image\/","url":"https:\/\/rubautarres.com\/wp-content\/uploads\/2024\/06\/logo.png","contentUrl":"https:\/\/rubautarres.com\/wp-content\/uploads\/2024\/06\/logo.png","width":780,"height":144,"caption":"Rubau Tarr\u00e8s"},"image":{"@id":"https:\/\/rubautarres.com\/fr\/#\/schema\/logo\/image\/"},"sameAs":["https:\/\/www.facebook.com\/RubauTarresSAU","https:\/\/x.com\/rubautarres"]}]}},"_links":{"self":[{"href":"https:\/\/rubautarres.com\/fr\/wp-json\/wp\/v2\/pages\/634","targetHints":{"allow":["GET"]}}],"collection":[{"href":"https:\/\/rubautarres.com\/fr\/wp-json\/wp\/v2\/pages"}],"about":[{"href":"https:\/\/rubautarres.com\/fr\/wp-json\/wp\/v2\/types\/page"}],"author":[{"embeddable":true,"href":"https:\/\/rubautarres.com\/fr\/wp-json\/wp\/v2\/users\/2"}],"replies":[{"embeddable":true,"href":"https:\/\/rubautarres.com\/fr\/wp-json\/wp\/v2\/comments?post=634"}],"version-history":[{"count":1,"href":"https:\/\/rubautarres.com\/fr\/wp-json\/wp\/v2\/pages\/634\/revisions"}],"predecessor-version":[{"id":3491,"href":"https:\/\/rubautarres.com\/fr\/wp-json\/wp\/v2\/pages\/634\/revisions\/3491"}],"wp:attachment":[{"href":"https:\/\/rubautarres.com\/fr\/wp-json\/wp\/v2\/media?parent=634"}],"curies":[{"name":"wp","href":"https:\/\/api.w.org\/{rel}","templated":true}]}}